{"id":6650,"date":"2026-03-05T08:29:42","date_gmt":"2026-03-05T00:29:42","guid":{"rendered":"https:\/\/en.siasun.com\/?page_id=6650"},"modified":"2026-03-09T08:38:06","modified_gmt":"2026-03-09T00:38:06","slug":"intelligent-transportation-equipment","status":"publish","type":"page","link":"https:\/\/en.siasun.com\/es\/equipo-de-transporte-inteligente.html","title":{"rendered":"Equipos de transporte inteligentes"},"content":{"rendered":"<section class=\"wp-block-themepark-block-themepark-area block_layout thempark-block undefined bom100 top100\" id=\"\" style=\"padding-top:120px;height:350px;box-sizing: border-box;width: 100%;\" data-swiper-parallax=\"-700\"><div class=\"block_layout_in\" style=\"\">\n<div class=\"wp-block-column block_layout_in is-layout-flow wp-block-column-is-layout-flow\">\n<h2 class=\"wp-block-heading has-text-align-center fonts1 has-monte-white-color has-text-color has-large-font-size\" style=\"letter-spacing:5px\"><span style=\"color: rgb(209, 213, 219); font-family: S\u00f6hne, ui-sans-serif, system-ui, -apple-system, &quot;Segoe UI&quot;, Roboto, Ubuntu, Cantarell, &quot;Noto Sans&quot;, sans-serif, &quot;Helvetica Neue&quot;, Arial, &quot;Apple Color Emoji&quot;, &quot;Segoe UI Emoji&quot;, &quot;Segoe UI Symbol&quot;, &quot;Noto Color Emoji&quot;; font-size: 16px; font-style: normal; font-variant-ligatures: normal; font-variant-caps: normal; font-weight: 400; letter-spacing: normal; orphans: 2; text-align: left; text-indent: 0px; text-transform: none; widows: 2; word-spacing: 0px; -webkit-text-stroke-width: 0px; white-space: pre-wrap; background-color: rgb(68, 70, 84); text-decoration-thickness: initial; text-decoration-style: initial; text-decoration-color: initial; display: inline !important; float: none;\"><\/span>Centro de productos<\/h2>\n\n\n\n<p class=\"has-text-align-center has-monte-white-color has-text-color has-normal-font-size\" style=\"text-transform:none\"><\/p>\n<\/div>\n<\/div><div class=\"layout_badh\"><div class=\"shizhezhao\" style=\"opacity:0.3;background-color:#000000;\"><\/div><div class=\"PcOnly themepark-block_layout_ba lazyload swiper-lazy\" style=\"background-repeat:no-repeat;background-size:cover;\" data-background=\"https:\/\/en.siasun.com\/wp-content\/uploads\/2026\/03\/111.jpg\"><\/div><div class=\"MovePnly themepark-block_layout_ba lazyload swiper-move-lazy\" style=\"background-repeat:no-repeat;background-size:cover;\" data-background=\"https:\/\/en.siasun.com\/wp-content\/uploads\/2026\/03\/222.jpg\"><\/div><\/div><\/section>\n\n\n\n<section class=\"wp-block-themepark-block-themepark-area block_layout thempark-block undefined  fonts2\" id=\"\" style=\"background-color:#ffffff;padding-top:8px;\" data-swiper-parallax=\"-700\"><div class=\"block_layout_in\" style=\"\">\n<div class=\"wp-block-column block_layout_in is-layout-flow wp-block-column-is-layout-flow\">\n<div class=\"wp-block-themepark-block-themepark-wright content-super-p\" style=\"font-size:16px;line-height:32px;padding:10px 8px;\">\n<div class=\"wp-block-column is-layout-flow wp-block-column-is-layout-flow\">\n<div class=\"wp-block-themepark-block-themepark-xian theme_fang_out  top10\" style=\"text-align:left;padding-top:33px;padding-bottom:24px;\"><div class=\"fangbox\" style=\"width:48px;height:6px;background-color:#597aab;\"><\/div><\/div>\n\n\n\n<h2 class=\"wp-block-heading fonts1 has-text-color has-link-color has-large-font-size wp-elements-f4581c1fa3e97fc00cb6a6e60736c0ef\" style=\"color:#363636;font-style:normal;font-weight:800;letter-spacing:0px;text-transform:capitalize\"><strong>Equipos de transporte inteligentes<\/strong><\/h2>\n\n\n\n<p><\/p>\n\n\n\n<p>Centrada en la tecnolog\u00eda de cobro autom\u00e1tico de billetes para el transporte ferroviario urbano y la tecnolog\u00eda de supervisi\u00f3n integrada, SIASUN ofrece soluciones de sistemas de cobro autom\u00e1tico de billetes de metro, software de sistemas y equipos de terminales, as\u00ed como soluciones de sistemas de supervisi\u00f3n integrada de metro e integraci\u00f3n de sistemas.<\/p>\n\n\n\n<p>Aprovechando la tecnolog\u00eda de Internet m\u00f3vil y el Internet de las Cosas (IoT), SIASUN ofrece diversas soluciones para ciudades inteligentes, como sistemas urbanos de autobuses inteligentes, sistemas de terminales de pago a bordo, sistemas urbanos de tarjetas todo en uno, sistemas de tarjetas todo en uno para campus y empresas, y aplicaciones de apps m\u00f3viles.<\/p>\n\n\n\n<p>Centrada en la tecnolog\u00eda de conducci\u00f3n aut\u00f3noma y rob\u00f3tica, SIASUN ofrece soluciones para la direcci\u00f3n de veh\u00edculos, sistemas de frenado, pruebas de durabilidad y pruebas de funcionalidad de sistemas avanzados de asistencia al conductor (ADAS), dotando a los veh\u00edculos de capacidades de conducci\u00f3n aut\u00f3noma.<\/p>\n\n\n\n<section class=\"wp-block-themepark-block-themepark-area block_layout thempark-block undefined\" id=\"\" style=\"padding-bottom:20px;padding-top:21px;\" data-swiper-parallax=\"-700\"><div class=\"block_layout_in\" style=\"\">\n<div class=\"wp-block-column block_layout_in is-layout-flow wp-block-column-is-layout-flow\"><\/div>\n<\/div><div class=\"layout_badh\"><\/div><\/section>\n\n\n\n<p class=\"has-large-font-size\"><\/p>\n\n\n<div class=\"product_loop  zhong   mian_loop\" id=\"pro_list_4\"><div class=\"product_post   h_w\" ><a href=\"https:\/\/en.siasun.com\/es\/automated-gate-machine.html\" class=\"product_pic postatty\" style=\"max-height:230px;\"\"><img loading=\"lazy\" decoding=\"async\" class=\"lazyload\" src=\"https:\/\/en.siasun.com\/wp-content\/themes\/smartenterprise\/images\/loadings.png\" data-src=\"https:\/\/en.siasun.com\/wp-content\/uploads\/2026\/01\/\u81ea\u52a8\u68c0\u7968\u673a1.jpg\" width=\"300\" height=\"150\" alt=\"M\u00e1quina automatizada de portones\" title=\"M\u00e1quina automatizada de portones\"\/><\/a><div class=\"product_info\"><h3 class=\"pro_title\"><a href=\"https:\/\/en.siasun.com\/es\/automated-gate-machine.html\">M\u00e1quina automatizada de portones<\/a><\/h3><\/div><\/div><div class=\"product_post   h_w\" ><a href=\"https:\/\/en.siasun.com\/es\/ticket-vending-machine.html\" class=\"product_pic postatty\" style=\"max-height:230px;\"\"><img loading=\"lazy\" decoding=\"async\" class=\"lazyload\" src=\"https:\/\/en.siasun.com\/wp-content\/themes\/smartenterprise\/images\/loadings.png\" data-src=\"https:\/\/en.siasun.com\/wp-content\/uploads\/2026\/01\/\u81ea\u52a8\u552e\u7968\u673a1.jpg\" width=\"300\" height=\"150\" alt=\"M\u00e1quina expendedora de billetes\" title=\"M\u00e1quina expendedora de billetes\"\/><\/a><div class=\"product_info\"><h3 class=\"pro_title\"><a href=\"https:\/\/en.siasun.com\/es\/ticket-vending-machine.html\">M\u00e1quina expendedora de billetes<\/a><\/h3><\/div><\/div><div class=\"product_post   h_w\" ><a href=\"https:\/\/en.siasun.com\/es\/internet-ticket-vending-machine.html\" class=\"product_pic postatty\" style=\"max-height:230px;\"\"><img loading=\"lazy\" decoding=\"async\" class=\"lazyload\" src=\"https:\/\/en.siasun.com\/wp-content\/themes\/smartenterprise\/images\/loadings.png\" data-src=\"https:\/\/en.siasun.com\/wp-content\/uploads\/2026\/01\/\u4e92\u8054\u7f51\u552e\u7968\u673a-1.jpg\" width=\"300\" height=\"150\" alt=\"M\u00e1quina expendedora de billetes por Internet\" title=\"M\u00e1quina expendedora de billetes por Internet\"\/><\/a><div class=\"product_info\"><h3 class=\"pro_title\"><a href=\"https:\/\/en.siasun.com\/es\/internet-ticket-vending-machine.html\">M\u00e1quina expendedora de billetes por Internet<\/a><\/h3><\/div><\/div><div class=\"product_post   h_w\" ><a href=\"https:\/\/en.siasun.com\/es\/intelligent-customer-service-center.html\" class=\"product_pic postatty\" style=\"max-height:230px;\"\"><img loading=\"lazy\" decoding=\"async\" class=\"lazyload\" src=\"https:\/\/en.siasun.com\/wp-content\/themes\/smartenterprise\/images\/loadings.png\" data-src=\"https:\/\/en.siasun.com\/wp-content\/uploads\/2026\/01\/\u5ba2\u670d\u4e2d\u5fc3.jpg\" width=\"300\" height=\"150\" alt=\"Centro inteligente de atenci\u00f3n al cliente\" title=\"Centro inteligente de atenci\u00f3n al cliente\"\/><\/a><div class=\"product_info\"><h3 class=\"pro_title\"><a href=\"https:\/\/en.siasun.com\/es\/intelligent-customer-service-center.html\">Centro inteligente de atenci\u00f3n al cliente<\/a><\/h3><\/div><\/div><\/div>\n\n\n<p class=\"has-large-font-size\"><\/p>\n\n\n\n<p class=\"has-large-font-size\"><\/p>\n<\/div>\n<\/div>\n<\/div>\n<\/div><div class=\"layout_badh\"><\/div><\/section>","protected":false},"excerpt":{"rendered":"","protected":false},"author":1,"featured_media":0,"parent":0,"menu_order":0,"comment_status":"open","ping_status":"closed","template":"","meta":{"_seopress_robots_primary_cat":"","_seopress_titles_title":"","_seopress_titles_desc":"","_seopress_robots_index":"","themepark_post_bcolor":"#f5f5f5","themepark_post_width":"100% dong","themepark_post_img":"","themepark_post_img_po":"left","themepark_post_img_re":false,"themepark_post_img_cover":false,"themepark_post_img_fixed":false,"themepark_post_hide_title":true,"themepark_post_main_b":"","themepark_post_main_p":100,"themepark_paddingblock":true,"footnotes":""},"class_list":["post-6650","page","type-page","status-publish","hentry"],"_links":{"self":[{"href":"https:\/\/en.siasun.com\/es\/wp-json\/wp\/v2\/pages\/6650"}],"collection":[{"href":"https:\/\/en.siasun.com\/es\/wp-json\/wp\/v2\/pages"}],"about":[{"href":"https:\/\/en.siasun.com\/es\/wp-json\/wp\/v2\/types\/page"}],"author":[{"embeddable":true,"href":"https:\/\/en.siasun.com\/es\/wp-json\/wp\/v2\/users\/1"}],"replies":[{"embeddable":true,"href":"https:\/\/en.siasun.com\/es\/wp-json\/wp\/v2\/comments?post=6650"}],"version-history":[{"count":11,"href":"https:\/\/en.siasun.com\/es\/wp-json\/wp\/v2\/pages\/6650\/revisions"}],"predecessor-version":[{"id":6666,"href":"https:\/\/en.siasun.com\/es\/wp-json\/wp\/v2\/pages\/6650\/revisions\/6666"}],"wp:attachment":[{"href":"https:\/\/en.siasun.com\/es\/wp-json\/wp\/v2\/media?parent=6650"}],"curies":[{"name":"wp","href":"https:\/\/api.w.org\/{rel}","templated":true}]}}