{"id":4515,"date":"2024-05-27T10:16:32","date_gmt":"2024-05-27T02:16:32","guid":{"rendered":"http:\/\/en.siasun.com\/?page_id=4515"},"modified":"2026-01-27T08:42:08","modified_gmt":"2026-01-27T00:42:08","slug":"other-industries","status":"publish","type":"page","link":"https:\/\/en.siasun.com\/es\/otros-sectores.html","title":{"rendered":"Otras industrias"},"content":{"rendered":"<section class=\"wp-block-themepark-block-themepark-area block_layout thempark-block undefined bom100 top100\" id=\"\" style=\"padding-top:120px;height:350px;box-sizing: border-box;width: 100%;\" data-swiper-parallax=\"-700\"><div class=\"block_layout_in\" style=\"\">\n<div class=\"wp-block-column block_layout_in is-layout-flow wp-block-column-is-layout-flow\">\n<h2 class=\"wp-block-heading has-text-align-center fonts1 has-monte-white-color has-text-color has-large-font-size\" style=\"letter-spacing:5px\"><strong><strong><strong>Otras industrias<\/strong><\/strong><\/strong><\/h2>\n\n\n\n<p class=\"has-text-align-center has-monte-white-color has-text-color has-normal-font-size\" style=\"text-transform:uppercase\"><\/p>\n<\/div>\n<\/div><div class=\"layout_badh\"><div class=\"shizhezhao\" style=\"opacity:0.3;background-color:#000000;\"><\/div><div class=\"PcOnly themepark-block_layout_ba lazyload swiper-lazy\" style=\"background-repeat:no-repeat;background-size:cover;background-position:center;\" data-background=\"http:\/\/en.siasun.com\/wp-content\/uploads\/2024\/03\/newsource.jpg\"><\/div><div class=\"MovePnly themepark-block_layout_ba lazyload swiper-move-lazy\" style=\"background-repeat:no-repeat;background-size:cover;background-position:center;\" data-background=\"http:\/\/en.siasun.com\/wp-content\/uploads\/2024\/05\/0.png\"><\/div><\/div><\/section>\n\n\n\n<div class=\"wp-block-themepark-block-btn themepark-i-btn-out fixded  shadow PcOnly fonts1\" style=\"text-align:;\"><div class=\"themepark-i-btn-out_ins\" style=\"background-color:#252525;\"><div class=\"themepark-i-btn-out_in\"><div class=\"themepark-i-btn\" style=\"color:#ffffff;font-size:16px;padding:18px 22px;\"><a href=\"https:\/\/en.siasun.com\/es\/industria-del-automovil.html\/\" rel=\"noopener noreferrer \">Industria del autom\u00f3vil<\/a><a class=\"hovers\" data-title=\"Automotive Industry\" style=\"color:#ffffff;background-color:#0084ff;padding:18px 22px;\" href=\"https:\/\/en.siasun.com\/es\/industria-del-automovil.html\/\" rel=\"noopener noreferrer\" target=\"_self\"><\/a><\/div><div class=\"themepark-i-btn\" style=\"color:#ffffff;font-size:16px;padding:18px 22px;\"><a href=\"https:\/\/en.siasun.com\/es\/nueva-energia.html\/\" rel=\"noopener noreferrer\" target=\"_self\">Nueva energ\u00eda<\/a><a class=\"hovers\" data-title=\"New Energy\" style=\"color:#ffffff;background-color:#0084ff;padding:18px 22px;\" href=\"https:\/\/en.siasun.com\/es\/nueva-energia.html\/\" rel=\"noopener noreferrer\" target=\"_self\"><\/a><\/div><div class=\"themepark-i-btn\" style=\"color:#ffffff;font-size:16px;padding:18px 22px;\"><a href=\"https:\/\/en.siasun.com\/es\/3c-electronica.html\/\" rel=\"noopener noreferrer\" target=\"_self\">3C Electr\u00f3nica<\/a><a class=\"hovers\" data-title=\"3C Electronics\" style=\"color:#ffffff;background-color:#0084ff;padding:18px 22px;\" href=\"https:\/\/en.siasun.com\/es\/3c-electronica.html\/\" rel=\"noopener noreferrer\" target=\"_self\"><\/a><\/div><div class=\"themepark-i-btn\" style=\"color:#ffffff;font-size:16px;padding:18px 22px;\"><a href=\"https:\/\/en.siasun.com\/es\/maquinaria-de-ingenieria.html\/\" rel=\"noopener noreferrer\" target=\"_self\">Maquinaria de ingenier\u00eda<\/a><a class=\"hovers\" data-title=\"Engineering Machinery\" style=\"color:#ffffff;background-color:#0084ff;padding:18px 22px;\" href=\"https:\/\/en.siasun.com\/es\/maquinaria-de-ingenieria.html\/\" rel=\"noopener noreferrer\" target=\"_self\"><\/a><\/div><div class=\"themepark-i-btn\" style=\"color:#ffffff;font-size:16px;padding:18px 22px;\"><a href=\"https:\/\/en.siasun.com\/es\/estructura-de-acero-para-barcos.html\/\" rel=\"noopener noreferrer\" target=\"_self\">Transformaci\u00f3n de metales<\/a><a class=\"hovers\" data-title=\"Metal processing\" style=\"color:#ffffff;background-color:#0084ff;padding:18px 22px;\" href=\"https:\/\/en.siasun.com\/es\/estructura-de-acero-para-barcos.html\/\" rel=\"noopener noreferrer\" target=\"_self\"><\/a><\/div><div class=\"themepark-i-btn\" style=\"color:#ffffff;font-size:16px;padding:18px 22px;\"><a href=\"https:\/\/en.siasun.com\/es\/otros-sectores.html\/\" rel=\"noopener noreferrer\" target=\"_self\">Otros<\/a><a class=\"hovers\" data-title=\"Others\" style=\"color:#ffffff;background-color:#0084ff;padding:18px 22px;\" href=\"https:\/\/en.siasun.com\/es\/otros-sectores.html\/\" rel=\"noopener noreferrer\" target=\"_self\"><\/a><\/div><\/div><\/div><\/div>\n\n\n\n<section class=\"wp-block-themepark-block-themepark-area block_layout thempark-block undefined\" id=\"\" style=\"background-color:#ffffff;padding-bottom:30px;padding-top:50px;\" data-swiper-parallax=\"-700\"><div class=\"block_layout_in\" style=\"\">\n<div class=\"wp-block-column block_layout_in is-layout-flow wp-block-column-is-layout-flow\">\n<div class=\"wp-block-columns is-layout-flex wp-container-core-columns-is-layout-1 wp-block-columns-is-layout-flex\">\n<div class=\"wp-block-column is-layout-flow wp-block-column-is-layout-flow\" style=\"flex-basis:750px\">\n<div class=\"wp-block-themepark-block-themepark-wright content-super-p\" style=\"font-size:16px;line-height:32px;padding:10px 8px;\">\n<div class=\"wp-block-column is-layout-flow wp-block-column-is-layout-flow\">\n<div class=\"wp-block-themepark-block-themepark-xian theme_fang_out  top10\" style=\"text-align:left;padding-top:33px;padding-bottom:25px;\"><div class=\"fangbox\" style=\"width:48px;height:6px;background-color:#597aab;\"><\/div><\/div>\n\n\n\n<h2 class=\"wp-block-heading fonts1 has-text-color has-link-color has-large-font-size wp-elements-1e790511ff6264470a2c78e8ad27c004\" style=\"color:#363636;font-style:normal;font-weight:800;text-transform:capitalize\">Otras industrias<\/h2>\n\n\n\n<p><\/p>\n\n\n\n<p><\/p>\n\n\n\n<div class=\"wp-block-themepark-block-themepark-wright content-super-p\" style=\"font-size:16px;line-height:24px;color:#4d4d4d;padding:10px 10px;\">\n<div class=\"wp-block-column is-layout-flow wp-block-column-is-layout-flow\">\n<p>Bas\u00e1ndose en tecnolog\u00edas rob\u00f3ticas e inteligentes l\u00edderes en la industria, SIASUN colabora con socios estrat\u00e9gicos, incubando continuamente empresas estrat\u00e9gicamente prometedoras con amplias perspectivas de desarrollo.<\/p>\n<\/div>\n<\/div>\n<\/div>\n<\/div>\n<\/div>\n\n\n\n<div class=\"wp-block-column is-layout-flow wp-block-column-is-layout-flow\">\n<div class=\"wp-block-themepark-block-themepark-wright content-super-p\" style=\"font-size:16px;line-height:24px;color:#4d4d4d;padding:10px 10px;\">\n<div class=\"wp-block-column is-layout-flow wp-block-column-is-layout-flow\">\n<p><\/p>\n\n\n\n<p><\/p>\n\n\n\n<p><\/p>\n\n\n\n<p><\/p>\n\n\n\n<p><\/p>\n\n\n\n<p><\/p>\n\n\n\n<p><\/p>\n\n\n\n<p><\/p>\n\n\n\n<p><\/p>\n\n\n\n<div class=\"wp-block-themepark-block-btn themepark-i-btn-out fonts2 zixun\" style=\"text-align:;\"><div class=\"themepark-i-btn-out_ins\" style=\"\"><div class=\"themepark-i-btn-out_in\"><div class=\"themepark-i-btn\" style=\"background-color:#0084ff;color:#ffffff;font-size:16px;border:solid 1px #0084ff;border-radius:20px;padding:8px 35px;\"><span>\u00bfQuiere saber m\u00e1s?<\/span><a class=\"hovers\" data-title=\"Do you want to learn more\uff1f\" style=\"color:#ffffff;background-color:#0084ff;padding:8px 35px;border-radius:20px;\" rel=\"noopener noreferrer\" target=\"_self\"><\/a><\/div><\/div><\/div><\/div>\n<\/div>\n<\/div>\n<\/div>\n<\/div>\n<\/div>\n<\/div><div class=\"layout_badh\"><\/div><\/section>\n\n\n\n<section class=\"wp-block-themepark-block-themepark-area block_layout thempark-block undefined\" id=\"\" style=\"background-color:#ffffff;\" data-swiper-parallax=\"-700\"><div class=\"block_layout_in\" style=\"\">\n<div class=\"wp-block-column block_layout_in is-layout-flow wp-block-column-is-layout-flow\" id=\"homemd1\">\n<div class=\"wp-block-themepark-block-themepark-wright content-super-p\" style=\"font-size:12px;line-height:32px;background-color:#ffffff;padding:10px 0px;\">\n<div class=\"wp-block-column is-layout-flow wp-block-column-is-layout-flow\">\n<div class=\"wp-block-themepark-block-themepark-xian theme_fang_out  top10\" style=\"text-align:center;padding-top:33px;padding-bottom:24px;\"><div class=\"fangbox\" style=\"width:48px;height:6px;background-color:#597aab;\"><\/div><\/div>\n\n\n\n<h2 class=\"wp-block-heading has-text-align-center fonts1 has-large-font-size\" style=\"font-style:normal;font-weight:800\"><strong>Casos de la industria<\/strong><\/h2>\n\n\n\n<p><\/p>\n\n\n<div class=\"product_loop  zhong   mian_loop\" id=\"pro_list_3\"><div class=\"product_post   h_w\" ><a href=\"https:\/\/en.siasun.com\/es\/gantry-robot-for-axle-processing-automation-line.html\" class=\"product_pic postatty\" style=\"max-height:280px;\"\"><img loading=\"lazy\" decoding=\"async\" class=\"lazyload\" src=\"https:\/\/en.siasun.com\/wp-content\/themes\/smartenterprise\/images\/loadings.png\" data-src=\"https:\/\/en.siasun.com\/wp-content\/uploads\/2026\/01\/1-7.jpg\" width=\"1000\" height=\"600\" alt=\"Robot de p\u00f3rtico para l\u00ednea de automatizaci\u00f3n de procesamiento de ejes\" title=\"Robot de p\u00f3rtico para l\u00ednea de automatizaci\u00f3n de procesamiento de ejes\"\/><\/a><div class=\"product_info\"><h3 class=\"pro_title\"><a href=\"https:\/\/en.siasun.com\/es\/gantry-robot-for-axle-processing-automation-line.html\">Robot de p\u00f3rtico para l\u00ednea de automatizaci\u00f3n de procesamiento de ejes<\/a><\/h3><\/div><\/div><div class=\"product_post   h_w\" ><a href=\"https:\/\/en.siasun.com\/es\/rackless-gantry-robot-cold-storage-system-for-fresh-food.html\" class=\"product_pic postatty\" style=\"max-height:280px;\"\"><img loading=\"lazy\" decoding=\"async\" class=\"lazyload\" src=\"https:\/\/en.siasun.com\/wp-content\/themes\/smartenterprise\/images\/loadings.png\" data-src=\"https:\/\/en.siasun.com\/wp-content\/uploads\/2026\/01\/1-6.jpg\" width=\"1000\" height=\"600\" alt=\"Sistema de almacenamiento en fr\u00edo robotizado ...\" title=\"Sistema de almacenamiento en fr\u00edo robotizado ...\"\/><\/a><div class=\"product_info\"><h3 class=\"pro_title\"><a href=\"https:\/\/en.siasun.com\/es\/rackless-gantry-robot-cold-storage-system-for-fresh-food.html\">Sistema de almacenamiento frigor\u00edfico robotizado sin bastidor para alimentos frescos<\/a><\/h3><\/div><\/div><div class=\"product_post   h_w\" ><a href=\"https:\/\/en.siasun.com\/es\/explosion-proof-gantry-robot-for-palletizing-line.html\" class=\"product_pic postatty\" style=\"max-height:280px;\"\"><img loading=\"lazy\" decoding=\"async\" class=\"lazyload\" src=\"https:\/\/en.siasun.com\/wp-content\/themes\/smartenterprise\/images\/loadings.png\" data-src=\"https:\/\/en.siasun.com\/wp-content\/uploads\/2026\/01\/2-1.jpg\" width=\"1000\" height=\"600\" alt=\"Robot de p\u00f3rtico a prueba de explosiones para l\u00ednea de paletizado\" title=\"Robot de p\u00f3rtico a prueba de explosiones para l\u00ednea de paletizado\"\/><\/a><div class=\"product_info\"><h3 class=\"pro_title\"><a href=\"https:\/\/en.siasun.com\/es\/explosion-proof-gantry-robot-for-palletizing-line.html\">Robot de p\u00f3rtico a prueba de explosiones para l\u00ednea de paletizado<\/a><\/h3><\/div><\/div><div class=\"product_post   h_w\" ><a href=\"https:\/\/en.siasun.com\/es\/gantry-robot-for-motor-rotor-processing-automation-line.html\" class=\"product_pic postatty\" style=\"max-height:280px;\"\"><img loading=\"lazy\" decoding=\"async\" class=\"lazyload\" src=\"https:\/\/en.siasun.com\/wp-content\/themes\/smartenterprise\/images\/loadings.png\" data-src=\"https:\/\/en.siasun.com\/wp-content\/uploads\/2026\/01\/3.jpg\" width=\"1000\" height=\"600\" alt=\"Robot de p\u00f3rtico para el procesamiento autom\u00e1tic...\" title=\"Robot de p\u00f3rtico para el procesamiento autom\u00e1tic...\"\/><\/a><div class=\"product_info\"><h3 class=\"pro_title\"><a href=\"https:\/\/en.siasun.com\/es\/gantry-robot-for-motor-rotor-processing-automation-line.html\">Robot de p\u00f3rtico para l\u00ednea de automatizaci\u00f3n de procesamiento de rotores de motor<\/a><\/h3><\/div><\/div><div class=\"product_post   h_w\" ><a href=\"https:\/\/en.siasun.com\/es\/intelligent-inspection-workstation.html\" class=\"product_pic postatty\" style=\"max-height:280px;\"\"><img loading=\"lazy\" decoding=\"async\" class=\"lazyload\" src=\"https:\/\/en.siasun.com\/wp-content\/themes\/smartenterprise\/images\/loadings.png\" data-src=\"https:\/\/en.siasun.com\/wp-content\/uploads\/2024\/05\/1-19.png\" width=\"1000\" height=\"600\" alt=\"Estaci\u00f3n de trabajo de inspecci\u00f3n inteligente\" title=\"Estaci\u00f3n de trabajo de inspecci\u00f3n inteligente\"\/><\/a><div class=\"product_info\"><h3 class=\"pro_title\"><a href=\"https:\/\/en.siasun.com\/es\/intelligent-inspection-workstation.html\">Estaci\u00f3n de trabajo de inspecci\u00f3n inteligente<\/a><\/h3><\/div><\/div><div class=\"product_post   h_w\" ><a href=\"https:\/\/en.siasun.com\/es\/automated-palletizing-system-for-finished-cartons.html\" class=\"product_pic postatty\" style=\"max-height:280px;\"\"><img loading=\"lazy\" decoding=\"async\" class=\"lazyload\" src=\"https:\/\/en.siasun.com\/wp-content\/themes\/smartenterprise\/images\/loadings.png\" data-src=\"https:\/\/en.siasun.com\/wp-content\/uploads\/2024\/05\/3-14.png\" width=\"1000\" height=\"600\" alt=\"Sistema automatizado de paletizaci\u00f3n de cajas de cart\u00f3n acabadas\" title=\"Sistema automatizado de paletizaci\u00f3n de cajas de cart\u00f3n acabadas\"\/><\/a><div class=\"product_info\"><h3 class=\"pro_title\"><a href=\"https:\/\/en.siasun.com\/es\/automated-palletizing-system-for-finished-cartons.html\">Sistema automatizado de paletizaci\u00f3n de cajas de cart\u00f3n acabadas<\/a><\/h3><\/div><\/div><div class=\"product_post   h_w\" ><a href=\"https:\/\/en.siasun.com\/es\/palletising-process-package-solutions.html\" class=\"product_pic postatty\" style=\"max-height:280px;\"\"><img loading=\"lazy\" decoding=\"async\" class=\"lazyload\" src=\"https:\/\/en.siasun.com\/wp-content\/themes\/smartenterprise\/images\/loadings.png\" data-src=\"https:\/\/en.siasun.com\/wp-content\/uploads\/2024\/05\/1-20.png\" width=\"1000\" height=\"600\" alt=\"Proceso de paletizaci\u00f3n Soluciones de embalaje\" title=\"Proceso de paletizaci\u00f3n Soluciones de embalaje\"\/><\/a><div class=\"product_info\"><h3 class=\"pro_title\"><a href=\"https:\/\/en.siasun.com\/es\/palletising-process-package-solutions.html\">Proceso de paletizaci\u00f3n Soluciones de embalaje<\/a><\/h3><\/div><\/div><div class=\"product_post   h_w\" ><a href=\"https:\/\/en.siasun.com\/es\/integrated-supervisory-control-system.html\" class=\"product_pic postatty\" style=\"max-height:280px;\"\"><img loading=\"lazy\" decoding=\"async\" class=\"lazyload\" src=\"https:\/\/en.siasun.com\/wp-content\/themes\/smartenterprise\/images\/loadings.png\" data-src=\"https:\/\/en.siasun.com\/wp-content\/uploads\/2026\/01\/2-12.jpg\" width=\"1000\" height=\"600\" alt=\"Sistema integrado de control y supervisi\u00f3n\" title=\"Sistema integrado de control y supervisi\u00f3n\"\/><\/a><div class=\"product_info\"><h3 class=\"pro_title\"><a href=\"https:\/\/en.siasun.com\/es\/integrated-supervisory-control-system.html\">Sistema integrado de control y supervisi\u00f3n<\/a><\/h3><\/div><\/div><div class=\"product_post   h_w\" ><a href=\"https:\/\/en.siasun.com\/es\/automatic-fare-collection.html\" class=\"product_pic postatty\" style=\"max-height:280px;\"\"><img loading=\"lazy\" decoding=\"async\" class=\"lazyload\" src=\"https:\/\/en.siasun.com\/wp-content\/themes\/smartenterprise\/images\/loadings.png\" data-src=\"https:\/\/en.siasun.com\/wp-content\/uploads\/2026\/01\/5.jpg\" width=\"1000\" height=\"600\" alt=\"Recaudaci\u00f3n autom\u00e1tica\" title=\"Recaudaci\u00f3n autom\u00e1tica\"\/><\/a><div class=\"product_info\"><h3 class=\"pro_title\"><a href=\"https:\/\/en.siasun.com\/es\/automatic-fare-collection.html\">Recaudaci\u00f3n autom\u00e1tica<\/a><\/h3><\/div><\/div><div class=\"product_post   h_w\" ><a href=\"https:\/\/en.siasun.com\/es\/the-application-of-collaborative-robots-based-on-welding-vision-based-teachless-technology-in-container-manufacturing.html\" class=\"product_pic postatty\" style=\"max-height:280px;\"\"><img loading=\"lazy\" decoding=\"async\" class=\"lazyload\" src=\"https:\/\/en.siasun.com\/wp-content\/themes\/smartenterprise\/images\/loadings.png\" data-src=\"https:\/\/en.siasun.com\/wp-content\/uploads\/2026\/03\/\u9996\u56fe.jpg\" width=\"1000\" height=\"600\" alt=\"\u00a0soldadura de contenedores\" title=\"\u00a0soldadura de contenedores\"\/><\/a><div class=\"product_info\"><h3 class=\"pro_title\"><a href=\"https:\/\/en.siasun.com\/es\/the-application-of-collaborative-robots-based-on-welding-vision-based-teachless-technology-in-container-manufacturing.html\">\u00a0soldadura de contenedores<\/a><\/h3><\/div><\/div><\/div><\/div>\n<\/div>\n<\/div>\n<\/div><div class=\"layout_badh\"><\/div><\/section>","protected":false},"excerpt":{"rendered":"","protected":false},"author":1,"featured_media":0,"parent":0,"menu_order":0,"comment_status":"closed","ping_status":"closed","template":"","meta":{"_seopress_robots_primary_cat":"","_seopress_titles_title":"","_seopress_titles_desc":"","_seopress_robots_index":"","themepark_post_bcolor":"#f5f5f5","themepark_post_width":"100% dong","themepark_post_img":"","themepark_post_img_po":"left","themepark_post_img_re":false,"themepark_post_img_cover":false,"themepark_post_img_fixed":false,"themepark_post_hide_title":true,"themepark_post_main_b":"","themepark_post_main_p":100,"themepark_paddingblock":true,"footnotes":""},"class_list":["post-4515","page","type-page","status-publish","hentry"],"_links":{"self":[{"href":"https:\/\/en.siasun.com\/es\/wp-json\/wp\/v2\/pages\/4515"}],"collection":[{"href":"https:\/\/en.siasun.com\/es\/wp-json\/wp\/v2\/pages"}],"about":[{"href":"https:\/\/en.siasun.com\/es\/wp-json\/wp\/v2\/types\/page"}],"author":[{"embeddable":true,"href":"https:\/\/en.siasun.com\/es\/wp-json\/wp\/v2\/users\/1"}],"replies":[{"embeddable":true,"href":"https:\/\/en.siasun.com\/es\/wp-json\/wp\/v2\/comments?post=4515"}],"version-history":[{"count":12,"href":"https:\/\/en.siasun.com\/es\/wp-json\/wp\/v2\/pages\/4515\/revisions"}],"predecessor-version":[{"id":6132,"href":"https:\/\/en.siasun.com\/es\/wp-json\/wp\/v2\/pages\/4515\/revisions\/6132"}],"wp:attachment":[{"href":"https:\/\/en.siasun.com\/es\/wp-json\/wp\/v2\/media?parent=4515"}],"curies":[{"name":"wp","href":"https:\/\/api.w.org\/{rel}","templated":true}]}}