{"id":4504,"date":"2024-05-27T10:07:19","date_gmt":"2024-05-27T02:07:19","guid":{"rendered":"http:\/\/en.siasun.com\/?page_id=4504"},"modified":"2026-01-27T10:40:35","modified_gmt":"2026-01-27T02:40:35","slug":"new-energy","status":"publish","type":"page","link":"https:\/\/en.siasun.com\/es\/nueva-energia.html","title":{"rendered":"Nueva energ\u00eda"},"content":{"rendered":"<section class=\"wp-block-themepark-block-themepark-area block_layout thempark-block undefined bom100 top100\" id=\"\" style=\"padding-top:120px;height:350px;box-sizing: border-box;width: 100%;\" data-swiper-parallax=\"-700\"><div class=\"block_layout_in\" style=\"\">\n<div class=\"wp-block-column block_layout_in is-layout-flow wp-block-column-is-layout-flow\">\n<h2 class=\"wp-block-heading has-text-align-center fonts1 has-monte-white-color has-text-color has-large-font-size\" style=\"letter-spacing:5px\"><strong><strong><strong>Nueva energ\u00eda<\/strong><\/strong><\/strong><\/h2>\n\n\n\n<p class=\"has-text-align-center has-monte-white-color has-text-color has-normal-font-size\" style=\"text-transform:uppercase\"><\/p>\n<\/div>\n<\/div><div class=\"layout_badh\"><div class=\"shizhezhao\" style=\"opacity:0.3;background-color:#000000;\"><\/div><div class=\"PcOnly themepark-block_layout_ba lazyload swiper-lazy\" style=\"background-repeat:no-repeat;background-size:cover;background-position:center;\" data-background=\"http:\/\/en.siasun.com\/wp-content\/uploads\/2024\/05\/New-Energy.png\"><\/div><div class=\"MovePnly themepark-block_layout_ba lazyload swiper-move-lazy\" style=\"background-repeat:no-repeat;background-size:cover;background-position:center;\" data-background=\"http:\/\/en.siasun.com\/wp-content\/uploads\/2024\/05\/New-Energy-mobile.png\"><\/div><\/div><\/section>\n\n\n\n<div class=\"wp-block-themepark-block-btn themepark-i-btn-out fixded  shadow PcOnly fonts1\" style=\"text-align:;\"><div class=\"themepark-i-btn-out_ins\" style=\"background-color:#252525;\"><div class=\"themepark-i-btn-out_in\"><div class=\"themepark-i-btn\" style=\"color:#ffffff;font-size:16px;padding:18px 22px;\"><a href=\"https:\/\/en.siasun.com\/es\/industria-del-automovil.html\/\" rel=\"noopener noreferrer \">Industria del autom\u00f3vil<\/a><a class=\"hovers\" data-title=\"Automotive Industry\" style=\"color:#ffffff;background-color:#0084ff;padding:18px 22px;\" href=\"https:\/\/en.siasun.com\/es\/industria-del-automovil.html\/\" rel=\"noopener noreferrer\" target=\"_self\"><\/a><\/div><div class=\"themepark-i-btn\" style=\"color:#ffffff;font-size:16px;padding:18px 22px;\"><a href=\"https:\/\/en.siasun.com\/es\/nueva-energia.html\/\" rel=\"noopener noreferrer\" target=\"_self\">Nueva energ\u00eda<\/a><a class=\"hovers\" data-title=\"New Energy\" style=\"color:#ffffff;background-color:#0084ff;padding:18px 22px;\" href=\"https:\/\/en.siasun.com\/es\/nueva-energia.html\/\" rel=\"noopener noreferrer\" target=\"_self\"><\/a><\/div><div class=\"themepark-i-btn\" style=\"color:#ffffff;font-size:16px;padding:18px 22px;\"><a href=\"https:\/\/en.siasun.com\/es\/3c-electronica.html\/\" rel=\"noopener noreferrer\" target=\"_self\">3C Electr\u00f3nica<\/a><a class=\"hovers\" data-title=\"3C Electronics\" style=\"color:#ffffff;background-color:#0084ff;padding:18px 22px;\" href=\"https:\/\/en.siasun.com\/es\/3c-electronica.html\/\" rel=\"noopener noreferrer\" target=\"_self\"><\/a><\/div><div class=\"themepark-i-btn\" style=\"color:#ffffff;font-size:16px;padding:18px 22px;\"><a href=\"https:\/\/en.siasun.com\/es\/maquinaria-de-ingenieria.html\/\" rel=\"noopener noreferrer\" target=\"_self\">Maquinaria de ingenier\u00eda<\/a><a class=\"hovers\" data-title=\"Engineering Machinery\" style=\"color:#ffffff;background-color:#0084ff;padding:18px 22px;\" href=\"https:\/\/en.siasun.com\/es\/maquinaria-de-ingenieria.html\/\" rel=\"noopener noreferrer\" target=\"_self\"><\/a><\/div><div class=\"themepark-i-btn\" style=\"color:#ffffff;font-size:16px;padding:18px 22px;\"><a href=\"https:\/\/en.siasun.com\/es\/estructura-de-acero-para-barcos.html\/\" rel=\"noopener noreferrer\" target=\"_self\">Transformaci\u00f3n de metales<\/a><a class=\"hovers\" data-title=\"Metal processing\" style=\"color:#ffffff;background-color:#0084ff;padding:18px 22px;\" href=\"https:\/\/en.siasun.com\/es\/estructura-de-acero-para-barcos.html\/\" rel=\"noopener noreferrer\" target=\"_self\"><\/a><\/div><div class=\"themepark-i-btn\" style=\"color:#ffffff;font-size:16px;padding:18px 22px;\"><a href=\"https:\/\/en.siasun.com\/es\/otros-sectores.html\/\" rel=\"noopener noreferrer\" target=\"_self\">Otros<\/a><a class=\"hovers\" data-title=\"Others\" style=\"color:#ffffff;background-color:#0084ff;padding:18px 22px;\" href=\"https:\/\/en.siasun.com\/es\/otros-sectores.html\/\" rel=\"noopener noreferrer\" target=\"_self\"><\/a><\/div><\/div><\/div><\/div>\n\n\n\n<section class=\"wp-block-themepark-block-themepark-area block_layout thempark-block undefined\" id=\"\" style=\"background-color:#ffffff;padding-bottom:30px;padding-top:50px;\" data-swiper-parallax=\"-700\"><div class=\"block_layout_in\" style=\"\">\n<div class=\"wp-block-column block_layout_in is-layout-flow wp-block-column-is-layout-flow\">\n<div class=\"wp-block-columns is-layout-flex wp-container-core-columns-is-layout-1 wp-block-columns-is-layout-flex\">\n<div class=\"wp-block-column is-layout-flow wp-block-column-is-layout-flow\" style=\"flex-basis:750px\">\n<div class=\"wp-block-themepark-block-themepark-wright content-super-p\" style=\"font-size:16px;line-height:32px;padding:10px 8px;\">\n<div class=\"wp-block-column is-layout-flow wp-block-column-is-layout-flow\">\n<div class=\"wp-block-themepark-block-themepark-xian theme_fang_out  top10\" style=\"text-align:left;padding-top:33px;padding-bottom:25px;\"><div class=\"fangbox\" style=\"width:48px;height:6px;background-color:#597aab;\"><\/div><\/div>\n\n\n\n<h2 class=\"wp-block-heading fonts1 has-text-color has-link-color has-large-font-size wp-elements-03f4ca5958fbc795af75facafe314fea\" style=\"color:#363636;font-style:normal;font-weight:800;text-transform:capitalize\"><strong><strong>Nueva energ\u00eda<\/strong><\/strong><\/h2>\n\n\n\n<p><\/p>\n\n\n\n<p><\/p>\n\n\n\n<div class=\"wp-block-themepark-block-themepark-wright content-super-p\" style=\"font-size:16px;line-height:24px;color:#4d4d4d;padding:10px 10px;\">\n<div class=\"wp-block-column is-layout-flow wp-block-column-is-layout-flow\">\n<p class=\"fonts2 has-text-color has-link-color wp-elements-031a8f7c96bf1b04391c5a8648699287\" style=\"color:#676767;font-size:16px\">Potenciar el desarrollo de alta calidad de industrias energ\u00e9ticas modernas como la fotovoltaica, las bater\u00edas de litio, la energ\u00eda e\u00f3lica, la hidroel\u00e9ctrica y la nuclear.<\/p>\n<\/div>\n<\/div>\n<\/div>\n<\/div>\n<\/div>\n\n\n\n<div class=\"wp-block-column is-layout-flow wp-block-column-is-layout-flow\">\n<div class=\"wp-block-themepark-block-themepark-wright content-super-p PcOnly\" style=\"font-size:16px;line-height:24px;color:#4d4d4d;padding:10px 10px;\">\n<div class=\"wp-block-column is-layout-flow wp-block-column-is-layout-flow\">\n<p><\/p>\n\n\n\n<p><\/p>\n\n\n\n<p><\/p>\n\n\n\n<p><\/p>\n\n\n\n<p><\/p>\n\n\n\n<p><\/p>\n\n\n\n<p><\/p>\n\n\n\n<p><\/p>\n\n\n\n<p><\/p>\n\n\n\n<div class=\"wp-block-themepark-block-btn themepark-i-btn-out fonts2 zixun\" style=\"text-align:;\"><div class=\"themepark-i-btn-out_ins\" style=\"\"><div class=\"themepark-i-btn-out_in\"><div class=\"themepark-i-btn\" style=\"background-color:#0084ff;color:#ffffff;font-size:16px;border:solid 1px #0084ff;border-radius:20px;padding:8px 35px;\"><span>\u00bfQuiere saber m\u00e1s?<\/span><a class=\"hovers\" data-title=\"Do you want to learn more\uff1f\" style=\"color:#ffffff;background-color:#0084ff;padding:8px 35px;border-radius:20px;\" rel=\"noopener noreferrer\" target=\"_self\"><\/a><\/div><\/div><\/div><\/div>\n<\/div>\n<\/div>\n<\/div>\n<\/div>\n<\/div>\n<\/div><div class=\"layout_badh\"><\/div><\/section>\n\n\n\n<section class=\"wp-block-themepark-block-themepark-area block_layout thempark-block undefined\" id=\"\" style=\"background-color:#ffffff;\" data-swiper-parallax=\"-700\"><div class=\"block_layout_in\" style=\"\">\n<div class=\"wp-block-column block_layout_in is-layout-flow wp-block-column-is-layout-flow\" id=\"homemd1\">\n<div class=\"wp-block-themepark-block-themepark-wright content-super-p\" style=\"font-size:12px;line-height:32px;background-color:#ffffff;padding:10px 0px;\">\n<div class=\"wp-block-column is-layout-flow wp-block-column-is-layout-flow\">\n<div class=\"wp-block-themepark-block-themepark-xian theme_fang_out  top10\" style=\"text-align:center;padding-top:33px;padding-bottom:24px;\"><div class=\"fangbox\" style=\"width:48px;height:6px;background-color:#597aab;\"><\/div><\/div>\n\n\n\n<h2 class=\"wp-block-heading has-text-align-center fonts1 has-large-font-size\" style=\"font-style:normal;font-weight:800\"><strong>Casos de la industria<\/strong><\/h2>\n\n\n\n<p><\/p>\n\n\n\n<p><\/p>\n\n\n<div class=\"product_loop   mian_loop\" id=\"pro_list_3\"><div class=\"product_post   h_w\" ><a href=\"https:\/\/en.siasun.com\/es\/new-energy-lithium-battery-copper-foil-handling-and-loading-unloading-gantry-robot.html\" class=\"product_pic postatty\" style=\"max-height:280px;\"\"><img loading=\"lazy\" decoding=\"async\" class=\"lazyload\" src=\"https:\/\/en.siasun.com\/wp-content\/themes\/smartenterprise\/images\/loadings.png\" data-src=\"https:\/\/en.siasun.com\/wp-content\/uploads\/2026\/01\/1-9.jpg\" width=\"1000\" height=\"600\" alt=\"Bater\u00eda de litio de nueva energ\u00eda Manipulaci\u00f3n de l\u00e1minas de cobre...\" title=\"Bater\u00eda de litio de nueva energ\u00eda Manipulaci\u00f3n de l\u00e1minas de cobre...\"\/><\/a><div class=\"product_info\"><h3 class=\"pro_title\"><a href=\"https:\/\/en.siasun.com\/es\/new-energy-lithium-battery-copper-foil-handling-and-loading-unloading-gantry-robot.html\">Robot p\u00f3rtico de carga\/descarga y manipulaci\u00f3n de l\u00e1minas de cobre con bater\u00eda de litio de nueva energ\u00eda<\/a><\/h3><\/div><\/div><div class=\"product_post   h_w\" ><a href=\"https:\/\/en.siasun.com\/es\/mobile-robot-solutions-for-the-lithium-industry.html\" class=\"product_pic postatty\" style=\"max-height:280px;\"\"><img loading=\"lazy\" decoding=\"async\" class=\"lazyload\" src=\"https:\/\/en.siasun.com\/wp-content\/themes\/smartenterprise\/images\/loadings.png\" data-src=\"https:\/\/en.siasun.com\/wp-content\/uploads\/2024\/05\/1-9.jpg\" width=\"1000\" height=\"600\" alt=\"Soluciones rob\u00f3ticas m\u00f3viles para la industria del litio\" title=\"Soluciones rob\u00f3ticas m\u00f3viles para la industria del litio\"\/><\/a><div class=\"product_info\"><h3 class=\"pro_title\"><a href=\"https:\/\/en.siasun.com\/es\/mobile-robot-solutions-for-the-lithium-industry.html\">Soluciones rob\u00f3ticas m\u00f3viles para la industria del litio<\/a><\/h3><\/div><\/div><div class=\"product_post   h_w\" ><a href=\"https:\/\/en.siasun.com\/es\/new-energy-vehicle-e-e-production-automation-solutions.html\" class=\"product_pic postatty\" style=\"max-height:280px;\"\"><img loading=\"lazy\" decoding=\"async\" class=\"lazyload\" src=\"https:\/\/en.siasun.com\/wp-content\/themes\/smartenterprise\/images\/loadings.png\" data-src=\"https:\/\/en.siasun.com\/wp-content\/uploads\/2024\/05\/1-8.png\" width=\"1000\" height=\"600\" alt=\"Producci\u00f3n de veh\u00edculos de nueva energ\u00eda E\/E...\" title=\"Producci\u00f3n de veh\u00edculos de nueva energ\u00eda E\/E...\"\/><\/a><div class=\"product_info\"><h3 class=\"pro_title\"><a href=\"https:\/\/en.siasun.com\/es\/new-energy-vehicle-e-e-production-automation-solutions.html\">Producci\u00f3n E\/E de veh\u00edculos de nueva energ\u00edaSoluciones de automatizaci\u00f3n<\/a><\/h3><\/div><\/div><div class=\"product_post   h_w\" ><a href=\"https:\/\/en.siasun.com\/es\/electric-drive-motor-assembly-and-test-line.html\" class=\"product_pic postatty\" style=\"max-height:280px;\"\"><img loading=\"lazy\" decoding=\"async\" class=\"lazyload\" src=\"https:\/\/en.siasun.com\/wp-content\/themes\/smartenterprise\/images\/loadings.png\" data-src=\"https:\/\/en.siasun.com\/wp-content\/uploads\/2024\/05\/1-2.png\" width=\"1000\" height=\"600\" alt=\"L\u00ednea de montaje y ensayo de motores el\u00e9ctricos\" title=\"L\u00ednea de montaje y ensayo de motores el\u00e9ctricos\"\/><\/a><div class=\"product_info\"><h3 class=\"pro_title\"><a href=\"https:\/\/en.siasun.com\/es\/electric-drive-motor-assembly-and-test-line.html\">L\u00ednea de montaje y ensayo de motores el\u00e9ctricos<\/a><\/h3><\/div><\/div><div class=\"product_post   h_w\" ><a href=\"https:\/\/en.siasun.com\/es\/lithium-battery-formation-and-capacity-sorting-production-and-test-system.html\" class=\"product_pic postatty\" style=\"max-height:280px;\"\"><img loading=\"lazy\" decoding=\"async\" class=\"lazyload\" src=\"https:\/\/en.siasun.com\/wp-content\/themes\/smartenterprise\/images\/loadings.png\" data-src=\"https:\/\/en.siasun.com\/wp-content\/uploads\/2024\/05\/2-2.png\" width=\"1000\" height=\"600\" alt=\"Formaci\u00f3n de bater\u00edas de litio y clasificaci\u00f3n de capacidad ...\" title=\"Formaci\u00f3n de bater\u00edas de litio y clasificaci\u00f3n de capacidad ...\"\/><\/a><div class=\"product_info\"><h3 class=\"pro_title\"><a href=\"https:\/\/en.siasun.com\/es\/lithium-battery-formation-and-capacity-sorting-production-and-test-system.html\">Sistema de producci\u00f3n y prueba de formaci\u00f3n y clasificaci\u00f3n de capacidad de bater\u00edas de litio<\/a><\/h3><\/div><\/div><div class=\"product_post   h_w\" ><a href=\"https:\/\/en.siasun.com\/es\/new-energy-lithium-battery-separator-handling-and-loading-unloading-gantry-robot.html\" class=\"product_pic postatty\" style=\"max-height:280px;\"\"><img loading=\"lazy\" decoding=\"async\" class=\"lazyload\" src=\"https:\/\/en.siasun.com\/wp-content\/themes\/smartenterprise\/images\/loadings.png\" data-src=\"https:\/\/en.siasun.com\/wp-content\/uploads\/2026\/01\/1-8.jpg\" width=\"1000\" height=\"600\" alt=\"Nueva energ\u00eda Separador de bater\u00edas de litio Manipulaci\u00f3n de...\" title=\"Nueva energ\u00eda Separador de bater\u00edas de litio Manipulaci\u00f3n de...\"\/><\/a><div class=\"product_info\"><h3 class=\"pro_title\"><a href=\"https:\/\/en.siasun.com\/es\/new-energy-lithium-battery-separator-handling-and-loading-unloading-gantry-robot.html\">Robot p\u00f3rtico de manipulaci\u00f3n y carga\/descarga de separadores de bater\u00edas de litio de nueva energ\u00eda<\/a><\/h3><\/div><\/div><\/div><\/div>\n<\/div>\n<\/div>\n<\/div><div class=\"layout_badh\"><\/div><\/section>","protected":false},"excerpt":{"rendered":"","protected":false},"author":1,"featured_media":0,"parent":0,"menu_order":0,"comment_status":"open","ping_status":"closed","template":"","meta":{"_seopress_robots_primary_cat":"","_seopress_titles_title":"","_seopress_titles_desc":"","_seopress_robots_index":"","themepark_post_bcolor":"#f5f5f5","themepark_post_width":"100% dong","themepark_post_img":"","themepark_post_img_po":"left","themepark_post_img_re":false,"themepark_post_img_cover":false,"themepark_post_img_fixed":false,"themepark_post_hide_title":true,"themepark_post_main_b":"","themepark_post_main_p":100,"themepark_paddingblock":true,"footnotes":""},"class_list":["post-4504","page","type-page","status-publish","hentry"],"_links":{"self":[{"href":"https:\/\/en.siasun.com\/es\/wp-json\/wp\/v2\/pages\/4504"}],"collection":[{"href":"https:\/\/en.siasun.com\/es\/wp-json\/wp\/v2\/pages"}],"about":[{"href":"https:\/\/en.siasun.com\/es\/wp-json\/wp\/v2\/types\/page"}],"author":[{"embeddable":true,"href":"https:\/\/en.siasun.com\/es\/wp-json\/wp\/v2\/users\/1"}],"replies":[{"embeddable":true,"href":"https:\/\/en.siasun.com\/es\/wp-json\/wp\/v2\/comments?post=4504"}],"version-history":[{"count":11,"href":"https:\/\/en.siasun.com\/es\/wp-json\/wp\/v2\/pages\/4504\/revisions"}],"predecessor-version":[{"id":6201,"href":"https:\/\/en.siasun.com\/es\/wp-json\/wp\/v2\/pages\/4504\/revisions\/6201"}],"wp:attachment":[{"href":"https:\/\/en.siasun.com\/es\/wp-json\/wp\/v2\/media?parent=4504"}],"curies":[{"name":"wp","href":"https:\/\/api.w.org\/{rel}","templated":true}]}}