{"id":4240,"date":"2024-05-21T15:47:07","date_gmt":"2024-05-21T07:47:07","guid":{"rendered":"http:\/\/en.siasun.com\/?page_id=4240"},"modified":"2024-06-04T11:29:55","modified_gmt":"2024-06-04T03:29:55","slug":"automotive-industry","status":"publish","type":"page","link":"https:\/\/en.siasun.com\/es\/industria-del-automovil.html","title":{"rendered":"Industria del autom\u00f3vil"},"content":{"rendered":"<section class=\"wp-block-themepark-block-themepark-area block_layout thempark-block undefined bom100 top100\" id=\"\" style=\"padding-top:120px;height:350px;box-sizing: border-box;width: 100%;\" data-swiper-parallax=\"-700\"><div class=\"block_layout_in\" style=\"\">\n<div class=\"wp-block-column block_layout_in is-layout-flow wp-block-column-is-layout-flow\">\n<h2 class=\"wp-block-heading has-text-align-center fonts1 has-monte-white-color has-text-color has-large-font-size\" style=\"letter-spacing:5px\"><strong><strong><strong>Industria del autom\u00f3vil<\/strong><\/strong><\/strong><\/h2>\n\n\n\n<p class=\"has-text-align-center has-monte-white-color has-text-color has-normal-font-size\" style=\"text-transform:uppercase\"><\/p>\n<\/div>\n<\/div><div class=\"layout_badh\"><div class=\"shizhezhao\" style=\"opacity:0.3;background-color:#000000;\"><\/div><div class=\"PcOnly themepark-block_layout_ba lazyload swiper-lazy\" style=\"background-repeat:no-repeat;background-size:cover;background-position:center;\" data-background=\"http:\/\/en.siasun.com\/wp-content\/uploads\/2024\/05\/\u6c7d\u8f66\u5de5\u4e1a.png\"><\/div><div class=\"MovePnly themepark-block_layout_ba lazyload swiper-move-lazy\" style=\"background-repeat:no-repeat;background-size:cover;background-position:center;\" data-background=\"http:\/\/en.siasun.com\/wp-content\/uploads\/2024\/05\/shouji-1.png\"><\/div><\/div><\/section>\n\n\n\n<div class=\"wp-block-themepark-block-btn themepark-i-btn-out fixded  shadow PcOnly fonts1\" style=\"text-align:;\"><div class=\"themepark-i-btn-out_ins\" style=\"background-color:#252525;\"><div class=\"themepark-i-btn-out_in\"><div class=\"themepark-i-btn\" style=\"color:#ffffff;font-size:16px;padding:18px 22px;\"><a href=\"https:\/\/en.siasun.com\/es\/industria-del-automovil.html\/\" rel=\"noopener noreferrer \">Industria del autom\u00f3vil<\/a><a class=\"hovers\" data-title=\"Automotive Industry\" style=\"color:#ffffff;background-color:#0084ff;padding:18px 22px;\" href=\"https:\/\/en.siasun.com\/es\/industria-del-automovil.html\/\" rel=\"noopener noreferrer\" target=\"_self\"><\/a><\/div><div class=\"themepark-i-btn\" style=\"color:#ffffff;font-size:16px;padding:18px 22px;\"><a href=\"https:\/\/en.siasun.com\/es\/nueva-energia.html\/\" rel=\"noopener noreferrer\" target=\"_self\">Nueva energ\u00eda<\/a><a class=\"hovers\" data-title=\"New Energy\" style=\"color:#ffffff;background-color:#0084ff;padding:18px 22px;\" href=\"https:\/\/en.siasun.com\/es\/nueva-energia.html\/\" rel=\"noopener noreferrer\" target=\"_self\"><\/a><\/div><div class=\"themepark-i-btn\" style=\"color:#ffffff;font-size:16px;padding:18px 22px;\"><a href=\"https:\/\/en.siasun.com\/es\/3c-electronica.html\/\" rel=\"noopener noreferrer\" target=\"_self\">3C Electr\u00f3nica<\/a><a class=\"hovers\" data-title=\"3C Electronics\" style=\"color:#ffffff;background-color:#0084ff;padding:18px 22px;\" href=\"https:\/\/en.siasun.com\/es\/3c-electronica.html\/\" rel=\"noopener noreferrer\" target=\"_self\"><\/a><\/div><div class=\"themepark-i-btn\" style=\"color:#ffffff;font-size:16px;padding:18px 22px;\"><a href=\"https:\/\/en.siasun.com\/es\/maquinaria-de-ingenieria.html\/\" rel=\"noopener noreferrer\" target=\"_self\">Maquinaria de ingenier\u00eda<\/a><a class=\"hovers\" data-title=\"Engineering Machinery\" style=\"color:#ffffff;background-color:#0084ff;padding:18px 22px;\" href=\"https:\/\/en.siasun.com\/es\/maquinaria-de-ingenieria.html\/\" rel=\"noopener noreferrer\" target=\"_self\"><\/a><\/div><div class=\"themepark-i-btn\" style=\"color:#ffffff;font-size:16px;padding:18px 22px;\"><a href=\"https:\/\/en.siasun.com\/es\/estructura-de-acero-para-barcos.html\/\" rel=\"noopener noreferrer\" target=\"_self\">Transformaci\u00f3n de metales<\/a><a class=\"hovers\" data-title=\"Metal processing\" style=\"color:#ffffff;background-color:#0084ff;padding:18px 22px;\" href=\"https:\/\/en.siasun.com\/es\/estructura-de-acero-para-barcos.html\/\" rel=\"noopener noreferrer\" target=\"_self\"><\/a><\/div><div class=\"themepark-i-btn\" style=\"color:#ffffff;font-size:16px;padding:18px 22px;\"><a href=\"https:\/\/en.siasun.com\/es\/otros-sectores.html\/\" rel=\"noopener noreferrer\" target=\"_self\">Otros<\/a><a class=\"hovers\" data-title=\"Others\" style=\"color:#ffffff;background-color:#0084ff;padding:18px 22px;\" href=\"https:\/\/en.siasun.com\/es\/otros-sectores.html\/\" rel=\"noopener noreferrer\" target=\"_self\"><\/a><\/div><\/div><\/div><\/div>\n\n\n\n<section class=\"wp-block-themepark-block-themepark-area block_layout thempark-block undefined\" id=\"\" style=\"background-color:#ffffff;padding-bottom:30px;padding-top:50px;\" data-swiper-parallax=\"-700\"><div class=\"block_layout_in\" style=\"\">\n<div class=\"wp-block-column block_layout_in is-layout-flow wp-block-column-is-layout-flow\">\n<div class=\"wp-block-columns is-layout-flex wp-container-core-columns-is-layout-1 wp-block-columns-is-layout-flex\">\n<div class=\"wp-block-column is-layout-flow wp-block-column-is-layout-flow\" style=\"flex-basis:750px\">\n<div class=\"wp-block-themepark-block-themepark-wright content-super-p\" style=\"font-size:16px;line-height:32px;padding:10px 8px;\">\n<div class=\"wp-block-column is-layout-flow wp-block-column-is-layout-flow\">\n<div class=\"wp-block-themepark-block-themepark-xian theme_fang_out  top10\" style=\"text-align:left;padding-top:33px;padding-bottom:25px;\"><div class=\"fangbox\" style=\"width:48px;height:6px;background-color:#597aab;\"><\/div><\/div>\n\n\n\n<h2 class=\"wp-block-heading fonts1 has-text-color has-link-color has-large-font-size wp-elements-d2ee9192b5e5dcc4e2acfc55c4d8596c\" style=\"color:#363636;font-style:normal;font-weight:800;text-transform:capitalize\"><strong><strong>Industria del autom\u00f3vil<\/strong><\/strong><\/h2>\n\n\n\n<p><\/p>\n\n\n\n<p><\/p>\n\n\n\n<div class=\"wp-block-themepark-block-themepark-wright content-super-p\" style=\"font-size:16px;line-height:24px;color:#4d4d4d;padding:10px 10px;\">\n<div class=\"wp-block-column is-layout-flow wp-block-column-is-layout-flow\">\n<p class=\"fonts2 has-text-color has-link-color wp-elements-987f9ceaa82e9b603f94cc563ffa54a9\" style=\"color:#676767;font-size:16px\">La aplicaci\u00f3n abarca todo el proceso de estampaci\u00f3n, soldadura, pintura y montaje final de autom\u00f3viles.<\/p>\n<\/div>\n<\/div>\n<\/div>\n<\/div>\n<\/div>\n\n\n\n<div class=\"wp-block-column is-layout-flow wp-block-column-is-layout-flow\">\n<div class=\"wp-block-themepark-block-themepark-wright content-super-p PcOnly\" style=\"font-size:16px;line-height:24px;color:#4d4d4d;padding:10px 10px;\">\n<div class=\"wp-block-column is-layout-flow wp-block-column-is-layout-flow\">\n<p><\/p>\n\n\n\n<p><\/p>\n\n\n\n<p><\/p>\n\n\n\n<p><\/p>\n\n\n\n<p><\/p>\n\n\n\n<p><\/p>\n\n\n\n<p><\/p>\n\n\n\n<p><\/p>\n\n\n\n<p><\/p>\n\n\n\n<div class=\"wp-block-themepark-block-btn themepark-i-btn-out fonts2 zixun\" style=\"text-align:;\"><div class=\"themepark-i-btn-out_ins\" style=\"\"><div class=\"themepark-i-btn-out_in\"><div class=\"themepark-i-btn\" style=\"background-color:#0084ff;color:#ffffff;font-size:16px;border:solid 1px #0084ff;border-radius:20px;padding:8px 35px;\"><span>\u00bfQuiere saber m\u00e1s?<\/span><a class=\"hovers\" data-title=\"Do you want to learn more\uff1f\" style=\"color:#ffffff;background-color:#0084ff;padding:8px 35px;border-radius:20px;\" rel=\"noopener noreferrer\" target=\"_self\"><\/a><\/div><\/div><\/div><\/div>\n<\/div>\n<\/div>\n<\/div>\n<\/div>\n<\/div>\n<\/div><div class=\"layout_badh\"><\/div><\/section>\n\n\n\n<section class=\"wp-block-themepark-block-themepark-area block_layout thempark-block undefined\" id=\"\" style=\"background-color:#ffffff;\" data-swiper-parallax=\"-700\"><div class=\"block_layout_in\" style=\"\">\n<div class=\"wp-block-column block_layout_in is-layout-flow wp-block-column-is-layout-flow\" id=\"homemd1\">\n<div class=\"wp-block-themepark-block-themepark-wright content-super-p\" style=\"font-size:12px;line-height:32px;background-color:#ffffff;padding:10px 0px;\">\n<div class=\"wp-block-column is-layout-flow wp-block-column-is-layout-flow\">\n<div class=\"wp-block-themepark-block-themepark-xian theme_fang_out  top10\" style=\"text-align:center;padding-top:33px;padding-bottom:24px;\"><div class=\"fangbox\" style=\"width:48px;height:6px;background-color:#597aab;\"><\/div><\/div>\n\n\n\n<h2 class=\"wp-block-heading has-text-align-center fonts1 has-large-font-size\" style=\"font-style:normal;font-weight:800\"><strong>Casos de la industria<\/strong><\/h2>\n\n\n\n<p><\/p>\n\n\n\n<p><\/p>\n\n\n<div class=\"product_loop  zhong   mian_loop\" id=\"pro_list_3\"><div class=\"product_post   h_w\" ><a href=\"https:\/\/en.siasun.com\/es\/gantry-robot-for-bearing-processing-automation-line.html\" class=\"product_pic postatty\" style=\"max-height:280px;\"\"><img loading=\"lazy\" decoding=\"async\" class=\"lazyload\" src=\"https:\/\/en.siasun.com\/wp-content\/themes\/smartenterprise\/images\/loadings.png\" data-src=\"https:\/\/en.siasun.com\/wp-content\/uploads\/2026\/01\/2-6.jpg\" width=\"1000\" height=\"600\" alt=\"Robot de p\u00f3rtico para la automatizaci\u00f3n del procesamiento de rodamientos ...\" title=\"Robot de p\u00f3rtico para la automatizaci\u00f3n del procesamiento de rodamientos ...\"\/><\/a><div class=\"product_info\"><h3 class=\"pro_title\"><a href=\"https:\/\/en.siasun.com\/es\/gantry-robot-for-bearing-processing-automation-line.html\">Robot de p\u00f3rtico para l\u00ednea de automatizaci\u00f3n de procesamiento de rodamientos<\/a><\/h3><\/div><\/div><div class=\"product_post   h_w\" ><a href=\"https:\/\/en.siasun.com\/es\/camshaft-gantry-robot-for-automated-processing-line.html\" class=\"product_pic postatty\" style=\"max-height:280px;\"\"><img loading=\"lazy\" decoding=\"async\" class=\"lazyload\" src=\"https:\/\/en.siasun.com\/wp-content\/themes\/smartenterprise\/images\/loadings.png\" data-src=\"https:\/\/en.siasun.com\/wp-content\/uploads\/2026\/01\/3-4.jpg\" width=\"1000\" height=\"600\" alt=\"Robot de p\u00f3rtico de \u00e1rbol de levas para procesamiento automatizado ...\" title=\"Robot de p\u00f3rtico de \u00e1rbol de levas para procesamiento automatizado ...\"\/><\/a><div class=\"product_info\"><h3 class=\"pro_title\"><a href=\"https:\/\/en.siasun.com\/es\/camshaft-gantry-robot-for-automated-processing-line.html\">Robot de p\u00f3rtico de \u00e1rbol de levas para l\u00ednea de procesamiento automatizada<\/a><\/h3><\/div><\/div><div class=\"product_post   h_w\" ><a href=\"https:\/\/en.siasun.com\/es\/gantry-robot-for-crankshaft-automated-processing-line.html\" class=\"product_pic postatty\" style=\"max-height:280px;\"\"><img loading=\"lazy\" decoding=\"async\" class=\"lazyload\" src=\"https:\/\/en.siasun.com\/wp-content\/themes\/smartenterprise\/images\/loadings.png\" data-src=\"https:\/\/en.siasun.com\/wp-content\/uploads\/2026\/01\/3-3.jpg\" width=\"1000\" height=\"600\" alt=\"Robot de p\u00f3rtico para el procesamiento automatizado ...\" title=\"Robot de p\u00f3rtico para el procesamiento automatizado ...\"\/><\/a><div class=\"product_info\"><h3 class=\"pro_title\"><a href=\"https:\/\/en.siasun.com\/es\/gantry-robot-for-crankshaft-automated-processing-line.html\">Robot de p\u00f3rtico para l\u00ednea de procesamiento automatizado de cig\u00fce\u00f1ales<\/a><\/h3><\/div><\/div><div class=\"product_post   h_w\" ><a href=\"https:\/\/en.siasun.com\/es\/gantry-robot-for-automated-handling-in-cylinder-block-head-processing-line.html\" class=\"product_pic postatty\" style=\"max-height:280px;\"\"><img loading=\"lazy\" decoding=\"async\" class=\"lazyload\" src=\"https:\/\/en.siasun.com\/wp-content\/themes\/smartenterprise\/images\/loadings.png\" data-src=\"https:\/\/en.siasun.com\/wp-content\/uploads\/2026\/01\/1-2.jpg\" width=\"1000\" height=\"600\" alt=\"Robot de p\u00f3rtico para manipulaci\u00f3n automatizada en...\" title=\"Robot de p\u00f3rtico para manipulaci\u00f3n automatizada en...\"\/><\/a><div class=\"product_info\"><h3 class=\"pro_title\"><a href=\"https:\/\/en.siasun.com\/es\/gantry-robot-for-automated-handling-in-cylinder-block-head-processing-line.html\">Robot de p\u00f3rtico para manipulaci\u00f3n automatizada en l\u00ednea de procesamiento de culatas y bloques de cilindros<\/a><\/h3><\/div><\/div><div class=\"product_post   h_w\" ><a href=\"https:\/\/en.siasun.com\/es\/gantry-robot-for-automated-handling-in-axle-production-line.html\" class=\"product_pic postatty\" style=\"max-height:280px;\"\"><img loading=\"lazy\" decoding=\"async\" class=\"lazyload\" src=\"https:\/\/en.siasun.com\/wp-content\/themes\/smartenterprise\/images\/loadings.png\" data-src=\"https:\/\/en.siasun.com\/wp-content\/uploads\/2026\/01\/2-2.jpg\" width=\"1000\" height=\"600\" alt=\"Robot de p\u00f3rtico para manipulaci\u00f3n automatizada ...\" title=\"Robot de p\u00f3rtico para manipulaci\u00f3n automatizada ...\"\/><\/a><div class=\"product_info\"><h3 class=\"pro_title\"><a href=\"https:\/\/en.siasun.com\/es\/gantry-robot-for-automated-handling-in-axle-production-line.html\">Robot de p\u00f3rtico para manipulaci\u00f3n automatizada en l\u00ednea de producci\u00f3n de ejes<\/a><\/h3><\/div><\/div><div class=\"product_post   h_w\" ><a href=\"https:\/\/en.siasun.com\/es\/brake-by-wire-one-box-esc-abs-solenoid-valve-assembly-and-test-line.html\" class=\"product_pic postatty\" style=\"max-height:280px;\"\"><img loading=\"lazy\" decoding=\"async\" class=\"lazyload\" src=\"https:\/\/en.siasun.com\/wp-content\/themes\/smartenterprise\/images\/loadings.png\" data-src=\"https:\/\/en.siasun.com\/wp-content\/uploads\/2024\/05\/\u672a\u6807\u9898-1-1.png\" width=\"1000\" height=\"600\" alt=\"V\u00e1lvula solenoide BRAKE-BY-WIRE ONE-BOX\/ESC\/ABS As...\" title=\"V\u00e1lvula solenoide BRAKE-BY-WIRE ONE-BOX\/ESC\/ABS As...\"\/><\/a><div class=\"product_info\"><h3 class=\"pro_title\"><a href=\"https:\/\/en.siasun.com\/es\/brake-by-wire-one-box-esc-abs-solenoid-valve-assembly-and-test-line.html\">Conjunto de v\u00e1lvula solenoide BRAKE-BY-WIRE ONE-BOX\/ESC\/ABS y l\u00ednea de prueba<\/a><\/h3><\/div><\/div><div class=\"product_post   h_w\" ><a href=\"https:\/\/en.siasun.com\/es\/front-and-rear-suspension-assembly-chassis-fit-mobile-robot.html\" class=\"product_pic postatty\" style=\"max-height:280px;\"\"><img loading=\"lazy\" decoding=\"async\" class=\"lazyload\" src=\"https:\/\/en.siasun.com\/wp-content\/themes\/smartenterprise\/images\/loadings.png\" data-src=\"https:\/\/en.siasun.com\/wp-content\/uploads\/2024\/05\/5-5.jpg\" width=\"1000\" height=\"600\" alt=\"Conjunto de suspensi\u00f3n delantera y trasera Chasis Fit ...\" title=\"Conjunto de suspensi\u00f3n delantera y trasera Chasis Fit ...\"\/><\/a><div class=\"product_info\"><h3 class=\"pro_title\"><a href=\"https:\/\/en.siasun.com\/es\/front-and-rear-suspension-assembly-chassis-fit-mobile-robot.html\">Conjunto de suspensi\u00f3n delantera y trasera Chasis Fit Robot m\u00f3vil<\/a><\/h3><\/div><\/div><div class=\"product_post   h_w\" ><a href=\"https:\/\/en.siasun.com\/es\/automotive-thermal-management-automation-solution.html\" class=\"product_pic postatty\" style=\"max-height:280px;\"\"><img loading=\"lazy\" decoding=\"async\" class=\"lazyload\" src=\"https:\/\/en.siasun.com\/wp-content\/themes\/smartenterprise\/images\/loadings.png\" data-src=\"https:\/\/en.siasun.com\/wp-content\/uploads\/2024\/05\/1-7.png\" width=\"1000\" height=\"600\" alt=\"Soluci\u00f3n de automatizaci\u00f3n de la gesti\u00f3n t\u00e9rmica del autom\u00f3vil\" title=\"Soluci\u00f3n de automatizaci\u00f3n de la gesti\u00f3n t\u00e9rmica del autom\u00f3vil\"\/><\/a><div class=\"product_info\"><h3 class=\"pro_title\"><a href=\"https:\/\/en.siasun.com\/es\/automotive-thermal-management-automation-solution.html\">Soluci\u00f3n de automatizaci\u00f3n de la gesti\u00f3n t\u00e9rmica del autom\u00f3vil<\/a><\/h3><\/div><\/div><div class=\"product_post   h_w\" ><a href=\"https:\/\/en.siasun.com\/es\/automotive-welding-assembly-line.html\" class=\"product_pic postatty\" style=\"max-height:280px;\"\"><img loading=\"lazy\" decoding=\"async\" class=\"lazyload\" src=\"https:\/\/en.siasun.com\/wp-content\/themes\/smartenterprise\/images\/loadings.png\" data-src=\"https:\/\/en.siasun.com\/wp-content\/uploads\/2024\/05\/\u672a\u6807\u9898-2-1.png\" width=\"1000\" height=\"600\" alt=\"L\u00ednea de montaje de soldadura de automoci\u00f3n\" title=\"L\u00ednea de montaje de soldadura de automoci\u00f3n\"\/><\/a><div class=\"product_info\"><h3 class=\"pro_title\"><a href=\"https:\/\/en.siasun.com\/es\/automotive-welding-assembly-line.html\">L\u00ednea de montaje de soldadura de automoci\u00f3n<\/a><\/h3><\/div><\/div><div class=\"product_post   h_w\" ><a href=\"https:\/\/en.siasun.com\/es\/enginespark-plug-assembly-and-screwing.html\" class=\"product_pic postatty\" style=\"max-height:280px;\"\"><img loading=\"lazy\" decoding=\"async\" class=\"lazyload\" src=\"https:\/\/en.siasun.com\/wp-content\/themes\/smartenterprise\/images\/loadings.png\" data-src=\"https:\/\/en.siasun.com\/wp-content\/uploads\/2024\/05\/\u672a\u6807\u9898-2-6.png\" width=\"1000\" height=\"600\" alt=\"Montaje y atornillado de la buj\u00eda del motor\" title=\"Montaje y atornillado de la buj\u00eda del motor\"\/><\/a><div class=\"product_info\"><h3 class=\"pro_title\"><a href=\"https:\/\/en.siasun.com\/es\/enginespark-plug-assembly-and-screwing.html\">Montaje y atornillado de la buj\u00eda del motor<\/a><\/h3><\/div><\/div><div class=\"product_post   h_w\" ><a href=\"https:\/\/en.siasun.com\/es\/welding-and-gluing-of-automotive-body-parts.html\" class=\"product_pic postatty\" style=\"max-height:280px;\"\"><img loading=\"lazy\" decoding=\"async\" class=\"lazyload\" src=\"https:\/\/en.siasun.com\/wp-content\/themes\/smartenterprise\/images\/loadings.png\" data-src=\"https:\/\/en.siasun.com\/wp-content\/uploads\/2024\/05\/\u672a\u6807\u9898-2-3.png\" width=\"1000\" height=\"600\" alt=\"Soldadura y pegado de piezas de carrocer\u00eda de autom\u00f3viles\" title=\"Soldadura y pegado de piezas de carrocer\u00eda de autom\u00f3viles\"\/><\/a><div class=\"product_info\"><h3 class=\"pro_title\"><a href=\"https:\/\/en.siasun.com\/es\/welding-and-gluing-of-automotive-body-parts.html\">Soldadura y pegado de piezas de carrocer\u00eda de autom\u00f3viles<\/a><\/h3><\/div><\/div><div class=\"product_post   h_w\" ><a href=\"https:\/\/en.siasun.com\/es\/electricdrive-nvh-automatic-detection.html\" class=\"product_pic postatty\" style=\"max-height:280px;\"\"><img loading=\"lazy\" decoding=\"async\" class=\"lazyload\" src=\"https:\/\/en.siasun.com\/wp-content\/themes\/smartenterprise\/images\/loadings.png\" data-src=\"https:\/\/en.siasun.com\/wp-content\/uploads\/2024\/05\/\u672a\u6807\u9898-2-2.png\" width=\"1000\" height=\"600\" alt=\"Electricdrive Detecci\u00f3n autom\u00e1tica de NVH\" title=\"Electricdrive Detecci\u00f3n autom\u00e1tica de NVH\"\/><\/a><div class=\"product_info\"><h3 class=\"pro_title\"><a href=\"https:\/\/en.siasun.com\/es\/electricdrive-nvh-automatic-detection.html\">Electricdrive Detecci\u00f3n autom\u00e1tica de NVH<\/a><\/h3><\/div><\/div><div class=\"product_post   h_w\" ><a href=\"https:\/\/en.siasun.com\/es\/automatic-nail-blowing-and-tightening.html\" class=\"product_pic postatty\" style=\"max-height:280px;\"\"><img loading=\"lazy\" decoding=\"async\" class=\"lazyload\" src=\"https:\/\/en.siasun.com\/wp-content\/themes\/smartenterprise\/images\/loadings.png\" data-src=\"https:\/\/en.siasun.com\/wp-content\/uploads\/2024\/05\/1-15.png\" width=\"1000\" height=\"600\" alt=\"Soplado y apriete autom\u00e1tico de las u\u00f1as\" title=\"Soplado y apriete autom\u00e1tico de las u\u00f1as\"\/><\/a><div class=\"product_info\"><h3 class=\"pro_title\"><a href=\"https:\/\/en.siasun.com\/es\/automatic-nail-blowing-and-tightening.html\">Soplado y apriete autom\u00e1tico de las u\u00f1as<\/a><\/h3><\/div><\/div><div class=\"product_post   h_w\" ><a href=\"https:\/\/en.siasun.com\/es\/new-energy-vehicle-e-e-production-automation-solutions.html\" class=\"product_pic postatty\" style=\"max-height:280px;\"\"><img loading=\"lazy\" decoding=\"async\" class=\"lazyload\" src=\"https:\/\/en.siasun.com\/wp-content\/themes\/smartenterprise\/images\/loadings.png\" data-src=\"https:\/\/en.siasun.com\/wp-content\/uploads\/2024\/05\/1-8.png\" width=\"1000\" height=\"600\" alt=\"Producci\u00f3n de veh\u00edculos de nueva energ\u00eda E\/E...\" title=\"Producci\u00f3n de veh\u00edculos de nueva energ\u00eda E\/E...\"\/><\/a><div class=\"product_info\"><h3 class=\"pro_title\"><a href=\"https:\/\/en.siasun.com\/es\/new-energy-vehicle-e-e-production-automation-solutions.html\">Producci\u00f3n E\/E de veh\u00edculos de nueva energ\u00edaSoluciones de automatizaci\u00f3n<\/a><\/h3><\/div><\/div><div class=\"product_post   h_w\" ><a href=\"https:\/\/en.siasun.com\/es\/auto-lock-assembly-and-test-line.html\" class=\"product_pic postatty\" style=\"max-height:280px;\"\"><img loading=\"lazy\" decoding=\"async\" class=\"lazyload\" src=\"https:\/\/en.siasun.com\/wp-content\/themes\/smartenterprise\/images\/loadings.png\" data-src=\"https:\/\/en.siasun.com\/wp-content\/uploads\/2024\/05\/\u672a\u6807\u9898-1-2.png\" width=\"1000\" height=\"600\" alt=\"Conjunto de cierre autom\u00e1tico y l\u00ednea de prueba\" title=\"Conjunto de cierre autom\u00e1tico y l\u00ednea de prueba\"\/><\/a><div class=\"product_info\"><h3 class=\"pro_title\"><a href=\"https:\/\/en.siasun.com\/es\/auto-lock-assembly-and-test-line.html\">Conjunto de cierre autom\u00e1tico y l\u00ednea de prueba<\/a><\/h3><\/div><\/div><div class=\"product_post   h_w\" ><a href=\"https:\/\/en.siasun.com\/es\/turbocharger-assembly-and-test-line.html\" class=\"product_pic postatty\" style=\"max-height:280px;\"\"><img loading=\"lazy\" decoding=\"async\" class=\"lazyload\" src=\"https:\/\/en.siasun.com\/wp-content\/themes\/smartenterprise\/images\/loadings.png\" data-src=\"https:\/\/en.siasun.com\/wp-content\/uploads\/2024\/05\/1-6.png\" width=\"1000\" height=\"600\" alt=\"Montaje del turbocompresor y l\u00ednea de prueba\" title=\"Montaje del turbocompresor y l\u00ednea de prueba\"\/><\/a><div class=\"product_info\"><h3 class=\"pro_title\"><a href=\"https:\/\/en.siasun.com\/es\/turbocharger-assembly-and-test-line.html\">Montaje del turbocompresor y l\u00ednea de prueba<\/a><\/h3><\/div><\/div><div class=\"product_post   h_w\" ><a href=\"https:\/\/en.siasun.com\/es\/compressor-stator-and-rotor-assembly-and-test-line.html\" class=\"product_pic postatty\" style=\"max-height:280px;\"\"><img loading=\"lazy\" decoding=\"async\" class=\"lazyload\" src=\"https:\/\/en.siasun.com\/wp-content\/themes\/smartenterprise\/images\/loadings.png\" data-src=\"https:\/\/en.siasun.com\/wp-content\/uploads\/2024\/05\/1-4.png\" width=\"1000\" height=\"600\" alt=\"Conjunto de estator y rotor del compresor y l\u00ednea de prueba\" title=\"Conjunto de estator y rotor del compresor y l\u00ednea de prueba\"\/><\/a><div class=\"product_info\"><h3 class=\"pro_title\"><a href=\"https:\/\/en.siasun.com\/es\/compressor-stator-and-rotor-assembly-and-test-line.html\">Conjunto de estator y rotor del compresor y l\u00ednea de prueba<\/a><\/h3><\/div><\/div><div class=\"product_post   h_w\" ><a href=\"https:\/\/en.siasun.com\/es\/electric-drive-motor-assembly-and-test-line.html\" class=\"product_pic postatty\" style=\"max-height:280px;\"\"><img loading=\"lazy\" decoding=\"async\" class=\"lazyload\" src=\"https:\/\/en.siasun.com\/wp-content\/themes\/smartenterprise\/images\/loadings.png\" data-src=\"https:\/\/en.siasun.com\/wp-content\/uploads\/2024\/05\/1-2.png\" width=\"1000\" height=\"600\" alt=\"L\u00ednea de montaje y ensayo de motores el\u00e9ctricos\" title=\"L\u00ednea de montaje y ensayo de motores el\u00e9ctricos\"\/><\/a><div class=\"product_info\"><h3 class=\"pro_title\"><a href=\"https:\/\/en.siasun.com\/es\/electric-drive-motor-assembly-and-test-line.html\">L\u00ednea de montaje y ensayo de motores el\u00e9ctricos<\/a><\/h3><\/div><\/div><div class=\"product_post   h_w\" ><a href=\"https:\/\/en.siasun.com\/es\/steering-wheel-foam-parts-release-agentspraying.html\" class=\"product_pic postatty\" style=\"max-height:280px;\"\"><img loading=\"lazy\" decoding=\"async\" class=\"lazyload\" src=\"https:\/\/en.siasun.com\/wp-content\/themes\/smartenterprise\/images\/loadings.png\" data-src=\"https:\/\/en.siasun.com\/wp-content\/uploads\/2024\/05\/1-18.png\" width=\"1000\" height=\"600\" alt=\"Espuma de Volante Piezas DesmoldeantePulverizaci\u00f3n\" title=\"Espuma de Volante Piezas DesmoldeantePulverizaci\u00f3n\"\/><\/a><div class=\"product_info\"><h3 class=\"pro_title\"><a href=\"https:\/\/en.siasun.com\/es\/steering-wheel-foam-parts-release-agentspraying.html\">Espuma de Volante Piezas DesmoldeantePulverizaci\u00f3n<\/a><\/h3><\/div><\/div><div class=\"product_post   h_w\" ><a href=\"https:\/\/en.siasun.com\/es\/new-energy-vehicle-trunk-battery-pack-tightening.html\" class=\"product_pic postatty\" style=\"max-height:280px;\"\"><img loading=\"lazy\" decoding=\"async\" class=\"lazyload\" src=\"https:\/\/en.siasun.com\/wp-content\/themes\/smartenterprise\/images\/loadings.png\" data-src=\"https:\/\/en.siasun.com\/wp-content\/uploads\/2024\/05\/\u672a\u6807\u9898-2-5.png\" width=\"1000\" height=\"600\" alt=\"La bater\u00eda del maletero de los veh\u00edculos de nueva energ\u00eda se aprieta\" title=\"La bater\u00eda del maletero de los veh\u00edculos de nueva energ\u00eda se aprieta\"\/><\/a><div class=\"product_info\"><h3 class=\"pro_title\"><a href=\"https:\/\/en.siasun.com\/es\/new-energy-vehicle-trunk-battery-pack-tightening.html\">La bater\u00eda del maletero de los veh\u00edculos de nueva energ\u00eda se aprieta<\/a><\/h3><\/div><\/div><\/div><\/div>\n<\/div>\n<\/div>\n<\/div><div class=\"layout_badh\"><\/div><\/section>","protected":false},"excerpt":{"rendered":"","protected":false},"author":1,"featured_media":0,"parent":0,"menu_order":0,"comment_status":"closed","ping_status":"closed","template":"","meta":{"_seopress_robots_primary_cat":"","_seopress_titles_title":"","_seopress_titles_desc":"","_seopress_robots_index":"","themepark_post_bcolor":"#f5f5f5","themepark_post_width":"100% dong","themepark_post_img":"","themepark_post_img_po":"left","themepark_post_img_re":false,"themepark_post_img_cover":false,"themepark_post_img_fixed":false,"themepark_post_hide_title":true,"themepark_post_main_b":"","themepark_post_main_p":100,"themepark_paddingblock":true,"footnotes":""},"class_list":["post-4240","page","type-page","status-publish","hentry"],"_links":{"self":[{"href":"https:\/\/en.siasun.com\/es\/wp-json\/wp\/v2\/pages\/4240"}],"collection":[{"href":"https:\/\/en.siasun.com\/es\/wp-json\/wp\/v2\/pages"}],"about":[{"href":"https:\/\/en.siasun.com\/es\/wp-json\/wp\/v2\/types\/page"}],"author":[{"embeddable":true,"href":"https:\/\/en.siasun.com\/es\/wp-json\/wp\/v2\/users\/1"}],"replies":[{"embeddable":true,"href":"https:\/\/en.siasun.com\/es\/wp-json\/wp\/v2\/comments?post=4240"}],"version-history":[{"count":18,"href":"https:\/\/en.siasun.com\/es\/wp-json\/wp\/v2\/pages\/4240\/revisions"}],"predecessor-version":[{"id":5043,"href":"https:\/\/en.siasun.com\/es\/wp-json\/wp\/v2\/pages\/4240\/revisions\/5043"}],"wp:attachment":[{"href":"https:\/\/en.siasun.com\/es\/wp-json\/wp\/v2\/media?parent=4240"}],"curies":[{"name":"wp","href":"https:\/\/api.w.org\/{rel}","templated":true}]}}