{"id":1365,"date":"2024-03-27T10:08:50","date_gmt":"2024-03-27T02:08:50","guid":{"rendered":"http:\/\/en.siasun.com\/?page_id=1365"},"modified":"2024-06-14T16:05:59","modified_gmt":"2024-06-14T08:05:59","slug":"system-service","status":"publish","type":"page","link":"https:\/\/en.siasun.com\/es\/servicio-del-sistema.html","title":{"rendered":"Servicio del sistema"},"content":{"rendered":"<section class=\"wp-block-themepark-block-themepark-area block_layout thempark-block undefined bom100 top100\" id=\"\" style=\"padding-top:120px;height:350px;box-sizing: border-box;width: 100%;\" data-swiper-parallax=\"-700\"><div class=\"block_layout_in\" style=\"\">\n<div class=\"wp-block-column block_layout_in is-layout-flow wp-block-column-is-layout-flow\">\n<h2 class=\"wp-block-heading has-text-align-center fonts1 has-monte-white-color has-text-color has-large-font-size\" style=\"letter-spacing:5px;text-transform:uppercase\">servicio del sistema<\/h2>\n\n\n\n<p class=\"has-text-align-center has-monte-white-color has-text-color has-normal-font-size\" style=\"text-transform:uppercase\"><\/p>\n<\/div>\n<\/div><div class=\"layout_badh\"><div class=\"shizhezhao\" style=\"opacity:0.3;background-color:#000000;\"><\/div><div class=\"PcOnly themepark-block_layout_ba lazyload swiper-lazy\" style=\"background-repeat:no-repeat;background-size:cover;background-position:center;\" data-background=\"http:\/\/en.siasun.com\/wp-content\/uploads\/2024\/05\/sb.jpg\"><\/div><div class=\"MovePnly themepark-block_layout_ba lazyload swiper-move-lazy\" style=\"background-repeat:no-repeat;background-size:cover;background-position:center;\" data-background=\"http:\/\/en.siasun.com\/wp-content\/uploads\/2024\/05\/sb768.jpg\"><\/div><\/div><\/section>\n\n\n\n<section class=\"wp-block-themepark-block-themepark-area block_layout thempark-block PcOnly\" id=\"\" style=\"background-color:#ffffff;padding-top:48px;\" data-swiper-parallax=\"-700\"><div class=\"block_layout_in\" style=\"max-width:1200px;\">\n<div class=\"wp-block-column block_layout_in is-layout-flow wp-block-column-is-layout-flow\" style=\"flex-basis:1000px\">\n<section class=\"wp-block-themepark-block-themepark-imgtext thempark-block themepark_imgtext leftright moveupd  undefined jiaocuo\" style=\"padding-bottom:160px;\"><div class=\"themepark_imgtext_img\" style=\"width:47%;margin:0;\" data-swiper-parallax=\"-1800\"><img class=\"lazyload  swiper-lazy swiper-move-lazy\" style=\"max-width:190%;right:90%;\" data-src=\"http:\/\/en.siasun.com\/wp-content\/uploads\/2024\/05\/Frame-39_\u526f\u672c.jpg\" alt=\"\"\/><\/div><div class=\"themepark_imgtext_text\" style=\"width:53%;margin:0;\" data-swiper-parallax=\"-1600\">\n<div class=\"wp-block-column is-layout-flow wp-block-column-is-layout-flow\">\n<div class=\"wp-block-themepark-block-themepark-xian theme_fang_out\" style=\"text-align:left;padding-top:71px;\"><div class=\"fangbox\" style=\"width:undefinedpx;\"><\/div><\/div>\n\n\n\n<div class=\"wp-block-themepark-block-themepark-xian theme_fang_out\" style=\"text-align:left;padding-top:71px;\"><div class=\"fangbox\" style=\"width:undefinedpx;\"><\/div><\/div>\n\n\n\n<p><\/p>\n\n\n\n<div class=\"wp-block-themepark-block-themepark-wright content-super-p\" style=\"font-size:16px;line-height:32px;color:#ffffff;background-color:#ffffff;padding:0px 48px;\">\n<div class=\"wp-block-column is-layout-flow wp-block-column-is-layout-flow\">\n<div class=\"wp-block-themepark-block-themepark-wright content-super-p\" style=\"font-size:16px;line-height:24px;color:#4d4d4d;padding:24px 0px;\">\n<div class=\"wp-block-column is-layout-flow wp-block-column-is-layout-flow\">\n<div class=\"wp-block-themepark-block-themepark-xian theme_fang_out  top10\" style=\"text-align:left;padding-top:33px;padding-bottom:24px;\"><div class=\"fangbox\" style=\"width:48px;height:6px;background-color:#597aab;\"><\/div><\/div>\n\n\n\n<h2 class=\"wp-block-heading fonts1 has-text-color\" style=\"color:#363636;font-size:40px;font-style:normal;font-weight:800;text-transform:capitalize\">Automatizaci\u00f3n de la soldadura<\/h2>\n\n\n\n<p><\/p>\n\n\n\n<p><\/p>\n\n\n\n<p class=\"fonts2 has-text-color has-link-color has-normal-font-size wp-elements-ec7cd71c00ac455033f60ffbaba3f1f2\" style=\"color:#464646\">Como integrador de sistemas rob\u00f3ticos de renombre en China, SIASUN conoce a fondo las normas t\u00e9cnicas de las principales empresas internacionales y siempre ha ocupado un lugar destacado en el \u00e1mbito de las aplicaciones rob\u00f3ticas. Con un gran n\u00famero de experiencia pr\u00e1ctica acumulada, SIASUN contin\u00faa proporcionando a los usuarios est\u00e1ndares internacionales de soluciones de sistemas de automatizaci\u00f3n de soldadura en diferentes campos.<\/p>\n\n\n\n<p><\/p>\n\n\n\n<p><\/p>\n\n\n\n<div class=\"wp-block-themepark-block-btn themepark-i-btn-out fonts2\" style=\"text-align:right;\"><div class=\"themepark-i-btn-out_ins\" style=\"\"><div class=\"themepark-i-btn-out_in\"><div class=\"themepark-i-btn\" style=\"background-color:#0084ff;color:#ffffff;font-size:16px;border:solid 1px #0084ff;border-radius:18px;padding:4px 35px;\"><a href=\"\/index.php\/welding-automation\/\" rel=\"noopener noreferrer \">M\u00e1s informaci\u00f3n<\/a><a class=\"hovers\" data-title=\"Learn more\" style=\"color:#ffffff;background-color:#0084ff;padding:4px 35px;border-radius:18px;\" href=\"\/index.php\/welding-automation\/\" rel=\"noopener noreferrer\" target=\"_self\"><\/a><\/div><\/div><\/div><\/div>\n\n\n\n<p><\/p>\n\n\n\n<p><\/p>\n<\/div>\n<\/div>\n<\/div>\n<\/div>\n\n\n\n<p><\/p>\n<\/div>\n<\/div><div class=\"themepark_imgtext_ba\" style=\"opacity:1;\"><\/div><\/section>\n\n\n\n<section class=\"wp-block-themepark-block-themepark-imgtext thempark-block themepark_imgtext moveupd  undefined jiaocuo\" style=\"padding-bottom:160px;\"><div class=\"themepark_imgtext_img\" style=\"width:47%;margin:0;\" data-swiper-parallax=\"-1800\"><img class=\"lazyload  swiper-lazy swiper-move-lazy\" style=\"max-width:190%;\" data-src=\"http:\/\/en.siasun.com\/wp-content\/uploads\/2024\/05\/Frame-40_\u526f\u672c.jpg\" alt=\"\"\/><\/div><div class=\"themepark_imgtext_text\" style=\"width:53%;margin:0;\" data-swiper-parallax=\"-1600\">\n<div class=\"wp-block-column is-layout-flow wp-block-column-is-layout-flow\">\n<div class=\"wp-block-themepark-block-themepark-xian theme_fang_out\" style=\"text-align:left;padding-top:71px;\"><div class=\"fangbox\" style=\"width:undefinedpx;\"><\/div><\/div>\n\n\n\n<div class=\"wp-block-themepark-block-themepark-xian theme_fang_out\" style=\"text-align:left;padding-top:71px;\"><div class=\"fangbox\" style=\"width:undefinedpx;\"><\/div><\/div>\n\n\n\n<p><\/p>\n\n\n\n<div class=\"wp-block-themepark-block-themepark-wright content-super-p\" style=\"font-size:16px;line-height:32px;color:#ffffff;background-color:#ffffff;padding:0px 48px;\">\n<div class=\"wp-block-column is-layout-flow wp-block-column-is-layout-flow\">\n<div class=\"wp-block-themepark-block-themepark-wright content-super-p\" style=\"font-size:16px;line-height:24px;color:#4d4d4d;padding:24px 0px;\">\n<div class=\"wp-block-column is-layout-flow wp-block-column-is-layout-flow\">\n<div class=\"wp-block-themepark-block-themepark-xian theme_fang_out  top10\" style=\"text-align:left;padding-top:33px;padding-bottom:24px;\"><div class=\"fangbox\" style=\"width:48px;height:6px;background-color:#597aab;\"><\/div><\/div>\n\n\n\n<h2 class=\"wp-block-heading fonts1 has-text-color\" style=\"color:#363636;font-size:40px;font-style:normal;font-weight:800;letter-spacing:0px;text-transform:capitalize\">Automatizaci\u00f3n del montaje<\/h2>\n\n\n\n<p><\/p>\n\n\n\n<p><\/p>\n\n\n\n<p class=\"fonts2 has-text-color has-link-color has-normal-font-size wp-elements-a72111685bcb53588780a69d95a95e43\" style=\"color:#464646\">SIASUN integra una serie de robots, equipos inteligentes y sistemas de informaci\u00f3n para ofrecer a los clientes soluciones integrales de sistemas de automatizaci\u00f3n de montaje, como consultor\u00eda, planificaci\u00f3n, construcci\u00f3n, operaci\u00f3n y mantenimiento, liderando la nueva direcci\u00f3n del desarrollo digital e inteligente de la industria manufacturera.<\/p>\n\n\n\n<p><\/p>\n\n\n\n<p><\/p>\n\n\n\n<div class=\"wp-block-themepark-block-btn themepark-i-btn-out fonts2\" style=\"text-align:right;\"><div class=\"themepark-i-btn-out_ins\" style=\"\"><div class=\"themepark-i-btn-out_in\"><div class=\"themepark-i-btn\" style=\"background-color:#0084ff;color:#ffffff;font-size:16px;border:solid 1px #0084ff;border-radius:18px;padding:4px 35px;\"><a href=\"\/index.php\/assembly-automation\/\" rel=\"noopener noreferrer \">M\u00e1s informaci\u00f3n<\/a><a class=\"hovers\" data-title=\"Learn more\" style=\"color:#ffffff;background-color:#0084ff;padding:4px 35px;border-radius:18px;\" href=\"\/index.php\/assembly-automation\/\" rel=\"noopener noreferrer\" target=\"_self\"><\/a><\/div><\/div><\/div><\/div>\n\n\n\n<p><\/p>\n\n\n\n<p><\/p>\n<\/div>\n<\/div>\n<\/div>\n<\/div>\n\n\n\n<p><\/p>\n<\/div>\n<\/div><div class=\"themepark_imgtext_ba\" style=\"opacity:1;\"><\/div><\/section>\n\n\n\n<section class=\"wp-block-themepark-block-themepark-imgtext thempark-block themepark_imgtext leftright moveupd  undefined jiaocuo\" style=\"padding-bottom:160px;\"><div class=\"themepark_imgtext_img\" style=\"width:47%;margin:0;\" data-swiper-parallax=\"-1800\"><img class=\"lazyload  swiper-lazy swiper-move-lazy\" style=\"max-width:190%;right:90%;\" data-src=\"http:\/\/en.siasun.com\/wp-content\/uploads\/2024\/05\/Frame-41_\u526f\u672c.jpg\" alt=\"\"\/><\/div><div class=\"themepark_imgtext_text\" style=\"width:53%;margin:0;\" data-swiper-parallax=\"-1600\">\n<div class=\"wp-block-column is-layout-flow wp-block-column-is-layout-flow\">\n<div class=\"wp-block-themepark-block-themepark-xian theme_fang_out\" style=\"text-align:left;padding-top:71px;\"><div class=\"fangbox\" style=\"width:undefinedpx;\"><\/div><\/div>\n\n\n\n<div class=\"wp-block-themepark-block-themepark-xian theme_fang_out\" style=\"text-align:left;padding-top:71px;\"><div class=\"fangbox\" style=\"width:undefinedpx;\"><\/div><\/div>\n\n\n\n<p><\/p>\n\n\n\n<div class=\"wp-block-themepark-block-themepark-wright content-super-p\" style=\"font-size:16px;line-height:32px;color:#ffffff;background-color:#ffffff;padding:0px 48px;\">\n<div class=\"wp-block-column is-layout-flow wp-block-column-is-layout-flow\">\n<div class=\"wp-block-themepark-block-themepark-wright content-super-p\" style=\"font-size:16px;line-height:24px;color:#4d4d4d;padding:24px 0px;\">\n<div class=\"wp-block-column is-layout-flow wp-block-column-is-layout-flow\">\n<div class=\"wp-block-themepark-block-themepark-xian theme_fang_out  top10\" style=\"text-align:left;padding-top:33px;padding-bottom:24px;\"><div class=\"fangbox\" style=\"width:48px;height:6px;background-color:#597aab;\"><\/div><\/div>\n\n\n\n<h2 class=\"wp-block-heading fonts1 has-text-color\" style=\"color:#363636;font-size:40px;font-style:normal;font-weight:800;letter-spacing:0px;text-transform:capitalize\">Automatizaci\u00f3n log\u00edstica<\/h2>\n\n\n\n<p><\/p>\n\n\n\n<p><\/p>\n\n\n\n<p class=\"fonts2\">SIASUN ofrece proyectos de log\u00edstica inteligente llave en mano que incluyen servicios de consultor\u00eda, dise\u00f1o, fabricaci\u00f3n, instalaci\u00f3n, puesta en marcha y posventa a los clientes, con soluciones integradas de sistema de almac\u00e9n autom\u00e1tico, transportador, AGV, RGV, robot paletizador, EMS, WMS y gemelo digital.<\/p>\n\n\n\n<p>Los proyectos abarcan los pa\u00edses de Francia, Inglaterra, Polonia, Serbia, Rusia, Canad\u00e1, M\u00e9xico, Costa de Marfil, Singapur, Tailandia, Malasia, Filipinas, India y China.<\/p>\n\n\n\n<p class=\"has-text-color has-link-color has-normal-font-size wp-elements-ee018d46d23d2216b8dbf6b3c989a47d\" style=\"color:#464646\"><\/p>\n\n\n\n<p><\/p>\n\n\n\n<p><\/p>\n\n\n\n<div class=\"wp-block-themepark-block-btn themepark-i-btn-out fonts2\" style=\"text-align:right;\"><div class=\"themepark-i-btn-out_ins\" style=\"\"><div class=\"themepark-i-btn-out_in\"><div class=\"themepark-i-btn\" style=\"background-color:#0084ff;color:#ffffff;font-size:16px;border:solid 1px #0084ff;border-radius:18px;padding:4px 35px;\"><a href=\"\/index.php\/logistics-automation\" rel=\"noopener noreferrer \">M\u00e1s informaci\u00f3n<\/a><a class=\"hovers\" data-title=\"Learn more\" style=\"color:#ffffff;background-color:#0084ff;padding:4px 35px;border-radius:18px;\" href=\"\/index.php\/logistics-automation\" rel=\"noopener noreferrer\" target=\"_self\"><\/a><\/div><\/div><\/div><\/div>\n\n\n\n<p><\/p>\n\n\n\n<p><\/p>\n<\/div>\n<\/div>\n<\/div>\n<\/div>\n\n\n\n<p><\/p>\n<\/div>\n<\/div><div class=\"themepark_imgtext_ba\" style=\"opacity:1;\"><\/div><\/section>\n<\/div>\n<\/div><div class=\"layout_badh\"><\/div><\/section>\n\n\n\n<section class=\"wp-block-themepark-block-themepark-area block_layout thempark-block MovePnly\" id=\"\" style=\"background-color:#ffffff;\" data-swiper-parallax=\"-700\"><div class=\"block_layout_in\" style=\"\">\n<div class=\"wp-block-column block_layout_in is-layout-flow wp-block-column-is-layout-flow\">\n<section class=\"wp-block-themepark-block-themepark-imgtext thempark-block themepark_imgtext bigpic  leftright moveupd undefined fonts2\" style=\"padding-bottom:20px;padding-top:50px;\"><div class=\"themepark_imgtext_img\" style=\"width:50%;text-align:right;\" data-swiper-parallax=\"-1800\"><img class=\"lazyload  swiper-lazy swiper-move-lazy\" style=\"\" data-src=\"https:\/\/en.siasun.com\/wp-content\/uploads\/2024\/06\/1-6.jpg\" alt=\"\"\/><\/div><div class=\"themepark_imgtext_text\" style=\"width:47%;\" data-swiper-parallax=\"-1600\">\n<div class=\"wp-block-column is-layout-flow wp-block-column-is-layout-flow\">\n<div class=\"wp-block-themepark-block-themepark-wright content-super-p\" style=\"font-size:16px;line-height:24px;color:#333333;padding:0px 8px;\">\n<div class=\"wp-block-column is-layout-flow wp-block-column-is-layout-flow\">\n<div class=\"wp-block-themepark-block-themepark-xian theme_fang_out  top30 bom30\" style=\"text-align:left;padding-top:40px;padding-bottom:30px;\"><div class=\"fangbox\" style=\"width:48px;height:6px;background-color:#597aab;\"><\/div><\/div>\n\n\n\n<h2 class=\"wp-block-heading fonts1 has-text-color has-large-font-size\" style=\"color:#363636;font-style:normal;font-weight:800;letter-spacing:0px;text-transform:capitalize\">Automatizaci\u00f3n de la soldadura<\/h2>\n\n\n\n<div class=\"wp-block-themepark-block-themepark-xian theme_fang_out\" style=\"text-align:left;padding-bottom:10px;\"><div class=\"fangbox\" style=\"width:undefinedpx;\"><\/div><\/div>\n\n\n\n<div class=\"wp-block-themepark-block-themepark-wright content-super-p\" style=\"font-size:16px;line-height:24px;color:#464646;padding:2px 0px;\">\n<div class=\"wp-block-column is-layout-flow wp-block-column-is-layout-flow\">\n<p class=\"fonts2\" style=\"font-size:15px\">Como integrador de sistemas rob\u00f3ticos de renombre en China, SIASUN conoce a fondo las normas t\u00e9cnicas de las principales empresas internacionales y siempre ha ocupado un lugar destacado en el \u00e1mbito de las aplicaciones rob\u00f3ticas. Con un gran n\u00famero de experiencia pr\u00e1ctica acumulada, SIASUN contin\u00faa proporcionando a los usuarios est\u00e1ndares internacionales de soluciones de sistemas de automatizaci\u00f3n de soldadura en diferentes campos.<\/p>\n\n\n\n<p><\/p>\n\n\n\n<div class=\"wp-block-themepark-block-btn themepark-i-btn-out fonts2\" style=\"text-align:right;\"><div class=\"themepark-i-btn-out_ins\" style=\"\"><div class=\"themepark-i-btn-out_in\"><div class=\"themepark-i-btn\" style=\"background-color:#0084ff;color:#ffffff;font-size:16px;border:solid 1px #0084ff;border-radius:18px;padding:4px 35px;\"><a href=\"\/index.php\/welding-automation\/\" rel=\"noopener noreferrer \">M\u00e1s informaci\u00f3n<\/a><a class=\"hovers\" data-title=\"Learn more\" style=\"color:#ffffff;background-color:#0084ff;padding:4px 35px;border-radius:18px;\" href=\"\/index.php\/welding-automation\/\" rel=\"noopener noreferrer\" target=\"_self\"><\/a><\/div><\/div><\/div><\/div>\n<\/div>\n<\/div>\n<\/div>\n<\/div>\n<\/div>\n<\/div><div class=\"themepark_imgtext_ba\" style=\"\"><\/div><\/section>\n<\/div>\n<\/div><div class=\"layout_badh\"><div class=\"shizhezhao\" style=\"opacity:0.31;background-color:;\"><\/div><\/div><\/section>\n\n\n\n<section class=\"wp-block-themepark-block-themepark-area block_layout thempark-block MovePnly\" id=\"\" style=\"background-color:#ffffff;\" data-swiper-parallax=\"-700\"><div class=\"block_layout_in\" style=\"\">\n<div class=\"wp-block-column block_layout_in is-layout-flow wp-block-column-is-layout-flow\">\n<section class=\"wp-block-themepark-block-themepark-imgtext thempark-block themepark_imgtext bigpic  leftright moveupd undefined fonts2\" style=\"padding-bottom:20px;padding-top:50px;\"><div class=\"themepark_imgtext_img\" style=\"width:50%;text-align:right;\" data-swiper-parallax=\"-1800\"><img class=\"lazyload  swiper-lazy swiper-move-lazy\" style=\"\" data-src=\"https:\/\/en.siasun.com\/wp-content\/uploads\/2024\/06\/2-8.jpg\" alt=\"\"\/><\/div><div class=\"themepark_imgtext_text\" style=\"width:47%;\" data-swiper-parallax=\"-1600\">\n<div class=\"wp-block-column is-layout-flow wp-block-column-is-layout-flow\">\n<div class=\"wp-block-themepark-block-themepark-wright content-super-p\" style=\"font-size:16px;line-height:24px;color:#333333;padding:0px 8px;\">\n<div class=\"wp-block-column is-layout-flow wp-block-column-is-layout-flow\">\n<div class=\"wp-block-themepark-block-themepark-xian theme_fang_out  top30 bom30\" style=\"text-align:left;padding-top:40px;padding-bottom:30px;\"><div class=\"fangbox\" style=\"width:48px;height:6px;background-color:#597aab;\"><\/div><\/div>\n\n\n\n<h2 class=\"wp-block-heading fonts1 has-text-color has-large-font-size\" style=\"color:#363636;font-style:normal;font-weight:800;letter-spacing:0px;text-transform:capitalize\">Automatizaci\u00f3n del montaje<\/h2>\n\n\n\n<div class=\"wp-block-themepark-block-themepark-xian theme_fang_out\" style=\"text-align:left;padding-bottom:10px;\"><div class=\"fangbox\" style=\"width:undefinedpx;\"><\/div><\/div>\n\n\n\n<div class=\"wp-block-themepark-block-themepark-wright content-super-p\" style=\"font-size:16px;line-height:24px;color:#464646;padding:2px 0px;\">\n<div class=\"wp-block-column is-layout-flow wp-block-column-is-layout-flow\">\n<p class=\"fonts2\" style=\"font-size:15px\">SIASUN integra una serie de robots, equipos inteligentes y sistemas de informaci\u00f3n para ofrecer a los clientes soluciones integrales de sistemas de automatizaci\u00f3n de montaje, como consultor\u00eda, planificaci\u00f3n, construcci\u00f3n, operaci\u00f3n y mantenimiento, liderando la nueva direcci\u00f3n del desarrollo digital e inteligente de la industria manufacturera.<\/p>\n\n\n\n<p><\/p>\n<\/div>\n<\/div>\n\n\n\n<div class=\"wp-block-themepark-block-btn themepark-i-btn-out fonts2\" style=\"text-align:right;\"><div class=\"themepark-i-btn-out_ins\" style=\"\"><div class=\"themepark-i-btn-out_in\"><div class=\"themepark-i-btn\" style=\"background-color:#0084ff;color:#ffffff;font-size:16px;border:solid 1px #0084ff;border-radius:18px;padding:4px 35px;\"><a href=\"\/index.php\/assembly-automation\/\" rel=\"noopener noreferrer \">M\u00e1s informaci\u00f3n<\/a><a class=\"hovers\" data-title=\"Learn more\" style=\"color:#ffffff;background-color:#0084ff;padding:4px 35px;border-radius:18px;\" href=\"\/index.php\/assembly-automation\/\" rel=\"noopener noreferrer\" target=\"_self\"><\/a><\/div><\/div><\/div><\/div>\n<\/div>\n<\/div>\n<\/div>\n<\/div><div class=\"themepark_imgtext_ba\" style=\"\"><\/div><\/section>\n<\/div>\n<\/div><div class=\"layout_badh\"><div class=\"shizhezhao\" style=\"opacity:0.31;background-color:;\"><\/div><\/div><\/section>\n\n\n\n<section class=\"wp-block-themepark-block-themepark-area block_layout thempark-block MovePnly\" id=\"\" style=\"background-color:#ffffff;\" data-swiper-parallax=\"-700\"><div class=\"block_layout_in\" style=\"\">\n<div class=\"wp-block-column block_layout_in is-layout-flow wp-block-column-is-layout-flow\">\n<section class=\"wp-block-themepark-block-themepark-imgtext thempark-block themepark_imgtext bigpic  leftright moveupd undefined fonts2\" style=\"padding-bottom:20px;padding-top:50px;\"><div class=\"themepark_imgtext_img\" style=\"width:50%;text-align:right;\" data-swiper-parallax=\"-1800\"><img class=\"lazyload  swiper-lazy swiper-move-lazy\" style=\"\" data-src=\"https:\/\/en.siasun.com\/wp-content\/uploads\/2024\/06\/3-7.jpg\" alt=\"\"\/><\/div><div class=\"themepark_imgtext_text\" style=\"width:47%;\" data-swiper-parallax=\"-1600\">\n<div class=\"wp-block-column is-layout-flow wp-block-column-is-layout-flow\">\n<div class=\"wp-block-themepark-block-themepark-wright content-super-p\" style=\"font-size:16px;line-height:24px;color:#333333;padding:0px 8px;\">\n<div class=\"wp-block-column is-layout-flow wp-block-column-is-layout-flow\">\n<div class=\"wp-block-themepark-block-themepark-xian theme_fang_out  top30 bom30\" style=\"text-align:left;padding-top:40px;padding-bottom:30px;\"><div class=\"fangbox\" style=\"width:48px;height:6px;background-color:#597aab;\"><\/div><\/div>\n\n\n\n<h2 class=\"wp-block-heading fonts1 has-text-color has-large-font-size\" style=\"color:#363636;font-style:normal;font-weight:800;letter-spacing:0px;text-transform:capitalize\">Automatizaci\u00f3n log\u00edstica<\/h2>\n\n\n\n<div class=\"wp-block-themepark-block-themepark-xian theme_fang_out\" style=\"text-align:left;padding-bottom:10px;\"><div class=\"fangbox\" style=\"width:undefinedpx;\"><\/div><\/div>\n\n\n\n<div class=\"wp-block-themepark-block-themepark-wright content-super-p\" style=\"font-size:16px;line-height:24px;color:#464646;padding:2px 0px;\">\n<div class=\"wp-block-column is-layout-flow wp-block-column-is-layout-flow\">\n<p class=\"fonts2\" style=\"font-size:15px\">SIASUN ofrece proyectos de log\u00edstica inteligente llave en mano que incluyen servicios de consultor\u00eda, dise\u00f1o, fabricaci\u00f3n, instalaci\u00f3n, puesta en marcha y posventa a los clientes, con soluciones integradas de sistema de almac\u00e9n autom\u00e1tico, transportador, AGV, RGV, robot paletizador, EMS, WMS y gemelo digital.<\/p>\n\n\n\n<p>Los proyectos abarcan los pa\u00edses de Francia, Inglaterra, Polonia, Serbia, Rusia, Canad\u00e1, M\u00e9xico, Costa de Marfil, Singapur, Tailandia, Malasia, Filipinas, India y China.<\/p>\n<\/div>\n<\/div>\n\n\n\n<div class=\"wp-block-themepark-block-btn themepark-i-btn-out fonts2\" style=\"text-align:right;\"><div class=\"themepark-i-btn-out_ins\" style=\"\"><div class=\"themepark-i-btn-out_in\"><div class=\"themepark-i-btn\" style=\"background-color:#0084ff;color:#ffffff;font-size:16px;border:solid 1px #0084ff;border-radius:18px;padding:4px 35px;\"><a href=\"\/index.php\/logistics-automation\" rel=\"noopener noreferrer \">M\u00e1s informaci\u00f3n<\/a><a class=\"hovers\" data-title=\"Learn more\" style=\"color:#ffffff;background-color:#0084ff;padding:4px 35px;border-radius:18px;\" href=\"\/index.php\/logistics-automation\" rel=\"noopener noreferrer\" target=\"_self\"><\/a><\/div><\/div><\/div><\/div>\n<\/div>\n<\/div>\n<\/div>\n<\/div><div class=\"themepark_imgtext_ba\" style=\"\"><\/div><\/section>\n<\/div>\n<\/div><div class=\"layout_badh\"><div class=\"shizhezhao\" style=\"opacity:0.31;background-color:;\"><\/div><\/div><\/section>\n\n\n\n<p><\/p>","protected":false},"excerpt":{"rendered":"","protected":false},"author":1,"featured_media":0,"parent":0,"menu_order":0,"comment_status":"closed","ping_status":"closed","template":"","meta":{"_seopress_robots_primary_cat":"","_seopress_titles_title":"","_seopress_titles_desc":"","_seopress_robots_index":"","themepark_post_bcolor":"#f5f5f5","themepark_post_width":"100% dong","themepark_post_img":"","themepark_post_img_po":"left","themepark_post_img_re":false,"themepark_post_img_cover":false,"themepark_post_img_fixed":false,"themepark_post_hide_title":true,"themepark_post_main_b":"","themepark_post_main_p":100,"themepark_paddingblock":true,"footnotes":""},"class_list":["post-1365","page","type-page","status-publish","hentry"],"_links":{"self":[{"href":"https:\/\/en.siasun.com\/es\/wp-json\/wp\/v2\/pages\/1365"}],"collection":[{"href":"https:\/\/en.siasun.com\/es\/wp-json\/wp\/v2\/pages"}],"about":[{"href":"https:\/\/en.siasun.com\/es\/wp-json\/wp\/v2\/types\/page"}],"author":[{"embeddable":true,"href":"https:\/\/en.siasun.com\/es\/wp-json\/wp\/v2\/users\/1"}],"replies":[{"embeddable":true,"href":"https:\/\/en.siasun.com\/es\/wp-json\/wp\/v2\/comments?post=1365"}],"version-history":[{"count":129,"href":"https:\/\/en.siasun.com\/es\/wp-json\/wp\/v2\/pages\/1365\/revisions"}],"predecessor-version":[{"id":5593,"href":"https:\/\/en.siasun.com\/es\/wp-json\/wp\/v2\/pages\/1365\/revisions\/5593"}],"wp:attachment":[{"href":"https:\/\/en.siasun.com\/es\/wp-json\/wp\/v2\/media?parent=1365"}],"curies":[{"name":"wp","href":"https:\/\/api.w.org\/{rel}","templated":true}]}}