{"id":944,"date":"2024-03-21T15:38:38","date_gmt":"2024-03-21T07:38:38","guid":{"rendered":"http:\/\/en.siasun.com\/?page_id=944"},"modified":"2024-06-14T10:59:22","modified_gmt":"2024-06-14T02:59:22","slug":"about-us","status":"publish","type":"page","link":"https:\/\/en.siasun.com\/de\/uber-uns.html","title":{"rendered":"\u00dcber uns"},"content":{"rendered":"<section class=\"wp-block-themepark-block-themepark-area block_layout thempark-block undefined bom100 top100\" id=\"\" style=\"padding-top:120px;height:350px;box-sizing: border-box;width: 100%;\" data-swiper-parallax=\"-700\"><div class=\"block_layout_in\" style=\"\">\n<div class=\"wp-block-column block_layout_in is-layout-flow wp-block-column-is-layout-flow\">\n<h2 class=\"wp-block-heading has-text-align-center fonts1 has-monte-white-color has-text-color has-large-font-size\" style=\"letter-spacing:5px\"><span style=\"color: rgb(209, 213, 219); font-family: S\u00f6hne, ui-sans-serif, system-ui, -apple-system, &quot;Segoe UI&quot;, Roboto, Ubuntu, Cantarell, &quot;Noto Sans&quot;, sans-serif, &quot;Helvetica Neue&quot;, Arial, &quot;Apple Color Emoji&quot;, &quot;Segoe UI Emoji&quot;, &quot;Segoe UI Symbol&quot;, &quot;Noto Color Emoji&quot;; font-size: 16px; font-style: normal; font-variant-ligatures: normal; font-variant-caps: normal; font-weight: 400; letter-spacing: normal; orphans: 2; text-align: left; text-indent: 0px; text-transform: none; widows: 2; word-spacing: 0px; -webkit-text-stroke-width: 0px; white-space: pre-wrap; background-color: rgb(68, 70, 84); text-decoration-thickness: initial; text-decoration-style: initial; text-decoration-color: initial; display: inline !important; float: none;\"><\/span>SIASUN Robot &amp; Automation Co, Ltd.<\/h2>\n\n\n\n<p class=\"has-text-align-center has-monte-white-color has-text-color has-normal-font-size\" style=\"text-transform:none\"><\/p>\n<\/div>\n<\/div><div class=\"layout_badh\"><div class=\"shizhezhao\" style=\"opacity:0.3;background-color:#000000;\"><\/div><div class=\"PcOnly themepark-block_layout_ba lazyload swiper-lazy\" style=\"background-repeat:no-repeat;background-size:cover;\" data-background=\"http:\/\/en.siasun.com\/wp-content\/uploads\/2024\/03\/about_img01.jpg\"><\/div><\/div><\/section>\n\n\n\n<section class=\"wp-block-themepark-block-themepark-area block_layout thempark-block undefined\" id=\"\" style=\"padding-bottom:44px;padding-top:24px;\" data-swiper-parallax=\"-700\"><div class=\"block_layout_in\" style=\"\">\n<div class=\"wp-block-column is-layout-flow wp-block-column-is-layout-flow\" id=\"home1\">\n<div class=\"wp-block-themepark-block-themepark-wright content-super-p\" style=\"font-size:16px;line-height:32px;padding:10px 8px;\">\n<div class=\"wp-block-column is-layout-flow wp-block-column-is-layout-flow\">\n<div class=\"wp-block-themepark-block-themepark-xian theme_fang_out  top10\" style=\"text-align:center;padding-top:33px;padding-bottom:24px;\"><div class=\"fangbox\" style=\"width:48px;height:6px;background-color:#597aab;\"><\/div><\/div>\n\n\n\n<h2 class=\"wp-block-heading has-text-align-center fonts1 has-text-color has-link-color has-large-font-size wp-elements-51d9a8b92c177b4f2f0cc4ab2e026599\" id=\"Company-profile\" style=\"color:#363636;font-style:normal;font-weight:800;letter-spacing:0px;text-transform:capitalize\"><strong>Profil des Unternehmens<\/strong><\/h2>\n\n\n\n<div class=\"wp-block-themepark-block-themepark-wright content-super-p\" style=\"font-size:16px;line-height:32px;padding:10px 8px;\">\n<div class=\"wp-block-column is-layout-flow wp-block-column-is-layout-flow\">\n<p class=\"has-text-align-center fonts1 has-text-color has-link-color wp-elements-e8eaa6012abf5ed35236e7d3b4667e79\" style=\"color:#363636;font-size:24px;font-style:normal;font-weight:600;letter-spacing:0px;text-transform:capitalize\">SIASUN Robot &amp; Automation Co, Ltd.<\/p>\n<\/div>\n<\/div>\n<\/div>\n<\/div>\n\n\n\n<h2 class=\"wp-block-heading has-text-align-center fonts1 has-text-color has-link-color wp-elements-e870de1234dee65fcea8c1e8f0ada8bd\" style=\"color:#363636;font-size:40px;font-style:normal;font-weight:800;letter-spacing:0px;text-transform:capitalize\"><\/h2>\n\n\n\n<section class=\"wp-block-themepark-block-themepark-imgtext thempark-block themepark_imgtext updonwmodle leftright  undefined\" style=\"\"><div class=\"themepark_imgtext_text\" style=\"\" data-swiper-parallax=\"-1600\">\n<div class=\"wp-block-column is-layout-flow wp-block-column-is-layout-flow\">\n<p><\/p>\n\n\n\n<div class=\"wp-block-themepark-block-themepark-wright content-super-p\" style=\"font-size:16px;line-height:32px; border:3px #f1f1f1 dashed;padding:20px 20px;\">\n<div class=\"wp-block-column is-layout-flow wp-block-column-is-layout-flow\">\n<p class=\"font2 has-text-color has-link-color wp-elements-ec305d1b89d83153e70ffbb4d5541683\" style=\"color:#676767;font-size:16px\">SIASUN Robot &amp; Automation Co. Ltd. (nachstehend \u201cSIASUN\u201d genannt) wurde im Jahr 2000 gegr\u00fcndet und ist ein b\u00f6rsennotiertes Hightech-Unternehmen mit Robotertechnologie und intelligenten Fertigungsl\u00f6sungen als Kernst\u00fcck. SIASUN verf\u00fcgt \u00fcber ein F&amp;E-Team auf nationaler Ebene. SIASUN setzt auf den Weg der unabh\u00e4ngigen Innovation. SIASUN hat mehr als 100 \u201cIndustrieinitiativen\u201d in der Geschichte der chinesischen Roboterentwicklung verfasst!<\/p>\n\n\n\n<p class=\"has-text-color has-link-color wp-elements-032339115cb29dad86eece0554bb00bc\" style=\"color:#676767;font-size:16px\">Als Nationales Ingenieurzentrum f\u00fcr Robotik hat SIASUN die intelligente Fertigung als Hauptgesch\u00e4ftsrichtung gew\u00e4hlt, bietet die Kernunterst\u00fctzung des gesamten Systems f\u00fcr die industrielle Modernisierung und schafft die gesamte industrielle Wertsch\u00f6pfungskette, bestehend aus Kerntechnologie, Kernkomponenten, f\u00fchrenden Produkten und Industriel\u00f6sungen. SIASUN hat drei Kernprodukte - Industrieroboter, mobile Roboter und Spezialroboter - mit unabh\u00e4ngigen geistigen Eigentumsrechten und drei Anwendungstechnologierichtungen - Schwei\u00dfautomatisierung, Montageautomatisierung und Logistikautomatisierung. SIASUN wird kontinuierlich weitere strategische Unternehmen mit hoher Wettbewerbsf\u00e4higkeit und gutem Wachstumspotenzial in f\u00fchrenden nationalen Industrien und aufstrebenden strategischen Industrien wie der Automobilindustrie, der Elektronikindustrie, der Halbleiterindustrie, den neuen Energien, der intelligenten Stadt und der intelligenten Gesundheitsf\u00fcrsorge gr\u00fcnden, um ein gesundes, wissenschaftliches und nachhaltiges Industriesystem aufzubauen.<\/p>\n\n\n\n<p><\/p>\n\n\n\n<p class=\"fonts1 has-text-color has-link-color has-medium-font-size wp-elements-8f7b92f0b7a44d3d98e69152708792ea\" style=\"color:#363636;font-style:normal;font-weight:600\">Wir sind in China ans\u00e4ssig und bedienen die ganze Welt!<\/p>\n\n\n\n<p class=\"fonts2 has-text-color has-link-color wp-elements-2a3b4ef45618f2a94f0363ec0eca6adc\" style=\"color:#676767;font-size:16px\">Die SIASUN-Gruppe hat ihren Hauptsitz in Shenyang und verf\u00fcgt \u00fcber Industrieparks in Shenyang, Shanghai, Qingdao, Tianjin, Wuxi und anderen wirtschaftlich bedeutenden St\u00e4dten des Landes. Andererseits erschlie\u00dft SIASUN aktiv den internationalen Markt und hat Niederlassungen und regionale Zentren in Singapur, Thailand, Malaysia, Deutschland und anderen L\u00e4ndern gegr\u00fcndet. SIASUN verf\u00fcgt \u00fcber professionelle Projektierungsteams und fortschrittliche F&amp;E- und Produktionsstandorte in \u00dcbersee, um lokalisierte Implementierungen und Dienstleistungen f\u00fcr Projekte in \u00dcbersee zu realisieren. Die Produkte wurden in mehr als 40 L\u00e4nder und Regionen auf der ganzen Welt exportiert. SIASUN bietet industrielle Modernisierungsdienstleistungen f\u00fcr mehr als 4.000 internationale Unternehmen an und arbeitet eng mit vielen Fortune-500-Unternehmen zusammen, wobei der Anteil der gro\u00dfen Kundengruppen fast 70% betr\u00e4gt!<\/p>\n\n\n\n<p class=\"has-text-color has-link-color wp-elements-4f66eeac6d53a1f5d0382882c40b0e2e\" style=\"color:#676767\">Mit der heiligen Mission \u201cRoboter machen eine bessere Welt\u201c wird SIASUN die Innovation beibehalten und in der neuen \u00c4ra und auf dem neuen Weg vorw\u00e4rts streben, immer die \u201cchinesische Geschwindigkeit\u201d beibehalten, immer das \u201cchinesische Niveau\u201d schaffen, die Industrie anf\u00fchren und danach streben, Weltklasse zu sein!<\/p>\n\n\n\n<p><\/p>\n<\/div>\n<\/div>\n\n\n\n<section class=\"wp-block-themepark-block-themepark-icon thempark-block themepark_icon_list_out undefined  gundong fonts1\" id=\"nomo\" style=\"padding-bottom:20px;padding-top:20px;\"><div class=\"themepark_icon_list_in fullicon\" style=\"\"><div class=\"themepark_icon_lists iconl4 iconls2\" style=\"text-align:left;\"><a class=\"themepark_icon_box bhclas\"><div class=\"themepark_icon_box_i\"><div class=\"themepark_icon_box_i_out\"><\/div><b style=\"font-size:40px;color:#333333;\">13000+<\/b><\/div><div class=\"themepark_icon_box_d\" style=\"font-size:16px;color:#333333;\"><span>Projektf\u00e4lle<\/span><\/div><div class=\"themepark_icon_box_bac\" style=\"background:#ffffff;opacity:0.79;\"><\/div><\/a><a class=\"themepark_icon_box bhclas\"><div class=\"themepark_icon_box_i\"><div class=\"themepark_icon_box_i_out\"><\/div><b style=\"font-size:40px;color:#333333;\">4000+<\/b><\/div><div class=\"themepark_icon_box_d\" style=\"font-size:16px;color:#333333;\"><span>Internationale Kunden<\/span><\/div><div class=\"themepark_icon_box_bac\" style=\"background:#ffffff;opacity:0.79;\"><\/div><\/a><a class=\"themepark_icon_box bhclas\"><div class=\"themepark_icon_box_i\"><div class=\"themepark_icon_box_i_out\"><\/div><b style=\"font-size:40px;color:#333333;\">40+<\/b><\/div><div class=\"themepark_icon_box_d\" style=\"font-size:16px;color:#333333;\"><span>Exportl\u00e4nder\/-regionen<\/span><\/div><div class=\"themepark_icon_box_bac\" style=\"background:#ffffff;opacity:0.79;\"><\/div><\/a><a class=\"themepark_icon_box bhclas\"><div class=\"themepark_icon_box_i\"><div class=\"themepark_icon_box_i_out\"><\/div><b style=\"font-size:40px;color:#333333;\">30+<\/b><\/div><div class=\"themepark_icon_box_d\" style=\"font-size:16px;color:#333333;\"><span> globale Tochtergesellschaften<\/span><\/div><div class=\"themepark_icon_box_bac\" style=\"background:#ffffff;opacity:0.79;\"><\/div><\/a><\/div><\/div><\/section>\n<\/div>\n<\/div><div class=\"themepark_imgtext_img\" style=\"\" data-swiper-parallax=\"-1800\"><img class=\"lazyload  swiper-lazy swiper-move-lazy\" style=\"\" data-src=\"http:\/\/en.siasun.com\/wp-content\/uploads\/2024\/06\/\u65b0\u677e\u516c\u53f8\u5e38\u7528\u5ba3\u4f20\u56fe\u7247-11_\u526f\u672c.jpg\" alt=\"\"\/><\/div><div class=\"themepark_imgtext_ba\" style=\"opacity:1;\"><\/div><\/section>\n<\/div>\n<\/div><div class=\"layout_badh\"><div class=\"shizhezhao\" style=\"opacity:0.92;background-color:#ffffff;\"><\/div><\/div><\/section>","protected":false},"excerpt":{"rendered":"","protected":false},"author":1,"featured_media":0,"parent":0,"menu_order":0,"comment_status":"closed","ping_status":"closed","template":"","meta":{"_seopress_robots_primary_cat":"","_seopress_titles_title":"","_seopress_titles_desc":"","_seopress_robots_index":"","themepark_post_bcolor":"#f5f5f5","themepark_post_width":"100% dong","themepark_post_img":"","themepark_post_img_po":"left","themepark_post_img_re":false,"themepark_post_img_cover":false,"themepark_post_img_fixed":false,"themepark_post_hide_title":true,"themepark_post_main_b":"","themepark_post_main_p":100,"themepark_paddingblock":true,"footnotes":""},"class_list":["post-944","page","type-page","status-publish","hentry"],"_links":{"self":[{"href":"https:\/\/en.siasun.com\/de\/wp-json\/wp\/v2\/pages\/944"}],"collection":[{"href":"https:\/\/en.siasun.com\/de\/wp-json\/wp\/v2\/pages"}],"about":[{"href":"https:\/\/en.siasun.com\/de\/wp-json\/wp\/v2\/types\/page"}],"author":[{"embeddable":true,"href":"https:\/\/en.siasun.com\/de\/wp-json\/wp\/v2\/users\/1"}],"replies":[{"embeddable":true,"href":"https:\/\/en.siasun.com\/de\/wp-json\/wp\/v2\/comments?post=944"}],"version-history":[{"count":81,"href":"https:\/\/en.siasun.com\/de\/wp-json\/wp\/v2\/pages\/944\/revisions"}],"predecessor-version":[{"id":5290,"href":"https:\/\/en.siasun.com\/de\/wp-json\/wp\/v2\/pages\/944\/revisions\/5290"}],"wp:attachment":[{"href":"https:\/\/en.siasun.com\/de\/wp-json\/wp\/v2\/media?parent=944"}],"curies":[{"name":"wp","href":"https:\/\/api.w.org\/{rel}","templated":true}]}}