{"id":6289,"date":"2026-02-05T08:10:53","date_gmt":"2026-02-05T00:10:53","guid":{"rendered":"https:\/\/en.siasun.com\/?page_id=6289"},"modified":"2026-02-05T08:10:56","modified_gmt":"2026-02-05T00:10:56","slug":"mobile-robot-2","status":"publish","type":"page","link":"https:\/\/en.siasun.com\/de\/mobiler-roboter-2.html","title":{"rendered":"Mobiler Roboter"},"content":{"rendered":"<section class=\"wp-block-themepark-block-themepark-area block_layout thempark-block undefined bom100 top100\" id=\"\" style=\"padding-top:120px;height:350px;box-sizing: border-box;width: 100%;\" data-swiper-parallax=\"-700\"><div class=\"block_layout_in\" style=\"\">\n<div class=\"wp-block-column block_layout_in is-layout-flow wp-block-column-is-layout-flow\">\n<h2 class=\"wp-block-heading has-text-align-center fonts1 has-monte-white-color has-text-color has-large-font-size\" style=\"letter-spacing:5px\"><span style=\"color: rgb(209, 213, 219); font-family: S\u00f6hne, ui-sans-serif, system-ui, -apple-system, &quot;Segoe UI&quot;, Roboto, Ubuntu, Cantarell, &quot;Noto Sans&quot;, sans-serif, &quot;Helvetica Neue&quot;, Arial, &quot;Apple Color Emoji&quot;, &quot;Segoe UI Emoji&quot;, &quot;Segoe UI Symbol&quot;, &quot;Noto Color Emoji&quot;; font-size: 16px; font-style: normal; font-variant-ligatures: normal; font-variant-caps: normal; font-weight: 400; letter-spacing: normal; orphans: 2; text-align: left; text-indent: 0px; text-transform: none; widows: 2; word-spacing: 0px; -webkit-text-stroke-width: 0px; white-space: pre-wrap; background-color: rgb(68, 70, 84); text-decoration-thickness: initial; text-decoration-style: initial; text-decoration-color: initial; display: inline !important; float: none;\"><\/span>Produkt-Center<\/h2>\n\n\n\n<p class=\"has-text-align-center has-monte-white-color has-text-color has-normal-font-size\" style=\"text-transform:none\"><\/p>\n<\/div>\n<\/div><div class=\"layout_badh\"><div class=\"shizhezhao\" style=\"opacity:0.3;background-color:#000000;\"><\/div><div class=\"PcOnly themepark-block_layout_ba lazyload swiper-lazy\" style=\"background-repeat:no-repeat;background-size:cover;background-position:center;\" data-background=\"http:\/\/en.siasun.com\/wp-content\/uploads\/2024\/05\/pc.jpg\"><\/div><div class=\"MovePnly themepark-block_layout_ba lazyload swiper-move-lazy\" style=\"background-repeat:no-repeat;background-size:cover;background-position:center;\" data-background=\"http:\/\/en.siasun.com\/wp-content\/uploads\/2024\/05\/pc_\u526f\u672c.jpg\"><\/div><\/div><\/section>\n\n\n\n<section class=\"wp-block-themepark-block-themepark-area block_layout thempark-block undefined  fonts2\" id=\"\" style=\"background-color:#ffffff;padding-top:8px;\" data-swiper-parallax=\"-700\"><div class=\"block_layout_in\" style=\"\">\n<div class=\"wp-block-column block_layout_in is-layout-flow wp-block-column-is-layout-flow\">\n<div class=\"wp-block-themepark-block-themepark-wright content-super-p\" style=\"font-size:16px;line-height:32px;padding:10px 8px;\">\n<div class=\"wp-block-column is-layout-flow wp-block-column-is-layout-flow\">\n<div class=\"wp-block-themepark-block-themepark-xian theme_fang_out  top10\" style=\"text-align:left;padding-top:33px;padding-bottom:24px;\"><div class=\"fangbox\" style=\"width:48px;height:6px;background-color:#597aab;\"><\/div><\/div>\n\n\n\n<h2 class=\"wp-block-heading fonts1 has-text-color has-link-color wp-elements-88ef291648b89a7323fe90a0739b5ef0\" style=\"color:#363636;font-size:40px;font-style:normal;font-weight:800;letter-spacing:0px;text-transform:capitalize\"><a href=\"http:\/\/en.siasun.com\/index.php\/category\/product\/mobile-robot\/\">Mobiler Roboter<\/a><\/h2>\n\n\n\n<p><\/p>\n\n\n\n<p><strong>SIASUN Mobile Robots bietet zwei komplette Produktsysteme an: standardisierte Produkte und kundenspezifische L\u00f6sungen. Unser standardisiertes Portfolio umfasst Unterfahr-Liftroboter, Gabelstaplerroboter, Transport- und Kistenhandhabungsroboter sowie autonome Roboter f\u00fcr den Au\u00dfenbereich, die f\u00fcr den schnellen Einsatz und die Plug-and-Play-Integration entwickelt wurden, um allgemeine Intralogistikanforderungen zu erf\u00fcllen. F\u00fcr komplexe prozessgesteuerte Szenarien nutzen unsere kundenspezifischen Produkte die starken F\u00e4higkeiten der Nicht-Standardtechnik, um Branchen wie die Automobilindustrie, Lithiumbatterien und die Photovoltaik flexibel zu bedienen. Alle L\u00f6sungen werden von der IMRS 2.0-Plattform unterst\u00fctzt, die Multi-Roboter-Dispatching, Routenoptimierung, Datenanalyse und digitale Zwillinge f\u00fcr eine intelligente End-to-End-Steuerung erm\u00f6glicht und Kunden dabei hilft, eine effiziente, flexible und nachhaltige intelligente Logistik aufzubauen.<\/strong><\/p>\n\n\n\n<section class=\"wp-block-themepark-block-themepark-area block_layout thempark-block undefined\" id=\"\" style=\"padding-bottom:20px;padding-top:21px;\" data-swiper-parallax=\"-700\"><div class=\"block_layout_in\" style=\"\">\n<div class=\"wp-block-column block_layout_in is-layout-flow wp-block-column-is-layout-flow\"><\/div>\n<\/div><div class=\"layout_badh\"><\/div><\/section>\n\n\n\n<p class=\"has-large-font-size\"><\/p>\n\n\n<div class=\"product_loop   mian_loop\" id=\"pro_list_4\"><div class=\"product_post   h_w\" ><a href=\"https:\/\/en.siasun.com\/de\/mobile-robot-transport-control-system.html\" class=\"product_pic postatty\" style=\"max-height:150px;\"\"><img loading=\"lazy\" decoding=\"async\" class=\"lazyload\" src=\"https:\/\/en.siasun.com\/wp-content\/themes\/smartenterprise\/images\/loadings.png\" data-src=\"https:\/\/en.siasun.com\/wp-content\/uploads\/2026\/02\/20260205-133211.jpg\" width=\"300\" height=\"150\" alt=\"Mobiles Roboter-Transport-Steuerungssystem\" title=\"Mobiles Roboter-Transport-Steuerungssystem\"\/><\/a><div class=\"product_info\"><h3 class=\"pro_title\"><a href=\"https:\/\/en.siasun.com\/de\/mobile-robot-transport-control-system.html\">Mobiles Roboter-Transport-Steuerungssystem<\/a><\/h3><\/div><\/div><div class=\"product_post   h_w\" ><a href=\"https:\/\/en.siasun.com\/de\/mobile-robot-logistics-warehouse-system.html\" class=\"product_pic postatty\" style=\"max-height:150px;\"\"><img loading=\"lazy\" decoding=\"async\" class=\"lazyload\" src=\"https:\/\/en.siasun.com\/wp-content\/themes\/smartenterprise\/images\/loadings.png\" data-src=\"https:\/\/en.siasun.com\/wp-content\/uploads\/2026\/02\/20260205-133216.jpg\" width=\"300\" height=\"150\" alt=\"Mobiles Roboter-Logistik-Lagersystem\" title=\"Mobiles Roboter-Logistik-Lagersystem\"\/><\/a><div class=\"product_info\"><h3 class=\"pro_title\"><a href=\"https:\/\/en.siasun.com\/de\/mobile-robot-logistics-warehouse-system.html\">Mobiles Roboter-Logistik-Lagersystem<\/a><\/h3><\/div><\/div><div class=\"product_post   h_w\" ><a href=\"https:\/\/en.siasun.com\/de\/mobile-robot-statistical-analysis-system.html\" class=\"product_pic postatty\" style=\"max-height:150px;\"\"><img loading=\"lazy\" decoding=\"async\" class=\"lazyload\" src=\"https:\/\/en.siasun.com\/wp-content\/themes\/smartenterprise\/images\/loadings.png\" data-src=\"https:\/\/en.siasun.com\/wp-content\/uploads\/2026\/02\/20260205-133205.jpg\" width=\"300\" height=\"150\" alt=\"Statistisches Analysesystem f\u00fcr mobile Roboter\" title=\"Statistisches Analysesystem f\u00fcr mobile Roboter\"\/><\/a><div class=\"product_info\"><h3 class=\"pro_title\"><a href=\"https:\/\/en.siasun.com\/de\/mobile-robot-statistical-analysis-system.html\">Statistisches Analysesystem f\u00fcr mobile Roboter<\/a><\/h3><\/div><\/div><div class=\"product_post   h_w\" ><a href=\"https:\/\/en.siasun.com\/de\/mobile-robot-layout-planner-tools.html\" class=\"product_pic postatty\" style=\"max-height:150px;\"\"><img loading=\"lazy\" decoding=\"async\" class=\"lazyload\" src=\"https:\/\/en.siasun.com\/wp-content\/themes\/smartenterprise\/images\/loadings.png\" data-src=\"https:\/\/en.siasun.com\/wp-content\/uploads\/2026\/02\/20260205-133200.jpg\" width=\"300\" height=\"150\" alt=\"Mobile Roboter-Layout-Planungswerkzeuge\" title=\"Mobile Roboter-Layout-Planungswerkzeuge\"\/><\/a><div class=\"product_info\"><h3 class=\"pro_title\"><a href=\"https:\/\/en.siasun.com\/de\/mobile-robot-layout-planner-tools.html\">Mobile Roboter-Layout-Planungswerkzeuge<\/a><\/h3><\/div><\/div><div class=\"product_post   h_w\" ><a href=\"https:\/\/en.siasun.com\/de\/mobile-robot-digital-twin-system.html\" class=\"product_pic postatty\" style=\"max-height:150px;\"\"><img loading=\"lazy\" decoding=\"async\" class=\"lazyload\" src=\"https:\/\/en.siasun.com\/wp-content\/themes\/smartenterprise\/images\/loadings.png\" data-src=\"https:\/\/en.siasun.com\/wp-content\/uploads\/2026\/02\/20260205-133221.jpg\" width=\"300\" height=\"150\" alt=\"Mobiler Roboter Digitales Zwillingssystem\" title=\"Mobiler Roboter Digitales Zwillingssystem\"\/><\/a><div class=\"product_info\"><h3 class=\"pro_title\"><a href=\"https:\/\/en.siasun.com\/de\/mobile-robot-digital-twin-system.html\">Mobiler Roboter Digitales Zwillingssystem<\/a><\/h3><\/div><\/div><div class=\"product_post   h_w\" ><a href=\"https:\/\/en.siasun.com\/de\/mobile-robot-internet-of-things.html\" class=\"product_pic postatty\" style=\"max-height:150px;\"\"><img loading=\"lazy\" decoding=\"async\" class=\"lazyload\" src=\"https:\/\/en.siasun.com\/wp-content\/themes\/smartenterprise\/images\/loadings.png\" data-src=\"https:\/\/en.siasun.com\/wp-content\/uploads\/2026\/02\/20260205-133150.jpg\" width=\"300\" height=\"150\" alt=\"Mobile Roboter Internet der Dinge\" title=\"Mobile Roboter Internet der Dinge\"\/><\/a><div class=\"product_info\"><h3 class=\"pro_title\"><a href=\"https:\/\/en.siasun.com\/de\/mobile-robot-internet-of-things.html\">Mobile Roboter Internet der Dinge<\/a><\/h3><\/div><\/div><div class=\"product_post   h_w\" ><a href=\"https:\/\/en.siasun.com\/de\/roller-conveyor-mobile-robot.html\" class=\"product_pic postatty\" style=\"max-height:150px;\"\"><img loading=\"lazy\" decoding=\"async\" class=\"lazyload\" src=\"https:\/\/en.siasun.com\/wp-content\/themes\/smartenterprise\/images\/loadings.png\" data-src=\"https:\/\/en.siasun.com\/wp-content\/uploads\/2026\/02\/58.\u8f8a\u9053\u8f93\u9001\u79fb\u52a8\u673a\u5668\u4eba\u5de6\u4fa7\u9762.jpg\" width=\"300\" height=\"150\" alt=\"Rollenf\u00f6rderer Mobiler Roboter\" title=\"Rollenf\u00f6rderer Mobiler Roboter\"\/><\/a><div class=\"product_info\"><h3 class=\"pro_title\"><a href=\"https:\/\/en.siasun.com\/de\/roller-conveyor-mobile-robot.html\">Rollenf\u00f6rderer Mobiler Roboter<\/a><\/h3><\/div><\/div><div class=\"product_post   h_w\" ><a href=\"https:\/\/en.siasun.com\/de\/interior-finishing-line-assisted-assembly-mobile-robot.html\" class=\"product_pic postatty\" style=\"max-height:150px;\"\"><img loading=\"lazy\" decoding=\"async\" class=\"lazyload\" src=\"https:\/\/en.siasun.com\/wp-content\/themes\/smartenterprise\/images\/loadings.png\" data-src=\"https:\/\/en.siasun.com\/wp-content\/uploads\/2026\/02\/\u5185\u9970\u3001\u5b8c\u6210\u7ebf\u8f85\u52a9\u88c5\u914d\u79fb\u52a8\u673a\u5668\u4eba\u5de6\u4fa7\u9762.jpg\" width=\"300\" height=\"150\" alt=\"Innenausbau &amp; Endfertigung Assisted Assembl...\" title=\"Innenausbau &amp; Endfertigung Assisted Assembl...\"\/><\/a><div class=\"product_info\"><h3 class=\"pro_title\"><a href=\"https:\/\/en.siasun.com\/de\/interior-finishing-line-assisted-assembly-mobile-robot.html\">Mobiler Montageroboter f\u00fcr Innenausbau und Endfertigung<\/a><\/h3><\/div><\/div><div class=\"product_post   h_w\" ><a href=\"https:\/\/en.siasun.com\/de\/front-end-module-assisted-assembly-mobile-robot.html\" class=\"product_pic postatty\" style=\"max-height:150px;\"\"><img loading=\"lazy\" decoding=\"async\" class=\"lazyload\" src=\"https:\/\/en.siasun.com\/wp-content\/themes\/smartenterprise\/images\/loadings.png\" data-src=\"https:\/\/en.siasun.com\/wp-content\/uploads\/2026\/02\/\u524d\u7aef\u6a21\u5757\u8f85\u52a9\u88c5\u914d\u79fb\u52a8\u673a\u5668\u4eba.jpg\" width=\"300\" height=\"150\" alt=\"Mobiler Montageroboter mit Front-End-Modulunterst\u00fctzung\" title=\"Mobiler Montageroboter mit Front-End-Modulunterst\u00fctzung\"\/><\/a><div class=\"product_info\"><h3 class=\"pro_title\"><a href=\"https:\/\/en.siasun.com\/de\/front-end-module-assisted-assembly-mobile-robot.html\">Mobiler Montageroboter mit Front-End-Modulunterst\u00fctzung<\/a><\/h3><\/div><\/div><div class=\"product_post   h_w\" ><a href=\"https:\/\/en.siasun.com\/de\/engine-assisted-assembly-mobile-robot.html\" class=\"product_pic postatty\" style=\"max-height:150px;\"\"><img loading=\"lazy\" decoding=\"async\" class=\"lazyload\" src=\"https:\/\/en.siasun.com\/wp-content\/themes\/smartenterprise\/images\/loadings.png\" data-src=\"https:\/\/en.siasun.com\/wp-content\/uploads\/2026\/02\/\u53d1\u52a8\u673a\u8f85\u52a9\u88c5\u914d\u79fb\u52a8\u673a\u5668\u4eba.jpg\" width=\"300\" height=\"150\" alt=\"Motorgest\u00fctzter mobiler Montageroboter\" title=\"Motorgest\u00fctzter mobiler Montageroboter\"\/><\/a><div class=\"product_info\"><h3 class=\"pro_title\"><a href=\"https:\/\/en.siasun.com\/de\/engine-assisted-assembly-mobile-robot.html\">Motorgest\u00fctzter mobiler Montageroboter<\/a><\/h3><\/div><\/div><div class=\"product_post   h_w\" ><a href=\"https:\/\/en.siasun.com\/de\/transmission-assisted-assembly-mobile-robot.html\" class=\"product_pic postatty\" style=\"max-height:150px;\"\"><img loading=\"lazy\" decoding=\"async\" class=\"lazyload\" src=\"https:\/\/en.siasun.com\/wp-content\/themes\/smartenterprise\/images\/loadings.png\" data-src=\"https:\/\/en.siasun.com\/wp-content\/uploads\/2026\/02\/\u53d8\u901f\u7bb1\u8f85\u52a9\u88c5\u914d\u79fb\u52a8\u673a\u5668\u4eba.jpg\" width=\"300\" height=\"150\" alt=\"Getriebegest\u00fctzter mobiler Montageroboter\" title=\"Getriebegest\u00fctzter mobiler Montageroboter\"\/><\/a><div class=\"product_info\"><h3 class=\"pro_title\"><a href=\"https:\/\/en.siasun.com\/de\/transmission-assisted-assembly-mobile-robot.html\">Getriebegest\u00fctzter mobiler Montageroboter<\/a><\/h3><\/div><\/div><div class=\"product_post   h_w\" ><a href=\"https:\/\/en.siasun.com\/de\/central-gear-assisted-assembly-mobile-robot.html\" class=\"product_pic postatty\" style=\"max-height:150px;\"\"><img loading=\"lazy\" decoding=\"async\" class=\"lazyload\" src=\"https:\/\/en.siasun.com\/wp-content\/themes\/smartenterprise\/images\/loadings.png\" data-src=\"https:\/\/en.siasun.com\/wp-content\/uploads\/2026\/02\/\u4e2d\u592e\u9f7f\u8f6e\u8f85\u52a9\u88c5\u914d\u79fb\u52a8\u673a\u5668\u4eba.jpg\" width=\"300\" height=\"150\" alt=\"Zentraler getriebegest\u00fctzter mobiler Montageroboter\" title=\"Zentraler getriebegest\u00fctzter mobiler Montageroboter\"\/><\/a><div class=\"product_info\"><h3 class=\"pro_title\"><a href=\"https:\/\/en.siasun.com\/de\/central-gear-assisted-assembly-mobile-robot.html\">Zentraler getriebegest\u00fctzter mobiler Montageroboter<\/a><\/h3><\/div><\/div><div class=\"product_post   h_w\" ><a href=\"https:\/\/en.siasun.com\/de\/axle-base-line-assisted-assembly-mobile-robot.html\" class=\"product_pic postatty\" style=\"max-height:150px;\"\"><img loading=\"lazy\" decoding=\"async\" class=\"lazyload\" src=\"https:\/\/en.siasun.com\/wp-content\/themes\/smartenterprise\/images\/loadings.png\" data-src=\"https:\/\/en.siasun.com\/wp-content\/uploads\/2026\/02\/\u6865\u57fa\u7840\u7ebf\u8f85\u52a9\u88c5\u914d\u79fb\u52a8\u673a\u5668\u4eba.jpg\" width=\"300\" height=\"150\" alt=\"Achsenbasis Liniengest\u00fctzter mobiler Montageroboter\" title=\"Achsenbasis Liniengest\u00fctzter mobiler Montageroboter\"\/><\/a><div class=\"product_info\"><h3 class=\"pro_title\"><a href=\"https:\/\/en.siasun.com\/de\/axle-base-line-assisted-assembly-mobile-robot.html\">Achsenbasis Liniengest\u00fctzter mobiler Montageroboter<\/a><\/h3><\/div><\/div><div class=\"product_post   h_w\" ><a href=\"https:\/\/en.siasun.com\/de\/axle-final-line-assisted-assembly-mobile-robot.html\" class=\"product_pic postatty\" style=\"max-height:150px;\"\"><img loading=\"lazy\" decoding=\"async\" class=\"lazyload\" src=\"https:\/\/en.siasun.com\/wp-content\/themes\/smartenterprise\/images\/loadings.png\" data-src=\"https:\/\/en.siasun.com\/wp-content\/uploads\/2026\/02\/\u6865\u6700\u7ec8\u7ebf\u8f85\u52a9\u88c5\u914d\u79fb\u52a8\u673a\u5668\u4eba.jpg\" width=\"300\" height=\"150\" alt=\"Achsendmontage mit mobilem Roboter\" title=\"Achsendmontage mit mobilem Roboter\"\/><\/a><div class=\"product_info\"><h3 class=\"pro_title\"><a href=\"https:\/\/en.siasun.com\/de\/axle-final-line-assisted-assembly-mobile-robot.html\">Achsendmontage mit mobilem Roboter<\/a><\/h3><\/div><\/div><div class=\"product_post   h_w\" ><a href=\"https:\/\/en.siasun.com\/de\/instrument-panel-line-assisted-assembly-mobile-robot.html\" class=\"product_pic postatty\" style=\"max-height:150px;\"\"><img loading=\"lazy\" decoding=\"async\" class=\"lazyload\" src=\"https:\/\/en.siasun.com\/wp-content\/themes\/smartenterprise\/images\/loadings.png\" data-src=\"https:\/\/en.siasun.com\/wp-content\/uploads\/2026\/02\/\u5546\u7528\u8f66\u88c5\u914d\u79fb\u52a8\u673a\u5668\u4eba.jpg\" width=\"300\" height=\"150\" alt=\"Flie\u00dfbandunterst\u00fctzte Montage von Instrumententafeln Mobile ...\" title=\"Flie\u00dfbandunterst\u00fctzte Montage von Instrumententafeln Mobile ...\"\/><\/a><div class=\"product_info\"><h3 class=\"pro_title\"><a href=\"https:\/\/en.siasun.com\/de\/instrument-panel-line-assisted-assembly-mobile-robot.html\">Mobile Roboter f\u00fcr die flie\u00dfbandgest\u00fctzte Montage von Instrumententafeln<\/a><\/h3><\/div><\/div><\/div>\n\n\n<p class=\"has-large-font-size\"><\/p>\n\n\n\n<p class=\"has-large-font-size\"><\/p>\n<\/div>\n<\/div>\n<\/div>\n<\/div><div class=\"layout_badh\"><\/div><\/section>\n\n\n\n<section class=\"wp-block-themepark-block-themepark-lists thempark-block themepark_lists\" style=\"font-size:16px;\">\n<h2 class=\"wp-block-heading themepark_lists_head\"><\/h2>\n\n\n\n<ul class=\"wp-block-list themepark_lists_text\">\n<li><\/li>\n<\/ul>\n<div class=\"themepark_lists_ba\" style=\"opacity:1;\"><\/div><\/section>\n\n\n\n<p><\/p>","protected":false},"excerpt":{"rendered":"","protected":false},"author":1,"featured_media":0,"parent":0,"menu_order":0,"comment_status":"closed","ping_status":"closed","template":"","meta":{"_seopress_robots_primary_cat":"","_seopress_titles_title":"","_seopress_titles_desc":"","_seopress_robots_index":"","themepark_post_bcolor":"#f5f5f5","themepark_post_width":"100% dong","themepark_post_img":"","themepark_post_img_po":"left","themepark_post_img_re":false,"themepark_post_img_cover":false,"themepark_post_img_fixed":false,"themepark_post_hide_title":true,"themepark_post_main_b":"","themepark_post_main_p":100,"themepark_paddingblock":true,"footnotes":""},"class_list":["post-6289","page","type-page","status-publish","hentry"],"_links":{"self":[{"href":"https:\/\/en.siasun.com\/de\/wp-json\/wp\/v2\/pages\/6289"}],"collection":[{"href":"https:\/\/en.siasun.com\/de\/wp-json\/wp\/v2\/pages"}],"about":[{"href":"https:\/\/en.siasun.com\/de\/wp-json\/wp\/v2\/types\/page"}],"author":[{"embeddable":true,"href":"https:\/\/en.siasun.com\/de\/wp-json\/wp\/v2\/users\/1"}],"replies":[{"embeddable":true,"href":"https:\/\/en.siasun.com\/de\/wp-json\/wp\/v2\/comments?post=6289"}],"version-history":[{"count":1,"href":"https:\/\/en.siasun.com\/de\/wp-json\/wp\/v2\/pages\/6289\/revisions"}],"predecessor-version":[{"id":6497,"href":"https:\/\/en.siasun.com\/de\/wp-json\/wp\/v2\/pages\/6289\/revisions\/6497"}],"wp:attachment":[{"href":"https:\/\/en.siasun.com\/de\/wp-json\/wp\/v2\/media?parent=6289"}],"curies":[{"name":"wp","href":"https:\/\/api.w.org\/{rel}","templated":true}]}}