{"id":5268,"date":"2024-06-12T16:39:04","date_gmt":"2024-06-12T08:39:04","guid":{"rendered":"http:\/\/en.siasun.com\/?page_id=5268"},"modified":"2026-03-24T09:31:08","modified_gmt":"2026-03-24T01:31:08","slug":"about-us-2","status":"publish","type":"page","link":"https:\/\/en.siasun.com\/de\/uber-uns-2.html","title":{"rendered":"\u00dcber uns"},"content":{"rendered":"<section class=\"wp-block-themepark-block-themepark-area block_layout thempark-block undefined bom100 top100\" id=\"\" style=\"padding-top:120px;height:350px;box-sizing: border-box;width: 100%;\" data-swiper-parallax=\"-700\"><div class=\"block_layout_in\" style=\"\">\n<div class=\"wp-block-column block_layout_in is-layout-flow wp-block-column-is-layout-flow\">\n<h2 class=\"wp-block-heading has-text-align-center fonts1 has-monte-white-color has-text-color has-large-font-size\" style=\"letter-spacing:5px\"><span style=\"color: rgb(209, 213, 219); font-family: S\u00f6hne, ui-sans-serif, system-ui, -apple-system, &quot;Segoe UI&quot;, Roboto, Ubuntu, Cantarell, &quot;Noto Sans&quot;, sans-serif, &quot;Helvetica Neue&quot;, Arial, &quot;Apple Color Emoji&quot;, &quot;Segoe UI Emoji&quot;, &quot;Segoe UI Symbol&quot;, &quot;Noto Color Emoji&quot;; font-size: 16px; font-style: normal; font-variant-ligatures: normal; font-variant-caps: normal; font-weight: 400; letter-spacing: normal; orphans: 2; text-align: left; text-indent: 0px; text-transform: none; widows: 2; word-spacing: 0px; -webkit-text-stroke-width: 0px; white-space: pre-wrap; background-color: rgb(68, 70, 84); text-decoration-thickness: initial; text-decoration-style: initial; text-decoration-color: initial; display: inline !important; float: none;\"><\/span>SIASUN Robot &amp; Automation Co, Ltd.<\/h2>\n\n\n\n<p class=\"has-text-align-center has-monte-white-color has-text-color has-normal-font-size\" style=\"text-transform:none\"><\/p>\n<\/div>\n<\/div><div class=\"layout_badh\"><div class=\"shizhezhao\" style=\"opacity:0.3;background-color:#000000;\"><\/div><div class=\"PcOnly themepark-block_layout_ba lazyload swiper-lazy\" style=\"background-repeat:no-repeat;background-size:cover;\" data-background=\"http:\/\/en.siasun.com\/wp-content\/uploads\/2024\/03\/about_img01.jpg\"><\/div><\/div><\/section>\n\n\n\n<div class=\"wp-block-themepark-block-btn themepark-i-btn-out maodian  fixded shadow PcOnly fonts1\" style=\"text-align:center;\"><div class=\"themepark-i-btn-out_ins\" style=\"background-color:#252525;\"><div class=\"themepark-i-btn-out_in\"><div class=\"themepark-i-btn  active\" style=\"color:#ffffff;font-size:16px;padding:18px 22px;\"><i class=\"fas fa-globe-americas\"><\/i><a href=\"#home1\" rel=\"noopener noreferrer \">FIRMENPROFIL<\/a><a class=\"hovers fas fa-globe-americas\" data-title=\"COMPANY PROFILE\" style=\"color:#ffffff;background-color:#0084ff;padding:18px 22px;\" href=\"#home1\" rel=\"noopener noreferrer\" target=\"_self\"><\/a><\/div><div class=\"themepark-i-btn\" style=\"color:#ffffff;font-size:16px;padding:18px 22px;\"><i class=\"fas fa-lightbulb\"><\/i><a href=\"#home2\" rel=\"noopener noreferrer\" target=\"_self\">F&amp;E-Labor<\/a><a class=\"hovers fas fa-lightbulb\" data-title=\"R&amp;D laboratory\" style=\"color:#ffffff;background-color:#0084ff;padding:18px 22px;\" href=\"#home2\" rel=\"noopener noreferrer\" target=\"_self\"><\/a><\/div><div class=\"themepark-i-btn\" style=\"color:#ffffff;font-size:16px;padding:18px 22px;\"><i class=\"fas fa-cogs\"><\/i><a href=\"#home3\" rel=\"noopener noreferrer\" target=\"_self\">FABRIK AUTOMATISIEREN<\/a><a class=\"hovers fas fa-cogs\" data-title=\"AUTOMATE FACTORY\" style=\"color:#ffffff;background-color:#0084ff;padding:18px 22px;\" href=\"#home3\" rel=\"noopener noreferrer\" target=\"_self\"><\/a><\/div><div class=\"themepark-i-btn\" style=\"color:#ffffff;font-size:16px;padding:18px 22px;\"><i class=\"fas fa-landmark\"><\/i><a href=\"#home4\" rel=\"noopener noreferrer\" target=\"_self\">UNTERNEHMENSKULTUR<\/a><a class=\"hovers fas fa-landmark\" data-title=\"CORPORATE CULTURE\" style=\"color:#ffffff;background-color:#0084ff;padding:18px 22px;\" href=\"#home4\" rel=\"noopener noreferrer\" target=\"_self\"><\/a><\/div><div class=\"themepark-i-btn\" style=\"color:#ffffff;font-size:16px;padding:18px 22px;\"><i class=\"fas fa-user-friends\"><\/i><a href=\"#home5\" rel=\"noopener noreferrer\" target=\"_self\">PARTNER UND DIENSTLEISTUNGSKUNDEN<\/a><a class=\"hovers fas fa-user-friends\" data-title=\"PARTNERS AND SERVICE CUSTOMERS\" style=\"color:#ffffff;background-color:#0084ff;padding:18px 22px;\" href=\"#home5\" rel=\"noopener noreferrer\" target=\"_self\"><\/a><\/div><\/div><\/div><\/div>\n\n\n\n<section class=\"wp-block-themepark-block-themepark-area block_layout thempark-block undefined\" id=\"\" style=\"padding-bottom:44px;padding-top:24px;\" data-swiper-parallax=\"-700\"><div class=\"block_layout_in\" style=\"\">\n<div class=\"wp-block-column is-layout-flow wp-block-column-is-layout-flow\" id=\"home1\">\n<div class=\"wp-block-themepark-block-themepark-wright content-super-p\" style=\"font-size:16px;line-height:32px;padding:10px 8px;\">\n<div class=\"wp-block-column is-layout-flow wp-block-column-is-layout-flow\">\n<div class=\"wp-block-themepark-block-themepark-xian theme_fang_out  top10\" style=\"text-align:center;padding-top:33px;padding-bottom:24px;\"><div class=\"fangbox\" style=\"width:48px;height:6px;background-color:#597aab;\"><\/div><\/div>\n\n\n\n<h2 class=\"wp-block-heading has-text-align-center fonts1 has-text-color has-link-color has-large-font-size wp-elements-50b57d49758b50d5d37d2204f0488ebd\" id=\"Company-profile\" style=\"color:#363636;font-style:normal;font-weight:800;letter-spacing:0px;text-transform:capitalize\"><strong>Profil des Unternehmens<\/strong><\/h2>\n\n\n\n<div class=\"wp-block-themepark-block-themepark-wright content-super-p\" style=\"font-size:16px;line-height:32px;padding:10px 8px;\">\n<div class=\"wp-block-column is-layout-flow wp-block-column-is-layout-flow\">\n<p class=\"has-text-align-center fonts1 has-text-color has-link-color wp-elements-16370a03659e06fb5d3ac90d605682ad\" style=\"color:#363636;font-size:24px;font-style:normal;font-weight:600;letter-spacing:0px;text-transform:capitalize\">SIASUN Robot &amp; Automation Co, Ltd.<\/p>\n<\/div>\n<\/div>\n<\/div>\n<\/div>\n\n\n\n<h2 class=\"wp-block-heading has-text-align-center fonts1 has-text-color has-link-color wp-elements-1f80ee6e94b24d603aa56f1348632830\" style=\"color:#363636;font-size:40px;font-style:normal;font-weight:800;letter-spacing:0px;text-transform:capitalize\"><\/h2>\n\n\n\n<section class=\"wp-block-themepark-block-themepark-imgtext thempark-block themepark_imgtext updonwmodle leftright  undefined\" style=\"\"><div class=\"themepark_imgtext_text\" style=\"\" data-swiper-parallax=\"-1600\">\n<div class=\"wp-block-column is-layout-flow wp-block-column-is-layout-flow\">\n<p><\/p>\n\n\n\n<div class=\"wp-block-themepark-block-themepark-wright content-super-p\" style=\"font-size:16px;line-height:32px; border:3px #f1f1f1 dashed;padding:20px 20px;\">\n<div class=\"wp-block-column is-layout-flow wp-block-column-is-layout-flow\">\n<p class=\"has-text-align-left font1 has-text-color has-link-color has-medium-font-size wp-elements-e180fca5a9316f921529db6338b5afd2\" style=\"color:#363636;font-style:normal;font-weight:600\">Als Nationales Ingenieurzentrum f\u00fcr Robotik<\/p>\n\n\n\n<p class=\"font2 has-text-color has-link-color wp-elements-d1035c8cc6bea87e2d1879b342439810\" style=\"color:#676767;font-size:16px\">SIASUN Robot &amp; Automation Co. Ltd. (nachstehend \u201cSIASUN\u201d genannt) wurde im Jahr 2000 gegr\u00fcndet und ist ein b\u00f6rsennotiertes Hightech-Unternehmen, dessen Kerngesch\u00e4ft die Robotertechnologie und intelligente Fertigungsl\u00f6sungen sind.  SIASUN setzt auf den Weg der unabh\u00e4ngigen Innovation. SIASUN hat mehr als 100 \u201cIndustrieinitiativen\u201d in der Geschichte der chinesischen Roboterentwicklung geschrieben!<\/p>\n\n\n\n<p class=\"has-text-color has-link-color wp-elements-96280f4dcd436f419cdd82c86c3b8d42\" style=\"color:#676767;font-size:16px\">SIASUN hat sich die intelligente Fertigung als Hauptgesch\u00e4ftsfeld auf die Fahnen geschrieben, unterst\u00fctzt das gesamte System f\u00fcr die industrielle Modernisierung und schafft die gesamte industrielle Wertsch\u00f6pfungskette, die aus Kerntechnologie, Kernkomponenten, f\u00fchrenden Produkten und Branchenl\u00f6sungen besteht. SIASUN hat drei Kernprodukte - Industrieroboter, mobile Roboter und Spezialroboter - mit unabh\u00e4ngigen geistigen Eigentumsrechten und drei Anwendungstechnologierichtungen - Schwei\u00dfautomatisierung, Montageautomatisierung und Logistikautomatisierung. SIASUN wird kontinuierlich weitere strategische Unternehmen mit hoher Wettbewerbsf\u00e4higkeit und gutem Wachstumspotenzial in f\u00fchrenden nationalen Industrien und aufstrebenden strategischen Industrien wie der Automobilindustrie, der Elektronikindustrie, der Halbleiterindustrie, den neuen Energien, der intelligenten Stadt und der intelligenten Gesundheitsf\u00fcrsorge gr\u00fcnden, um ein gesundes, wissenschaftliches und nachhaltiges Industriesystem aufzubauen.<\/p>\n\n\n\n<p><\/p>\n\n\n\n<p class=\"fonts1 has-text-color has-link-color has-medium-font-size wp-elements-7e65f3b578b72ae076a594b11950280d\" style=\"color:#363636;font-style:normal;font-weight:600\">Wir sind in China ans\u00e4ssig und bedienen die ganze Welt!<\/p>\n\n\n\n<p class=\"fonts2 has-text-color has-link-color wp-elements-c037f2cbc641793ccad8d6782cab039b\" style=\"color:#676767;font-size:16px\">Der Hauptsitz der SIASUN-Gruppe befindet sich in Shenyang, und sie verf\u00fcgt \u00fcber Industrieparks in Shenyang, Shanghai, Qingdao, Tianjin, Wuxi und anderen wirtschaftlich bedeutenden St\u00e4dten im Inland. Andererseits erschlie\u00dft SIASUN aktiv den internationalen Markt und hat Niederlassungen und regionale Zentren in Singapur, Thailand, Malaysia, Deutschland, Japan, Amerika, Mexiko und anderen L\u00e4ndern gegr\u00fcndet. SIASUN verf\u00fcgt \u00fcber professionelle Projektierungsteams und fortschrittliche F&amp;E- und Produktionsstandorte in \u00dcbersee, um lokalisierte Implementierungen und Dienstleistungen f\u00fcr Projekte in \u00dcbersee zu realisieren. Die Produkte wurden in mehr als 40 L\u00e4nder und Regionen auf der ganzen Welt exportiert. SIASUN bietet industrielle Modernisierungsdienstleistungen f\u00fcr mehr als 4.000 internationale Unternehmen an und arbeitet eng mit vielen Fortune-500-Unternehmen zusammen; der Anteil der gro\u00dfen Kundengruppen betr\u00e4gt fast 70%!<\/p>\n\n\n\n<p class=\"has-text-color has-link-color wp-elements-4f66eeac6d53a1f5d0382882c40b0e2e\" style=\"color:#676767\">Mit der heiligen Mission \u201cRoboter machen eine bessere Welt\u201c wird SIASUN die Innovation beibehalten und in der neuen \u00c4ra und auf dem neuen Weg vorw\u00e4rts streben, immer die \u201cchinesische Geschwindigkeit\u201d beibehalten, immer das \u201cchinesische Niveau\u201d schaffen, die Industrie anf\u00fchren und danach streben, Weltklasse zu sein!<\/p>\n\n\n\n<p><\/p>\n<\/div>\n<\/div>\n\n\n\n<section class=\"wp-block-themepark-block-themepark-icon thempark-block themepark_icon_list_out undefined  gundong fonts1\" id=\"nomo\" style=\"padding-bottom:20px;padding-top:20px;\"><div class=\"themepark_icon_list_in fullicon\" style=\"\"><div class=\"themepark_icon_lists iconl4 iconls2\" style=\"text-align:left;\"><a class=\"themepark_icon_box bhclas\"><div class=\"themepark_icon_box_i\"><div class=\"themepark_icon_box_i_out\"><\/div><b style=\"font-size:40px;color:#333333;\">18000+<\/b><\/div><div class=\"themepark_icon_box_d\" style=\"font-size:16px;color:#333333;\"><span>Projektf\u00e4lle<\/span><\/div><div class=\"themepark_icon_box_bac\" style=\"background:#ffffff;opacity:0.79;\"><\/div><\/a><a class=\"themepark_icon_box bhclas\"><div class=\"themepark_icon_box_i\"><div class=\"themepark_icon_box_i_out\"><\/div><b style=\"font-size:40px;color:#333333;\">4000+<\/b><\/div><div class=\"themepark_icon_box_d\" style=\"font-size:16px;color:#333333;\"><span>internationale Kunden<\/span><\/div><div class=\"themepark_icon_box_bac\" style=\"background:#ffffff;opacity:0.79;\"><\/div><\/a><a class=\"themepark_icon_box bhclas\"><div class=\"themepark_icon_box_i\"><div class=\"themepark_icon_box_i_out\"><\/div><b style=\"font-size:40px;color:#333333;\">40+<\/b><\/div><div class=\"themepark_icon_box_d\" style=\"font-size:16px;color:#333333;\"><span>Exportl\u00e4nder\/-regionen<\/span><\/div><div class=\"themepark_icon_box_bac\" style=\"background:#ffffff;opacity:0.79;\"><\/div><\/a><a class=\"themepark_icon_box bhclas\"><div class=\"themepark_icon_box_i\"><div class=\"themepark_icon_box_i_out\"><\/div><b style=\"font-size:40px;color:#333333;\">30+<\/b><\/div><div class=\"themepark_icon_box_d\" style=\"font-size:16px;color:#333333;\"><span> globale Tochtergesellschaften<\/span><\/div><div class=\"themepark_icon_box_bac\" style=\"background:#ffffff;opacity:0.79;\"><\/div><\/a><\/div><\/div><\/section>\n<\/div>\n<\/div><div class=\"themepark_imgtext_img\" style=\"\" data-swiper-parallax=\"-1800\"><img class=\"lazyload  swiper-lazy swiper-move-lazy\" style=\"\" data-src=\"http:\/\/en.siasun.com\/wp-content\/uploads\/2024\/06\/\u65b0\u677e\u516c\u53f8\u5e38\u7528\u5ba3\u4f20\u56fe\u7247-11_\u526f\u672c.jpg\" alt=\"\"\/><\/div><div class=\"themepark_imgtext_ba\" style=\"opacity:1;\"><\/div><\/section>\n<\/div>\n<\/div><div class=\"layout_badh\"><div class=\"shizhezhao\" style=\"opacity:0.92;background-color:#ffffff;\"><\/div><div class=\"PcOnly themepark-block_layout_ba lazyload swiper-lazy\" style=\"background-repeat:no-repeat;background-size:cover;background-attachment:fixed;background-position:center;\" data-background=\"http:\/\/en.siasun.com\/wp-content\/uploads\/2024\/03\/about-1-1.jpg\"><\/div><\/div><\/section>\n\n\n\n<section class=\"wp-block-themepark-block-themepark-area block_layout thempark-block PcOnly\" id=\"\" style=\"background-color:#ffffff;padding-bottom:55px;padding-top:57px;\" data-swiper-parallax=\"-700\"><div class=\"block_layout_in\" style=\"\">\n<div class=\"wp-block-column block_layout_in is-layout-flow wp-block-column-is-layout-flow\" id=\"home4\">\n<div class=\"wp-block-themepark-block-themepark-wright content-super-p\" style=\"font-size:16px;line-height:41px;padding:10px 8px;\">\n<div class=\"wp-block-column is-layout-flow wp-block-column-is-layout-flow\">\n<div class=\"wp-block-themepark-block-themepark-wright content-super-p\" style=\"font-size:16px;line-height:32px;padding:10px 8px;\">\n<div class=\"wp-block-column is-layout-flow wp-block-column-is-layout-flow\">\n<div class=\"wp-block-themepark-block-themepark-xian theme_fang_out  top10\" style=\"text-align:center;padding-top:33px;padding-bottom:24px;\"><div class=\"fangbox\" style=\"width:48px;height:6px;background-color:#597aab;\"><\/div><\/div>\n\n\n\n<h2 class=\"wp-block-heading has-text-align-center fonts1 has-text-color has-link-color has-large-font-size wp-elements-c73a840b63e0d9b48cfd7fac892e4453\" style=\"color:#363636;font-style:normal;font-weight:800;letter-spacing:0px;text-transform:capitalize\"><strong>Unternehmenskultur<\/strong><\/h2>\n\n\n\n<div class=\"wp-block-themepark-block-themepark-wright content-super-p\" style=\"font-size:16px;line-height:41px;padding:10px 8px;\">\n<div class=\"wp-block-column is-layout-flow wp-block-column-is-layout-flow\">\n<p class=\"has-text-align-center fonts1 has-text-color has-link-color wp-elements-410186a7bb8a4e2d7deab494306dbf74\" style=\"color:#363636;font-size:24px;font-style:normal;font-weight:600;letter-spacing:0px;text-transform:capitalize\">Roboter machen eine bessere Welt<\/p>\n<\/div>\n<\/div>\n\n\n\n<div class=\"wp-block-themepark-block-themepark-wright content-super-p\" style=\"font-size:16px;line-height:32px;padding:10px 0px;\">\n<div class=\"wp-block-column is-layout-flow wp-block-column-is-layout-flow\">\n<p class=\"fonts2 has-text-color has-link-color wp-elements-6e7edec4f22cbae391c633cbd41bda92\" style=\"color:#676767;font-size:16px\">Roboter sind die gl\u00e4nzenden Juwelen an der Spitze der Krone der verarbeitenden Industrie, ein wichtiges Symbol f\u00fcr technologische Innovation, eine zentrale St\u00fctze f\u00fcr die F\u00f6rderung der industriellen Intelligenz, ein starker Hebel f\u00fcr eine hochwertige wirtschaftliche und soziale Entwicklung und ein Sch\u00f6pfer f\u00fcr die Menschheit auf dem Weg zu einer besseren Welt.<\/p>\n\n\n\n<p><\/p>\n<\/div>\n<\/div>\n<\/div>\n<\/div>\n<\/div>\n<\/div>\n\n\n\n<section class=\"wp-block-themepark-block-themepark-listul thempark-block list_ul_box_out  Effect0 undefined showtext qik autoheight fonts2\" style=\"undefined\" swlist=\"2\" progresseffect=\"0\" autoplays=\"3\" line=\"2\" loops=\"no\"><div class=\"swiper-container showslidebox_out  listpadings showslidebox_full\"><div class=\"swiper-wrapper\"><div class=\"swiper-slide listul_box\" style=\"border-radius:41px;overflow: hidden;;\"><a class=\"listul_box_img\" style=\"\"><div style=\"\" class=\"listulpic\"><img loading=\"lazy\" decoding=\"async\" class=\"swiper-lazy swiper-move-lazy lazyload\" data-src=\"http:\/\/en.siasun.com\/wp-content\/uploads\/2024\/03\/\u5173\u4e8e\u6211\u4eec\u5c0f\u56fe-1.jpg\" src=\"https:\/\/en.siasun.com\/wp-content\/themes\/smartenterprise\/images\/loading3.png\" alt=\"Auftrag --\" width=\"700\" height=\"392\"\/><\/div><div class=\"zhezhao\"><\/div><div class=\"listul_box_text\" style=\"padding-top:13%;text-align:center;\"><h3 class=\"pcimg_title\" style=\"font-size:24px;color:#ffffff;\"><span>Auftrag --<\/span><\/h3><font class=\"pcimg_dis\" style=\"font-size:16px;color:#ffffff;\"><span>Roboter machen eine bessere Welt<\/span><\/font><\/div><\/a><\/div><div class=\"swiper-slide listul_box\" style=\"border-radius:41px;overflow: hidden;;\"><a class=\"listul_box_img\" style=\"\"><div style=\"\" class=\"listulpic\"><img loading=\"lazy\" decoding=\"async\" class=\"swiper-lazy swiper-move-lazy lazyload\" data-src=\"http:\/\/en.siasun.com\/wp-content\/uploads\/2024\/03\/about_small_02-1.jpg\" src=\"https:\/\/en.siasun.com\/wp-content\/themes\/smartenterprise\/images\/loading3.png\" alt=\"Vision --\" width=\"700\" height=\"392\"\/><\/div><div class=\"zhezhao\"><\/div><div class=\"listul_box_text\" style=\"padding-top:13%;text-align:center;\"><h3 class=\"pcimg_title\" style=\"font-size:24px;color:#ffffff;\"><span>Vision --<\/span><\/h3><font class=\"pcimg_dis\" style=\"font-size:16px;color:#ffffff;\"><span>Chinesisch Geschwindigkeit Chinesisch Niveau<\/span><span>Branchenf\u00fchrend Weltklasse<\/span><\/font><\/div><\/a><\/div><div class=\"swiper-slide listul_box\" style=\"border-radius:41px;overflow: hidden;;\"><a class=\"listul_box_img\" style=\"\"><div style=\"\" class=\"listulpic\"><img loading=\"lazy\" decoding=\"async\" class=\"swiper-lazy swiper-move-lazy lazyload\" data-src=\"http:\/\/en.siasun.com\/wp-content\/uploads\/2024\/03\/about_small_03-1-1.jpg\" src=\"https:\/\/en.siasun.com\/wp-content\/themes\/smartenterprise\/images\/loading3.png\" alt=\"Grundwerte.\" width=\"700\" height=\"392\"\/><\/div><div class=\"zhezhao\"><\/div><div class=\"listul_box_text\" style=\"padding-top:13%;text-align:center;\"><h3 class=\"pcimg_title\" style=\"font-size:24px;color:#ffffff;\"><span>Grundwerte.<\/span><span><\/span><\/h3><font class=\"pcimg_dis\" style=\"font-size:16px;color:#ffffff;\"><span> Integrit\u00e4t und Innovation, Achtung der Sorgfalt, Werteorientierung, Zusammenarbeit<\/span><\/font><\/div><\/a><\/div><div class=\"swiper-slide listul_box\" style=\"border-radius:41px;overflow: hidden;;\"><a class=\"listul_box_img\" style=\"\"><div style=\"\" class=\"listulpic\"><img loading=\"lazy\" decoding=\"async\" class=\"swiper-lazy swiper-move-lazy lazyload\" data-src=\"http:\/\/en.siasun.com\/wp-content\/uploads\/2024\/03\/about_small_04-1.jpg\" src=\"https:\/\/en.siasun.com\/wp-content\/themes\/smartenterprise\/images\/loading3.png\" alt=\"Geist --\" width=\"700\" height=\"392\"\/><\/div><div class=\"zhezhao\"><\/div><div class=\"listul_box_text\" style=\"padding-top:13%;text-align:center;\"><h3 class=\"pcimg_title\" style=\"font-size:24px;color:#ffffff;\"><span>Geist --<\/span><\/h3><font class=\"pcimg_dis\" style=\"font-size:16px;color:#ffffff;\"><span>K\u00e4mpferisch, unternehmungslustig, pragmatisch und verantwortungsbewusst.<\/span><\/font><\/div><\/a><\/div><\/div><\/div><\/section>\n<\/div>\n<\/div><div class=\"layout_badh\"><\/div><\/section>","protected":false},"excerpt":{"rendered":"","protected":false},"author":1,"featured_media":0,"parent":0,"menu_order":0,"comment_status":"closed","ping_status":"closed","template":"","meta":{"_seopress_robots_primary_cat":"","_seopress_titles_title":"","_seopress_titles_desc":"","_seopress_robots_index":"","themepark_post_bcolor":"#f5f5f5","themepark_post_width":"100% dong","themepark_post_img":"","themepark_post_img_po":"left","themepark_post_img_re":false,"themepark_post_img_cover":false,"themepark_post_img_fixed":false,"themepark_post_hide_title":true,"themepark_post_main_b":"","themepark_post_main_p":100,"themepark_paddingblock":true,"footnotes":""},"class_list":["post-5268","page","type-page","status-publish","hentry"],"_links":{"self":[{"href":"https:\/\/en.siasun.com\/de\/wp-json\/wp\/v2\/pages\/5268"}],"collection":[{"href":"https:\/\/en.siasun.com\/de\/wp-json\/wp\/v2\/pages"}],"about":[{"href":"https:\/\/en.siasun.com\/de\/wp-json\/wp\/v2\/types\/page"}],"author":[{"embeddable":true,"href":"https:\/\/en.siasun.com\/de\/wp-json\/wp\/v2\/users\/1"}],"replies":[{"embeddable":true,"href":"https:\/\/en.siasun.com\/de\/wp-json\/wp\/v2\/comments?post=5268"}],"version-history":[{"count":8,"href":"https:\/\/en.siasun.com\/de\/wp-json\/wp\/v2\/pages\/5268\/revisions"}],"predecessor-version":[{"id":6670,"href":"https:\/\/en.siasun.com\/de\/wp-json\/wp\/v2\/pages\/5268\/revisions\/6670"}],"wp:attachment":[{"href":"https:\/\/en.siasun.com\/de\/wp-json\/wp\/v2\/media?parent=5268"}],"curies":[{"name":"wp","href":"https:\/\/api.w.org\/{rel}","templated":true}]}}