{"id":4706,"date":"2024-05-28T11:43:49","date_gmt":"2024-05-28T03:43:49","guid":{"rendered":"http:\/\/en.siasun.com\/?page_id=4706"},"modified":"2024-05-28T13:12:40","modified_gmt":"2024-05-28T05:12:40","slug":"special-robot","status":"publish","type":"page","link":"https:\/\/en.siasun.com\/de\/spezialroboter.html","title":{"rendered":"Spezial-Roboter"},"content":{"rendered":"<section class=\"wp-block-themepark-block-themepark-area block_layout thempark-block undefined bom100 top100\" id=\"\" style=\"padding-top:120px;height:350px;box-sizing: border-box;width: 100%;\" data-swiper-parallax=\"-700\"><div class=\"block_layout_in\" style=\"\">\n<div class=\"wp-block-column block_layout_in is-layout-flow wp-block-column-is-layout-flow\">\n<h2 class=\"wp-block-heading has-text-align-center fonts1 has-monte-white-color has-text-color has-large-font-size\" style=\"letter-spacing:5px\"><span style=\"color: rgb(209, 213, 219); font-family: S\u00f6hne, ui-sans-serif, system-ui, -apple-system, &quot;Segoe UI&quot;, Roboto, Ubuntu, Cantarell, &quot;Noto Sans&quot;, sans-serif, &quot;Helvetica Neue&quot;, Arial, &quot;Apple Color Emoji&quot;, &quot;Segoe UI Emoji&quot;, &quot;Segoe UI Symbol&quot;, &quot;Noto Color Emoji&quot;; font-size: 16px; font-style: normal; font-variant-ligatures: normal; font-variant-caps: normal; font-weight: 400; letter-spacing: normal; orphans: 2; text-align: left; text-indent: 0px; text-transform: none; widows: 2; word-spacing: 0px; -webkit-text-stroke-width: 0px; white-space: pre-wrap; background-color: rgb(68, 70, 84); text-decoration-thickness: initial; text-decoration-style: initial; text-decoration-color: initial; display: inline !important; float: none;\"><\/span>Produkt-Center<\/h2>\n\n\n\n<p class=\"has-text-align-center has-monte-white-color has-text-color has-normal-font-size\" style=\"text-transform:none\"><\/p>\n<\/div>\n<\/div><div class=\"layout_badh\"><div class=\"shizhezhao\" style=\"opacity:0.3;background-color:#000000;\"><\/div><div class=\"PcOnly themepark-block_layout_ba lazyload swiper-lazy\" style=\"background-repeat:no-repeat;background-size:cover;\" data-background=\"http:\/\/en.siasun.com\/wp-content\/uploads\/2024\/05\/\u80cc\u666f.jpg\"><\/div><div class=\"MovePnly themepark-block_layout_ba lazyload swiper-move-lazy\" style=\"background-repeat:no-repeat;background-size:cover;\" data-background=\"http:\/\/en.siasun.com\/wp-content\/uploads\/2024\/05\/\u80cc\u666f-1.jpg\"><\/div><\/div><\/section>\n\n\n\n<section class=\"wp-block-themepark-block-themepark-area block_layout thempark-block undefined  fonts2\" id=\"\" style=\"background-color:#ffffff;padding-top:8px;\" data-swiper-parallax=\"-700\"><div class=\"block_layout_in\" style=\"\">\n<div class=\"wp-block-column block_layout_in is-layout-flow wp-block-column-is-layout-flow\">\n<div class=\"wp-block-themepark-block-themepark-wright content-super-p\" style=\"font-size:16px;line-height:32px;padding:10px 8px;\">\n<div class=\"wp-block-column is-layout-flow wp-block-column-is-layout-flow\">\n<div class=\"wp-block-themepark-block-themepark-xian theme_fang_out  top10\" style=\"text-align:left;padding-top:33px;padding-bottom:24px;\"><div class=\"fangbox\" style=\"width:48px;height:6px;background-color:#597aab;\"><\/div><\/div>\n\n\n\n<h2 class=\"wp-block-heading fonts1 has-text-color has-link-color has-large-font-size wp-elements-410acdb3c932acb11e06a60ba924adf8\" style=\"color:#363636;font-style:normal;font-weight:800;letter-spacing:0px;text-transform:capitalize\">Spezial-Roboter<\/h2>\n\n\n\n<p><\/p>\n\n\n\n<p>Der modulare Traversenroboter (M-Serie) ist ein Standardprodukt, das von SIASUN entsprechend der Marktnachfrage entwickelt wurde und aus insgesamt sechs Unterserien besteht, die f\u00fcr unterschiedliche Anwendungen geeignet sind.  Alle Traversenroboter bestehen aus standardisierten modularen Einheiten, die flexibel kombinierbar, einfach zu installieren und sehr anpassungsf\u00e4hig sind.<\/p>\n\n\n\n<p>Die Standardproduktlast reicht von 1 bis 5000 kg und kann Hochgeschwindigkeitsbewegungen (H\u00f6chstgeschwindigkeit 240 m\/min) entlang der X-Achse, Y-Achse und Z-Achse erreichen (zus\u00e4tzliche Achsen k\u00f6nnen hinzugef\u00fcgt werden). Die X-Achse und die Y-Achse (die horizontale Achse) aller Serien verwenden die von SIASUN entworfene rechteckige F\u00fchrungsschiene, die mit Hilfe von Antriebsrollenlagern Ultra-Hochgeschwindigkeitsbewegungen erreichen kann, und der Hub der X-Achse kann stufenlos verl\u00e4ngert werden, um den Anforderungen des Benutzers zu entsprechen.  Aufgrund des modularen Designs sind alle Produkte gut austauschbar und vielseitig einsetzbar, was die Installation und den Austausch erleichtert. Unser \u2019Ersatzteil-Supermarkt\u201c kann die von den Kunden ben\u00f6tigten Module jederzeit liefern. SIASUN Modular Truss Robot (M-Serie) kann komplette und fortschrittliche Industriel\u00f6sungen f\u00fcr die Benutzer anpassen. Wir haben das Vertrauen und die Unterst\u00fctzung von Kunden aus aller Welt durch tausende von Projektierungserfahrungen gewonnen.<\/p>\n\n\n\n<section class=\"wp-block-themepark-block-themepark-area block_layout thempark-block undefined\" id=\"\" style=\"padding-bottom:20px;padding-top:21px;\" data-swiper-parallax=\"-700\"><div class=\"block_layout_in\" style=\"\">\n<div class=\"wp-block-column block_layout_in is-layout-flow wp-block-column-is-layout-flow\"><\/div>\n<\/div><div class=\"layout_badh\"><\/div><\/section>\n\n\n\n<p class=\"has-large-font-size\"><\/p>\n\n\n<div class=\"product_loop   mian_loop\" id=\"pro_list_3\"><div class=\"product_post   h_w\" ><a href=\"https:\/\/en.siasun.com\/de\/mgi-truss-robot.html\" class=\"product_pic postatty\" style=\"max-height:230px;\"\"><img loading=\"lazy\" decoding=\"async\" class=\"lazyload\" src=\"https:\/\/en.siasun.com\/wp-content\/themes\/smartenterprise\/images\/loadings.png\" data-src=\"https:\/\/en.siasun.com\/wp-content\/uploads\/2024\/05\/MGI.jpg\" width=\"300\" height=\"150\" alt=\"MGI Traversenroboter\" title=\"MGI Traversenroboter\"\/><\/a><div class=\"product_info\"><h3 class=\"pro_title\"><a href=\"https:\/\/en.siasun.com\/de\/mgi-truss-robot.html\">MGI Traversenroboter<\/a><\/h3><\/div><\/div><div class=\"product_post   h_w\" ><a href=\"https:\/\/en.siasun.com\/de\/mgh-truss-robot.html\" class=\"product_pic postatty\" style=\"max-height:230px;\"\"><img loading=\"lazy\" decoding=\"async\" class=\"lazyload\" src=\"https:\/\/en.siasun.com\/wp-content\/themes\/smartenterprise\/images\/loadings.png\" data-src=\"https:\/\/en.siasun.com\/wp-content\/uploads\/2024\/05\/MGH.jpg\" width=\"300\" height=\"150\" alt=\"MGH Traversenroboter\" title=\"MGH Traversenroboter\"\/><\/a><div class=\"product_info\"><h3 class=\"pro_title\"><a href=\"https:\/\/en.siasun.com\/de\/mgh-truss-robot.html\">MGH Traversenroboter<\/a><\/h3><\/div><\/div><div class=\"product_post   h_w\" ><a href=\"https:\/\/en.siasun.com\/de\/mga-truss-robot.html\" class=\"product_pic postatty\" style=\"max-height:230px;\"\"><img loading=\"lazy\" decoding=\"async\" class=\"lazyload\" src=\"https:\/\/en.siasun.com\/wp-content\/themes\/smartenterprise\/images\/loadings.png\" data-src=\"https:\/\/en.siasun.com\/wp-content\/uploads\/2024\/05\/MGA.jpg\" width=\"300\" height=\"150\" alt=\"MGA Traversenroboter\" title=\"MGA Traversenroboter\"\/><\/a><div class=\"product_info\"><h3 class=\"pro_title\"><a href=\"https:\/\/en.siasun.com\/de\/mga-truss-robot.html\">MGA Traversenroboter<\/a><\/h3><\/div><\/div><\/div>\n\n\n<p class=\"has-large-font-size\"><\/p>\n\n\n\n<p class=\"has-large-font-size\"><\/p>\n<\/div>\n<\/div>\n<\/div>\n<\/div><div class=\"layout_badh\"><\/div><\/section>","protected":false},"excerpt":{"rendered":"","protected":false},"author":1,"featured_media":0,"parent":0,"menu_order":0,"comment_status":"open","ping_status":"closed","template":"","meta":{"_seopress_robots_primary_cat":"","_seopress_titles_title":"","_seopress_titles_desc":"","_seopress_robots_index":"","themepark_post_bcolor":"#f5f5f5","themepark_post_width":"100% dong","themepark_post_img":"","themepark_post_img_po":"left","themepark_post_img_re":false,"themepark_post_img_cover":false,"themepark_post_img_fixed":false,"themepark_post_hide_title":true,"themepark_post_main_b":"","themepark_post_main_p":100,"themepark_paddingblock":true,"footnotes":""},"class_list":["post-4706","page","type-page","status-publish","hentry"],"_links":{"self":[{"href":"https:\/\/en.siasun.com\/de\/wp-json\/wp\/v2\/pages\/4706"}],"collection":[{"href":"https:\/\/en.siasun.com\/de\/wp-json\/wp\/v2\/pages"}],"about":[{"href":"https:\/\/en.siasun.com\/de\/wp-json\/wp\/v2\/types\/page"}],"author":[{"embeddable":true,"href":"https:\/\/en.siasun.com\/de\/wp-json\/wp\/v2\/users\/1"}],"replies":[{"embeddable":true,"href":"https:\/\/en.siasun.com\/de\/wp-json\/wp\/v2\/comments?post=4706"}],"version-history":[{"count":2,"href":"https:\/\/en.siasun.com\/de\/wp-json\/wp\/v2\/pages\/4706\/revisions"}],"predecessor-version":[{"id":4712,"href":"https:\/\/en.siasun.com\/de\/wp-json\/wp\/v2\/pages\/4706\/revisions\/4712"}],"wp:attachment":[{"href":"https:\/\/en.siasun.com\/de\/wp-json\/wp\/v2\/media?parent=4706"}],"curies":[{"name":"wp","href":"https:\/\/api.w.org\/{rel}","templated":true}]}}