{"id":4240,"date":"2024-05-21T15:47:07","date_gmt":"2024-05-21T07:47:07","guid":{"rendered":"http:\/\/en.siasun.com\/?page_id=4240"},"modified":"2024-06-04T11:29:55","modified_gmt":"2024-06-04T03:29:55","slug":"automotive-industry","status":"publish","type":"page","link":"https:\/\/en.siasun.com\/de\/automobilbranche.html","title":{"rendered":"Autoindustrie"},"content":{"rendered":"<section class=\"wp-block-themepark-block-themepark-area block_layout thempark-block undefined bom100 top100\" id=\"\" style=\"padding-top:120px;height:350px;box-sizing: border-box;width: 100%;\" data-swiper-parallax=\"-700\"><div class=\"block_layout_in\" style=\"\">\n<div class=\"wp-block-column block_layout_in is-layout-flow wp-block-column-is-layout-flow\">\n<h2 class=\"wp-block-heading has-text-align-center fonts1 has-monte-white-color has-text-color has-large-font-size\" style=\"letter-spacing:5px\"><strong><strong><strong>Autoindustrie<\/strong><\/strong><\/strong><\/h2>\n\n\n\n<p class=\"has-text-align-center has-monte-white-color has-text-color has-normal-font-size\" style=\"text-transform:uppercase\"><\/p>\n<\/div>\n<\/div><div class=\"layout_badh\"><div class=\"shizhezhao\" style=\"opacity:0.3;background-color:#000000;\"><\/div><div class=\"PcOnly themepark-block_layout_ba lazyload swiper-lazy\" style=\"background-repeat:no-repeat;background-size:cover;background-position:center;\" data-background=\"http:\/\/en.siasun.com\/wp-content\/uploads\/2024\/05\/\u6c7d\u8f66\u5de5\u4e1a.png\"><\/div><div class=\"MovePnly themepark-block_layout_ba lazyload swiper-move-lazy\" style=\"background-repeat:no-repeat;background-size:cover;background-position:center;\" data-background=\"http:\/\/en.siasun.com\/wp-content\/uploads\/2024\/05\/shouji-1.png\"><\/div><\/div><\/section>\n\n\n\n<div class=\"wp-block-themepark-block-btn themepark-i-btn-out fixded  shadow PcOnly fonts1\" style=\"text-align:;\"><div class=\"themepark-i-btn-out_ins\" style=\"background-color:#252525;\"><div class=\"themepark-i-btn-out_in\"><div class=\"themepark-i-btn\" style=\"color:#ffffff;font-size:16px;padding:18px 22px;\"><a href=\"https:\/\/en.siasun.com\/de\/automobilbranche.html\/\" rel=\"noopener noreferrer \">Autoindustrie<\/a><a class=\"hovers\" data-title=\"Automotive Industry\" style=\"color:#ffffff;background-color:#0084ff;padding:18px 22px;\" href=\"https:\/\/en.siasun.com\/de\/automobilbranche.html\/\" rel=\"noopener noreferrer\" target=\"_self\"><\/a><\/div><div class=\"themepark-i-btn\" style=\"color:#ffffff;font-size:16px;padding:18px 22px;\"><a href=\"https:\/\/en.siasun.com\/de\/neue-energie.html\/\" rel=\"noopener noreferrer\" target=\"_self\">Neue Energie<\/a><a class=\"hovers\" data-title=\"New Energy\" style=\"color:#ffffff;background-color:#0084ff;padding:18px 22px;\" href=\"https:\/\/en.siasun.com\/de\/neue-energie.html\/\" rel=\"noopener noreferrer\" target=\"_self\"><\/a><\/div><div class=\"themepark-i-btn\" style=\"color:#ffffff;font-size:16px;padding:18px 22px;\"><a href=\"https:\/\/en.siasun.com\/de\/3c-elektronik.html\/\" rel=\"noopener noreferrer\" target=\"_self\">3C Elektronik<\/a><a class=\"hovers\" data-title=\"3C Electronics\" style=\"color:#ffffff;background-color:#0084ff;padding:18px 22px;\" href=\"https:\/\/en.siasun.com\/de\/3c-elektronik.html\/\" rel=\"noopener noreferrer\" target=\"_self\"><\/a><\/div><div class=\"themepark-i-btn\" style=\"color:#ffffff;font-size:16px;padding:18px 22px;\"><a href=\"https:\/\/en.siasun.com\/de\/maschinenpark.html\/\" rel=\"noopener noreferrer\" target=\"_self\">Maschinenpark<\/a><a class=\"hovers\" data-title=\"Engineering Machinery\" style=\"color:#ffffff;background-color:#0084ff;padding:18px 22px;\" href=\"https:\/\/en.siasun.com\/de\/maschinenpark.html\/\" rel=\"noopener noreferrer\" target=\"_self\"><\/a><\/div><div class=\"themepark-i-btn\" style=\"color:#ffffff;font-size:16px;padding:18px 22px;\"><a href=\"https:\/\/en.siasun.com\/de\/schiffsstahlbau.html\/\" rel=\"noopener noreferrer\" target=\"_self\">Metallverarbeitung<\/a><a class=\"hovers\" data-title=\"Metal processing\" style=\"color:#ffffff;background-color:#0084ff;padding:18px 22px;\" href=\"https:\/\/en.siasun.com\/de\/schiffsstahlbau.html\/\" rel=\"noopener noreferrer\" target=\"_self\"><\/a><\/div><div class=\"themepark-i-btn\" style=\"color:#ffffff;font-size:16px;padding:18px 22px;\"><a href=\"https:\/\/en.siasun.com\/de\/andere-branchen.html\/\" rel=\"noopener noreferrer\" target=\"_self\">Andere<\/a><a class=\"hovers\" data-title=\"Others\" style=\"color:#ffffff;background-color:#0084ff;padding:18px 22px;\" href=\"https:\/\/en.siasun.com\/de\/andere-branchen.html\/\" rel=\"noopener noreferrer\" target=\"_self\"><\/a><\/div><\/div><\/div><\/div>\n\n\n\n<section class=\"wp-block-themepark-block-themepark-area block_layout thempark-block undefined\" id=\"\" style=\"background-color:#ffffff;padding-bottom:30px;padding-top:50px;\" data-swiper-parallax=\"-700\"><div class=\"block_layout_in\" style=\"\">\n<div class=\"wp-block-column block_layout_in is-layout-flow wp-block-column-is-layout-flow\">\n<div class=\"wp-block-columns is-layout-flex wp-container-core-columns-is-layout-1 wp-block-columns-is-layout-flex\">\n<div class=\"wp-block-column is-layout-flow wp-block-column-is-layout-flow\" style=\"flex-basis:750px\">\n<div class=\"wp-block-themepark-block-themepark-wright content-super-p\" style=\"font-size:16px;line-height:32px;padding:10px 8px;\">\n<div class=\"wp-block-column is-layout-flow wp-block-column-is-layout-flow\">\n<div class=\"wp-block-themepark-block-themepark-xian theme_fang_out  top10\" style=\"text-align:left;padding-top:33px;padding-bottom:25px;\"><div class=\"fangbox\" style=\"width:48px;height:6px;background-color:#597aab;\"><\/div><\/div>\n\n\n\n<h2 class=\"wp-block-heading fonts1 has-text-color has-link-color has-large-font-size wp-elements-d2ee9192b5e5dcc4e2acfc55c4d8596c\" style=\"color:#363636;font-style:normal;font-weight:800;text-transform:capitalize\"><strong><strong>Autoindustrie<\/strong><\/strong><\/h2>\n\n\n\n<p><\/p>\n\n\n\n<p><\/p>\n\n\n\n<div class=\"wp-block-themepark-block-themepark-wright content-super-p\" style=\"font-size:16px;line-height:24px;color:#4d4d4d;padding:10px 10px;\">\n<div class=\"wp-block-column is-layout-flow wp-block-column-is-layout-flow\">\n<p class=\"fonts2 has-text-color has-link-color wp-elements-987f9ceaa82e9b603f94cc563ffa54a9\" style=\"color:#676767;font-size:16px\">Die Anwendung umfasst den gesamten Prozess des Stanzens, Schwei\u00dfens, Lackierens und der Endmontage von Automobilen.<\/p>\n<\/div>\n<\/div>\n<\/div>\n<\/div>\n<\/div>\n\n\n\n<div class=\"wp-block-column is-layout-flow wp-block-column-is-layout-flow\">\n<div class=\"wp-block-themepark-block-themepark-wright content-super-p PcOnly\" style=\"font-size:16px;line-height:24px;color:#4d4d4d;padding:10px 10px;\">\n<div class=\"wp-block-column is-layout-flow wp-block-column-is-layout-flow\">\n<p><\/p>\n\n\n\n<p><\/p>\n\n\n\n<p><\/p>\n\n\n\n<p><\/p>\n\n\n\n<p><\/p>\n\n\n\n<p><\/p>\n\n\n\n<p><\/p>\n\n\n\n<p><\/p>\n\n\n\n<p><\/p>\n\n\n\n<div class=\"wp-block-themepark-block-btn themepark-i-btn-out fonts2 zixun\" style=\"text-align:;\"><div class=\"themepark-i-btn-out_ins\" style=\"\"><div class=\"themepark-i-btn-out_in\"><div class=\"themepark-i-btn\" style=\"background-color:#0084ff;color:#ffffff;font-size:16px;border:solid 1px #0084ff;border-radius:20px;padding:8px 35px;\"><span>M\u00f6chten Sie mehr erfahren\uff1f<\/span><a class=\"hovers\" data-title=\"Do you want to learn more\uff1f\" style=\"color:#ffffff;background-color:#0084ff;padding:8px 35px;border-radius:20px;\" rel=\"noopener noreferrer\" target=\"_self\"><\/a><\/div><\/div><\/div><\/div>\n<\/div>\n<\/div>\n<\/div>\n<\/div>\n<\/div>\n<\/div><div class=\"layout_badh\"><\/div><\/section>\n\n\n\n<section class=\"wp-block-themepark-block-themepark-area block_layout thempark-block undefined\" id=\"\" style=\"background-color:#ffffff;\" data-swiper-parallax=\"-700\"><div class=\"block_layout_in\" style=\"\">\n<div class=\"wp-block-column block_layout_in is-layout-flow wp-block-column-is-layout-flow\" id=\"homemd1\">\n<div class=\"wp-block-themepark-block-themepark-wright content-super-p\" style=\"font-size:12px;line-height:32px;background-color:#ffffff;padding:10px 0px;\">\n<div class=\"wp-block-column is-layout-flow wp-block-column-is-layout-flow\">\n<div class=\"wp-block-themepark-block-themepark-xian theme_fang_out  top10\" style=\"text-align:center;padding-top:33px;padding-bottom:24px;\"><div class=\"fangbox\" style=\"width:48px;height:6px;background-color:#597aab;\"><\/div><\/div>\n\n\n\n<h2 class=\"wp-block-heading has-text-align-center fonts1 has-large-font-size\" style=\"font-style:normal;font-weight:800\"><strong>F\u00e4lle in der Industrie<\/strong><\/h2>\n\n\n\n<p><\/p>\n\n\n\n<p><\/p>\n\n\n<div class=\"product_loop  zhong   mian_loop\" id=\"pro_list_3\"><div class=\"product_post   h_w\" ><a href=\"https:\/\/en.siasun.com\/de\/gantry-robot-for-bearing-processing-automation-line.html\" class=\"product_pic postatty\" style=\"max-height:280px;\"\"><img loading=\"lazy\" decoding=\"async\" class=\"lazyload\" src=\"https:\/\/en.siasun.com\/wp-content\/themes\/smartenterprise\/images\/loadings.png\" data-src=\"https:\/\/en.siasun.com\/wp-content\/uploads\/2026\/01\/2-6.jpg\" width=\"1000\" height=\"600\" alt=\"Portalroboter f\u00fcr die Automatisierung der Lagerbearbeitung ...\" title=\"Portalroboter f\u00fcr die Automatisierung der Lagerbearbeitung ...\"\/><\/a><div class=\"product_info\"><h3 class=\"pro_title\"><a href=\"https:\/\/en.siasun.com\/de\/gantry-robot-for-bearing-processing-automation-line.html\">Portalroboter f\u00fcr Automatisierungslinie zur Bearbeitung von Lagern<\/a><\/h3><\/div><\/div><div class=\"product_post   h_w\" ><a href=\"https:\/\/en.siasun.com\/de\/camshaft-gantry-robot-for-automated-processing-line.html\" class=\"product_pic postatty\" style=\"max-height:280px;\"\"><img loading=\"lazy\" decoding=\"async\" class=\"lazyload\" src=\"https:\/\/en.siasun.com\/wp-content\/themes\/smartenterprise\/images\/loadings.png\" data-src=\"https:\/\/en.siasun.com\/wp-content\/uploads\/2026\/01\/3-4.jpg\" width=\"1000\" height=\"600\" alt=\"Nockenwellen-Portalroboter f\u00fcr die automatisierte Bearbeitung ...\" title=\"Nockenwellen-Portalroboter f\u00fcr die automatisierte Bearbeitung ...\"\/><\/a><div class=\"product_info\"><h3 class=\"pro_title\"><a href=\"https:\/\/en.siasun.com\/de\/camshaft-gantry-robot-for-automated-processing-line.html\">Nockenwellen-Portalroboter f\u00fcr automatisierte Verarbeitungslinie<\/a><\/h3><\/div><\/div><div class=\"product_post   h_w\" ><a href=\"https:\/\/en.siasun.com\/de\/gantry-robot-for-crankshaft-automated-processing-line.html\" class=\"product_pic postatty\" style=\"max-height:280px;\"\"><img loading=\"lazy\" decoding=\"async\" class=\"lazyload\" src=\"https:\/\/en.siasun.com\/wp-content\/themes\/smartenterprise\/images\/loadings.png\" data-src=\"https:\/\/en.siasun.com\/wp-content\/uploads\/2026\/01\/3-3.jpg\" width=\"1000\" height=\"600\" alt=\"Portalroboter f\u00fcr die automatisierte Bearbeitung von Kurbelwellen...\" title=\"Portalroboter f\u00fcr die automatisierte Bearbeitung von Kurbelwellen...\"\/><\/a><div class=\"product_info\"><h3 class=\"pro_title\"><a href=\"https:\/\/en.siasun.com\/de\/gantry-robot-for-crankshaft-automated-processing-line.html\">Portalroboter f\u00fcr automatisierte Bearbeitungslinie f\u00fcr Kurbelwellen<\/a><\/h3><\/div><\/div><div class=\"product_post   h_w\" ><a href=\"https:\/\/en.siasun.com\/de\/gantry-robot-for-automated-handling-in-cylinder-block-head-processing-line.html\" class=\"product_pic postatty\" style=\"max-height:280px;\"\"><img loading=\"lazy\" decoding=\"async\" class=\"lazyload\" src=\"https:\/\/en.siasun.com\/wp-content\/themes\/smartenterprise\/images\/loadings.png\" data-src=\"https:\/\/en.siasun.com\/wp-content\/uploads\/2026\/01\/1-2.jpg\" width=\"1000\" height=\"600\" alt=\"Portalroboter f\u00fcr die automatisierte Handhabung von Zylindern...\" title=\"Portalroboter f\u00fcr die automatisierte Handhabung von Zylindern...\"\/><\/a><div class=\"product_info\"><h3 class=\"pro_title\"><a href=\"https:\/\/en.siasun.com\/de\/gantry-robot-for-automated-handling-in-cylinder-block-head-processing-line.html\">Portalroboter f\u00fcr die automatisierte Handhabung in einer Bearbeitungslinie f\u00fcr Zylinderbl\u00f6cke und -k\u00f6pfe<\/a><\/h3><\/div><\/div><div class=\"product_post   h_w\" ><a href=\"https:\/\/en.siasun.com\/de\/gantry-robot-for-automated-handling-in-axle-production-line.html\" class=\"product_pic postatty\" style=\"max-height:280px;\"\"><img loading=\"lazy\" decoding=\"async\" class=\"lazyload\" src=\"https:\/\/en.siasun.com\/wp-content\/themes\/smartenterprise\/images\/loadings.png\" data-src=\"https:\/\/en.siasun.com\/wp-content\/uploads\/2026\/01\/2-2.jpg\" width=\"1000\" height=\"600\" alt=\"Portalroboter f\u00fcr automatisiertes Handling in der Achsver...\" title=\"Portalroboter f\u00fcr automatisiertes Handling in der Achsver...\"\/><\/a><div class=\"product_info\"><h3 class=\"pro_title\"><a href=\"https:\/\/en.siasun.com\/de\/gantry-robot-for-automated-handling-in-axle-production-line.html\">Portalroboter f\u00fcr die automatisierte Handhabung in einer Achsenproduktionslinie<\/a><\/h3><\/div><\/div><div class=\"product_post   h_w\" ><a href=\"https:\/\/en.siasun.com\/de\/brake-by-wire-one-box-esc-abs-solenoid-valve-assembly-and-test-line.html\" class=\"product_pic postatty\" style=\"max-height:280px;\"\"><img loading=\"lazy\" decoding=\"async\" class=\"lazyload\" src=\"https:\/\/en.siasun.com\/wp-content\/themes\/smartenterprise\/images\/loadings.png\" data-src=\"https:\/\/en.siasun.com\/wp-content\/uploads\/2024\/05\/\u672a\u6807\u9898-1-1.png\" width=\"1000\" height=\"600\" alt=\"BRAKE-BY-WIRE ONE-BOX\/ESC\/ABS-Magnetventil wie...\" title=\"BRAKE-BY-WIRE ONE-BOX\/ESC\/ABS-Magnetventil wie...\"\/><\/a><div class=\"product_info\"><h3 class=\"pro_title\"><a href=\"https:\/\/en.siasun.com\/de\/brake-by-wire-one-box-esc-abs-solenoid-valve-assembly-and-test-line.html\">BRAKE-BY-WIRE ONE-BOX\/ESC\/ABS Magnetventil-Baugruppe und Testleitung<\/a><\/h3><\/div><\/div><div class=\"product_post   h_w\" ><a href=\"https:\/\/en.siasun.com\/de\/front-and-rear-suspension-assembly-chassis-fit-mobile-robot.html\" class=\"product_pic postatty\" style=\"max-height:280px;\"\"><img loading=\"lazy\" decoding=\"async\" class=\"lazyload\" src=\"https:\/\/en.siasun.com\/wp-content\/themes\/smartenterprise\/images\/loadings.png\" data-src=\"https:\/\/en.siasun.com\/wp-content\/uploads\/2024\/05\/5-5.jpg\" width=\"1000\" height=\"600\" alt=\"Vordere und hintere Aufh\u00e4ngungsbaugruppe Fahrwerk Fit ...\" title=\"Vordere und hintere Aufh\u00e4ngungsbaugruppe Fahrwerk Fit ...\"\/><\/a><div class=\"product_info\"><h3 class=\"pro_title\"><a href=\"https:\/\/en.siasun.com\/de\/front-and-rear-suspension-assembly-chassis-fit-mobile-robot.html\">Vordere und hintere Aufh\u00e4ngungsbaugruppe Chassis Fit Mobile Robot<\/a><\/h3><\/div><\/div><div class=\"product_post   h_w\" ><a href=\"https:\/\/en.siasun.com\/de\/automotive-thermal-management-automation-solution.html\" class=\"product_pic postatty\" style=\"max-height:280px;\"\"><img loading=\"lazy\" decoding=\"async\" class=\"lazyload\" src=\"https:\/\/en.siasun.com\/wp-content\/themes\/smartenterprise\/images\/loadings.png\" data-src=\"https:\/\/en.siasun.com\/wp-content\/uploads\/2024\/05\/1-7.png\" width=\"1000\" height=\"600\" alt=\"Automobile W\u00e4rmemanagement-Automatisierungsl\u00f6sung\" title=\"Automobile W\u00e4rmemanagement-Automatisierungsl\u00f6sung\"\/><\/a><div class=\"product_info\"><h3 class=\"pro_title\"><a href=\"https:\/\/en.siasun.com\/de\/automotive-thermal-management-automation-solution.html\">Automobile W\u00e4rmemanagement-Automatisierungsl\u00f6sung<\/a><\/h3><\/div><\/div><div class=\"product_post   h_w\" ><a href=\"https:\/\/en.siasun.com\/de\/automotive-welding-assembly-line.html\" class=\"product_pic postatty\" style=\"max-height:280px;\"\"><img loading=\"lazy\" decoding=\"async\" class=\"lazyload\" src=\"https:\/\/en.siasun.com\/wp-content\/themes\/smartenterprise\/images\/loadings.png\" data-src=\"https:\/\/en.siasun.com\/wp-content\/uploads\/2024\/05\/\u672a\u6807\u9898-2-1.png\" width=\"1000\" height=\"600\" alt=\"Montagelinie f\u00fcr Automobilschwei\u00dfer\" title=\"Montagelinie f\u00fcr Automobilschwei\u00dfer\"\/><\/a><div class=\"product_info\"><h3 class=\"pro_title\"><a href=\"https:\/\/en.siasun.com\/de\/automotive-welding-assembly-line.html\">Montagelinie f\u00fcr Automobilschwei\u00dfer<\/a><\/h3><\/div><\/div><div class=\"product_post   h_w\" ><a href=\"https:\/\/en.siasun.com\/de\/enginespark-plug-assembly-and-screwing.html\" class=\"product_pic postatty\" style=\"max-height:280px;\"\"><img loading=\"lazy\" decoding=\"async\" class=\"lazyload\" src=\"https:\/\/en.siasun.com\/wp-content\/themes\/smartenterprise\/images\/loadings.png\" data-src=\"https:\/\/en.siasun.com\/wp-content\/uploads\/2024\/05\/\u672a\u6807\u9898-2-6.png\" width=\"1000\" height=\"600\" alt=\"Montage und Verschraubung von Z\u00fcndkerzen im Motor\" title=\"Montage und Verschraubung von Z\u00fcndkerzen im Motor\"\/><\/a><div class=\"product_info\"><h3 class=\"pro_title\"><a href=\"https:\/\/en.siasun.com\/de\/enginespark-plug-assembly-and-screwing.html\">Montage und Verschraubung von Z\u00fcndkerzen im Motor<\/a><\/h3><\/div><\/div><div class=\"product_post   h_w\" ><a href=\"https:\/\/en.siasun.com\/de\/welding-and-gluing-of-automotive-body-parts.html\" class=\"product_pic postatty\" style=\"max-height:280px;\"\"><img loading=\"lazy\" decoding=\"async\" class=\"lazyload\" src=\"https:\/\/en.siasun.com\/wp-content\/themes\/smartenterprise\/images\/loadings.png\" data-src=\"https:\/\/en.siasun.com\/wp-content\/uploads\/2024\/05\/\u672a\u6807\u9898-2-3.png\" width=\"1000\" height=\"600\" alt=\"Schwei\u00dfen und Kleben von Karosserieteilen\" title=\"Schwei\u00dfen und Kleben von Karosserieteilen\"\/><\/a><div class=\"product_info\"><h3 class=\"pro_title\"><a href=\"https:\/\/en.siasun.com\/de\/welding-and-gluing-of-automotive-body-parts.html\">Schwei\u00dfen und Kleben von Karosserieteilen<\/a><\/h3><\/div><\/div><div class=\"product_post   h_w\" ><a href=\"https:\/\/en.siasun.com\/de\/electricdrive-nvh-automatic-detection.html\" class=\"product_pic postatty\" style=\"max-height:280px;\"\"><img loading=\"lazy\" decoding=\"async\" class=\"lazyload\" src=\"https:\/\/en.siasun.com\/wp-content\/themes\/smartenterprise\/images\/loadings.png\" data-src=\"https:\/\/en.siasun.com\/wp-content\/uploads\/2024\/05\/\u672a\u6807\u9898-2-2.png\" width=\"1000\" height=\"600\" alt=\"Electricdrive NVH automatische Erkennung\" title=\"Electricdrive NVH automatische Erkennung\"\/><\/a><div class=\"product_info\"><h3 class=\"pro_title\"><a href=\"https:\/\/en.siasun.com\/de\/electricdrive-nvh-automatic-detection.html\">Electricdrive NVH automatische Erkennung<\/a><\/h3><\/div><\/div><div class=\"product_post   h_w\" ><a href=\"https:\/\/en.siasun.com\/de\/automatic-nail-blowing-and-tightening.html\" class=\"product_pic postatty\" style=\"max-height:280px;\"\"><img loading=\"lazy\" decoding=\"async\" class=\"lazyload\" src=\"https:\/\/en.siasun.com\/wp-content\/themes\/smartenterprise\/images\/loadings.png\" data-src=\"https:\/\/en.siasun.com\/wp-content\/uploads\/2024\/05\/1-15.png\" width=\"1000\" height=\"600\" alt=\"Automatisches Anblasen und Festziehen der N\u00e4gel\" title=\"Automatisches Anblasen und Festziehen der N\u00e4gel\"\/><\/a><div class=\"product_info\"><h3 class=\"pro_title\"><a href=\"https:\/\/en.siasun.com\/de\/automatic-nail-blowing-and-tightening.html\">Automatisches Anblasen und Festziehen der N\u00e4gel<\/a><\/h3><\/div><\/div><div class=\"product_post   h_w\" ><a href=\"https:\/\/en.siasun.com\/de\/new-energy-vehicle-e-e-production-automation-solutions.html\" class=\"product_pic postatty\" style=\"max-height:280px;\"\"><img loading=\"lazy\" decoding=\"async\" class=\"lazyload\" src=\"https:\/\/en.siasun.com\/wp-content\/themes\/smartenterprise\/images\/loadings.png\" data-src=\"https:\/\/en.siasun.com\/wp-content\/uploads\/2024\/05\/1-8.png\" width=\"1000\" height=\"600\" alt=\"New Energy Vehicle E\/E productionAutomation Sol...\" title=\"New Energy Vehicle E\/E productionAutomation Sol...\"\/><\/a><div class=\"product_info\"><h3 class=\"pro_title\"><a href=\"https:\/\/en.siasun.com\/de\/new-energy-vehicle-e-e-production-automation-solutions.html\">New Energy Vehicle E\/E productionAutomation Solutions<\/a><\/h3><\/div><\/div><div class=\"product_post   h_w\" ><a href=\"https:\/\/en.siasun.com\/de\/auto-lock-assembly-and-test-line.html\" class=\"product_pic postatty\" style=\"max-height:280px;\"\"><img loading=\"lazy\" decoding=\"async\" class=\"lazyload\" src=\"https:\/\/en.siasun.com\/wp-content\/themes\/smartenterprise\/images\/loadings.png\" data-src=\"https:\/\/en.siasun.com\/wp-content\/uploads\/2024\/05\/\u672a\u6807\u9898-1-2.png\" width=\"1000\" height=\"600\" alt=\"Auto Lock Montage und Testlinie\" title=\"Auto Lock Montage und Testlinie\"\/><\/a><div class=\"product_info\"><h3 class=\"pro_title\"><a href=\"https:\/\/en.siasun.com\/de\/auto-lock-assembly-and-test-line.html\">Auto Lock Montage und Testlinie<\/a><\/h3><\/div><\/div><div class=\"product_post   h_w\" ><a href=\"https:\/\/en.siasun.com\/de\/turbocharger-assembly-and-test-line.html\" class=\"product_pic postatty\" style=\"max-height:280px;\"\"><img loading=\"lazy\" decoding=\"async\" class=\"lazyload\" src=\"https:\/\/en.siasun.com\/wp-content\/themes\/smartenterprise\/images\/loadings.png\" data-src=\"https:\/\/en.siasun.com\/wp-content\/uploads\/2024\/05\/1-6.png\" width=\"1000\" height=\"600\" alt=\"Turbolader-Montage und Testlinie\" title=\"Turbolader-Montage und Testlinie\"\/><\/a><div class=\"product_info\"><h3 class=\"pro_title\"><a href=\"https:\/\/en.siasun.com\/de\/turbocharger-assembly-and-test-line.html\">Turbolader-Montage und Testlinie<\/a><\/h3><\/div><\/div><div class=\"product_post   h_w\" ><a href=\"https:\/\/en.siasun.com\/de\/compressor-stator-and-rotor-assembly-and-test-line.html\" class=\"product_pic postatty\" style=\"max-height:280px;\"\"><img loading=\"lazy\" decoding=\"async\" class=\"lazyload\" src=\"https:\/\/en.siasun.com\/wp-content\/themes\/smartenterprise\/images\/loadings.png\" data-src=\"https:\/\/en.siasun.com\/wp-content\/uploads\/2024\/05\/1-4.png\" width=\"1000\" height=\"600\" alt=\"Montage von Stator und Rotor des Verdichters und Testlinie\" title=\"Montage von Stator und Rotor des Verdichters und Testlinie\"\/><\/a><div class=\"product_info\"><h3 class=\"pro_title\"><a href=\"https:\/\/en.siasun.com\/de\/compressor-stator-and-rotor-assembly-and-test-line.html\">Montage von Stator und Rotor des Verdichters und Testlinie<\/a><\/h3><\/div><\/div><div class=\"product_post   h_w\" ><a href=\"https:\/\/en.siasun.com\/de\/electric-drive-motor-assembly-and-test-line.html\" class=\"product_pic postatty\" style=\"max-height:280px;\"\"><img loading=\"lazy\" decoding=\"async\" class=\"lazyload\" src=\"https:\/\/en.siasun.com\/wp-content\/themes\/smartenterprise\/images\/loadings.png\" data-src=\"https:\/\/en.siasun.com\/wp-content\/uploads\/2024\/05\/1-2.png\" width=\"1000\" height=\"600\" alt=\"Montage und Testlinie f\u00fcr elektrische Antriebsmotoren\" title=\"Montage und Testlinie f\u00fcr elektrische Antriebsmotoren\"\/><\/a><div class=\"product_info\"><h3 class=\"pro_title\"><a href=\"https:\/\/en.siasun.com\/de\/electric-drive-motor-assembly-and-test-line.html\">Montage und Testlinie f\u00fcr elektrische Antriebsmotoren<\/a><\/h3><\/div><\/div><div class=\"product_post   h_w\" ><a href=\"https:\/\/en.siasun.com\/de\/steering-wheel-foam-parts-release-agentspraying.html\" class=\"product_pic postatty\" style=\"max-height:280px;\"\"><img loading=\"lazy\" decoding=\"async\" class=\"lazyload\" src=\"https:\/\/en.siasun.com\/wp-content\/themes\/smartenterprise\/images\/loadings.png\" data-src=\"https:\/\/en.siasun.com\/wp-content\/uploads\/2024\/05\/1-18.png\" width=\"1000\" height=\"600\" alt=\"Lenkradschaumteile TrennmittelSpr\u00fchen\" title=\"Lenkradschaumteile TrennmittelSpr\u00fchen\"\/><\/a><div class=\"product_info\"><h3 class=\"pro_title\"><a href=\"https:\/\/en.siasun.com\/de\/steering-wheel-foam-parts-release-agentspraying.html\">Lenkradschaumteile TrennmittelSpr\u00fchen<\/a><\/h3><\/div><\/div><div class=\"product_post   h_w\" ><a href=\"https:\/\/en.siasun.com\/de\/new-energy-vehicle-trunk-battery-pack-tightening.html\" class=\"product_pic postatty\" style=\"max-height:280px;\"\"><img loading=\"lazy\" decoding=\"async\" class=\"lazyload\" src=\"https:\/\/en.siasun.com\/wp-content\/themes\/smartenterprise\/images\/loadings.png\" data-src=\"https:\/\/en.siasun.com\/wp-content\/uploads\/2024\/05\/\u672a\u6807\u9898-2-5.png\" width=\"1000\" height=\"600\" alt=\"Neue Energie-Fahrzeug-Kofferraum-Batteriepacks versch\u00e4rft\" title=\"Neue Energie-Fahrzeug-Kofferraum-Batteriepacks versch\u00e4rft\"\/><\/a><div class=\"product_info\"><h3 class=\"pro_title\"><a href=\"https:\/\/en.siasun.com\/de\/new-energy-vehicle-trunk-battery-pack-tightening.html\">Neue Energie-Fahrzeug-Kofferraum-Batteriepacks versch\u00e4rft<\/a><\/h3><\/div><\/div><\/div><\/div>\n<\/div>\n<\/div>\n<\/div><div class=\"layout_badh\"><\/div><\/section>","protected":false},"excerpt":{"rendered":"","protected":false},"author":1,"featured_media":0,"parent":0,"menu_order":0,"comment_status":"closed","ping_status":"closed","template":"","meta":{"_seopress_robots_primary_cat":"","_seopress_titles_title":"","_seopress_titles_desc":"","_seopress_robots_index":"","themepark_post_bcolor":"#f5f5f5","themepark_post_width":"100% dong","themepark_post_img":"","themepark_post_img_po":"left","themepark_post_img_re":false,"themepark_post_img_cover":false,"themepark_post_img_fixed":false,"themepark_post_hide_title":true,"themepark_post_main_b":"","themepark_post_main_p":100,"themepark_paddingblock":true,"footnotes":""},"class_list":["post-4240","page","type-page","status-publish","hentry"],"_links":{"self":[{"href":"https:\/\/en.siasun.com\/de\/wp-json\/wp\/v2\/pages\/4240"}],"collection":[{"href":"https:\/\/en.siasun.com\/de\/wp-json\/wp\/v2\/pages"}],"about":[{"href":"https:\/\/en.siasun.com\/de\/wp-json\/wp\/v2\/types\/page"}],"author":[{"embeddable":true,"href":"https:\/\/en.siasun.com\/de\/wp-json\/wp\/v2\/users\/1"}],"replies":[{"embeddable":true,"href":"https:\/\/en.siasun.com\/de\/wp-json\/wp\/v2\/comments?post=4240"}],"version-history":[{"count":18,"href":"https:\/\/en.siasun.com\/de\/wp-json\/wp\/v2\/pages\/4240\/revisions"}],"predecessor-version":[{"id":5043,"href":"https:\/\/en.siasun.com\/de\/wp-json\/wp\/v2\/pages\/4240\/revisions\/5043"}],"wp:attachment":[{"href":"https:\/\/en.siasun.com\/de\/wp-json\/wp\/v2\/media?parent=4240"}],"curies":[{"name":"wp","href":"https:\/\/api.w.org\/{rel}","templated":true}]}}