{"id":3440,"date":"2024-05-10T08:44:32","date_gmt":"2024-05-10T00:44:32","guid":{"rendered":"http:\/\/en.siasun.com\/?page_id=3440"},"modified":"2026-03-31T08:30:36","modified_gmt":"2026-03-31T00:30:36","slug":"collaborative-robot","status":"publish","type":"page","link":"https:\/\/en.siasun.com\/de\/kollaborativer-roboter.html","title":{"rendered":"Kollaborativer Roboter"},"content":{"rendered":"<section class=\"wp-block-themepark-block-themepark-area block_layout thempark-block undefined bom100 top100\" id=\"\" style=\"padding-top:120px;height:350px;box-sizing: border-box;width: 100%;\" data-swiper-parallax=\"-700\"><div class=\"block_layout_in\" style=\"\">\n<div class=\"wp-block-column block_layout_in is-layout-flow wp-block-column-is-layout-flow\">\n<h2 class=\"wp-block-heading has-text-align-center fonts1 has-monte-white-color has-text-color has-large-font-size\" style=\"letter-spacing:5px\"><span style=\"color: rgb(209, 213, 219); font-family: S\u00f6hne, ui-sans-serif, system-ui, -apple-system, &quot;Segoe UI&quot;, Roboto, Ubuntu, Cantarell, &quot;Noto Sans&quot;, sans-serif, &quot;Helvetica Neue&quot;, Arial, &quot;Apple Color Emoji&quot;, &quot;Segoe UI Emoji&quot;, &quot;Segoe UI Symbol&quot;, &quot;Noto Color Emoji&quot;; font-size: 16px; font-style: normal; font-variant-ligatures: normal; font-variant-caps: normal; font-weight: 400; letter-spacing: normal; orphans: 2; text-align: left; text-indent: 0px; text-transform: none; widows: 2; word-spacing: 0px; -webkit-text-stroke-width: 0px; white-space: pre-wrap; background-color: rgb(68, 70, 84); text-decoration-thickness: initial; text-decoration-style: initial; text-decoration-color: initial; display: inline !important; float: none;\"><\/span>Produkt-Center<\/h2>\n\n\n\n<p class=\"has-text-align-center has-monte-white-color has-text-color has-normal-font-size\" style=\"text-transform:none\"><\/p>\n<\/div>\n<\/div><div class=\"layout_badh\"><div class=\"shizhezhao\" style=\"opacity:0.3;background-color:#000000;\"><\/div><div class=\"PcOnly themepark-block_layout_ba lazyload swiper-lazy\" style=\"background-repeat:no-repeat;background-size:cover;\" data-background=\"http:\/\/en.siasun.com\/wp-content\/uploads\/2024\/04\/3279a9b6361f57196f3700d8e2cee5a4.jpg\"><\/div><\/div><\/section>\n\n\n\n<section class=\"wp-block-themepark-block-themepark-area block_layout thempark-block undefined  fonts2\" id=\"\" style=\"background-color:#ffffff;padding-top:8px;\" data-swiper-parallax=\"-700\"><div class=\"block_layout_in\" style=\"\">\n<div class=\"wp-block-column block_layout_in is-layout-flow wp-block-column-is-layout-flow\">\n<div class=\"wp-block-themepark-block-themepark-wright content-super-p\" style=\"font-size:16px;line-height:32px;padding:10px 8px;\">\n<div class=\"wp-block-column is-layout-flow wp-block-column-is-layout-flow\">\n<div class=\"wp-block-themepark-block-themepark-xian theme_fang_out  top10\" style=\"text-align:left;padding-top:33px;padding-bottom:24px;\"><div class=\"fangbox\" style=\"width:48px;height:6px;background-color:#597aab;\"><\/div><\/div>\n\n\n\n<h2 class=\"wp-block-heading fonts1 has-text-color has-link-color has-large-font-size wp-elements-f75a5bea8eab407aa26727aff082a66f\" style=\"color:#363636;font-style:normal;font-weight:800;letter-spacing:0px;text-transform:capitalize\">Cobot der Serie GCR<\/h2>\n\n\n\n<p><\/p>\n\n\n\n<p class=\"fonts2\" style=\"font-size:16px\">Der DUCO Cobot der Serie GCR ist ein Beispiel f\u00fcr eine vielseitige 6-achsige kollaborative Roboterl\u00f6sung, die Attribute wie Sicherheit, m\u00fchelose Bedienung, schnellen Einsatz und minimalen Stromverbrauch verk\u00f6rpert. Er bietet erhebliche Vorteile in Bezug auf Tragf\u00e4higkeit und Arbeitsradius und erm\u00f6glicht eine nahtlose Anpassung an eine Vielzahl von Anwendungsanforderungen.<\/p>\n\n\n\n<section class=\"wp-block-themepark-block-themepark-area block_layout thempark-block undefined\" id=\"\" style=\"padding-bottom:20px;padding-top:21px;\" data-swiper-parallax=\"-700\"><div class=\"block_layout_in\" style=\"\">\n<div class=\"wp-block-column block_layout_in is-layout-flow wp-block-column-is-layout-flow\"><\/div>\n<\/div><div class=\"layout_badh\"><\/div><\/section>\n\n\n\n<p class=\"has-large-font-size\"><\/p>\n\n\n<div class=\"product_loop   mian_loop\" id=\"pro_list_5\"><div class=\"product_post   h_w\" ><a href=\"https:\/\/en.siasun.com\/de\/gcr3-618.html\" class=\"product_pic postatty\" style=\"max-height:150px;\"\"><img loading=\"lazy\" decoding=\"async\" class=\"lazyload\" src=\"https:\/\/en.siasun.com\/wp-content\/themes\/smartenterprise\/images\/loadings.png\" data-src=\"https:\/\/en.siasun.com\/wp-content\/uploads\/2026\/03\/GCR3-620.jpg\" width=\"300\" height=\"150\" alt=\"GCR3-618\" title=\"GCR3-618\"\/><\/a><div class=\"product_info\"><h3 class=\"pro_title\"><a href=\"https:\/\/en.siasun.com\/de\/gcr3-618.html\">GCR3-618<\/a><\/h3><ul class=\"param\"><li><span>Maximale Nutzlast\uff1a<\/span><span>3kg<\/span><\/li><li><span>Erreichen\uff1a<\/span><span>618mm<\/span><\/li><\/ul><\/div><\/div><div class=\"product_post   h_w\" ><a href=\"https:\/\/en.siasun.com\/de\/gcr5-910-2.html\" class=\"product_pic postatty\" style=\"max-height:150px;\"\"><img loading=\"lazy\" decoding=\"async\" class=\"lazyload\" src=\"https:\/\/en.siasun.com\/wp-content\/themes\/smartenterprise\/images\/loadings.png\" data-src=\"https:\/\/en.siasun.com\/wp-content\/uploads\/2026\/03\/GCR5-910.jpg\" width=\"300\" height=\"150\" alt=\"GCR5-910\" title=\"GCR5-910\"\/><\/a><div class=\"product_info\"><h3 class=\"pro_title\"><a href=\"https:\/\/en.siasun.com\/de\/gcr5-910-2.html\">GCR5-910<\/a><\/h3><ul class=\"param\"><li><span>Maximale Nutzlast\uff1a<\/span><span>5kg<\/span><\/li><li><span>Erreichen\uff1a<\/span><span>917mm<\/span><\/li><\/ul><\/div><\/div><div class=\"product_post   h_w\" ><a href=\"https:\/\/en.siasun.com\/de\/gcr7-910-2.html\" class=\"product_pic postatty\" style=\"max-height:150px;\"\"><img loading=\"lazy\" decoding=\"async\" class=\"lazyload\" src=\"https:\/\/en.siasun.com\/wp-content\/themes\/smartenterprise\/images\/loadings.png\" data-src=\"https:\/\/en.siasun.com\/wp-content\/uploads\/2026\/03\/GCR5-910-1.jpg\" width=\"300\" height=\"150\" alt=\"GCR7-910\" title=\"GCR7-910\"\/><\/a><div class=\"product_info\"><h3 class=\"pro_title\"><a href=\"https:\/\/en.siasun.com\/de\/gcr7-910-2.html\">GCR7-910<\/a><\/h3><ul class=\"param\"><li><span>Maximale Nutzlast\uff1a<\/span><span>7kg<\/span><\/li><li><span>Erreichen\uff1a<\/span><span>917mm<\/span><\/li><\/ul><\/div><\/div><div class=\"product_post   h_w\" ><a href=\"https:\/\/en.siasun.com\/de\/gcr10-1300-2.html\" class=\"product_pic postatty\" style=\"max-height:150px;\"\"><img loading=\"lazy\" decoding=\"async\" class=\"lazyload\" src=\"https:\/\/en.siasun.com\/wp-content\/themes\/smartenterprise\/images\/loadings.png\" data-src=\"https:\/\/en.siasun.com\/wp-content\/uploads\/2026\/03\/GCR10.3-\u8f74\u4fa72.2022-04-29.96.jpg\" width=\"300\" height=\"150\" alt=\"GCR10-1300\" title=\"GCR10-1300\"\/><\/a><div class=\"product_info\"><h3 class=\"pro_title\"><a href=\"https:\/\/en.siasun.com\/de\/gcr10-1300-2.html\">GCR10-1300<\/a><\/h3><ul class=\"param\"><li><span>Maximale Nutzlast\uff1a<\/span><span>10kg<\/span><\/li><li><span>Erreichen\uff1a<\/span><span>1300mm<\/span><\/li><\/ul><\/div><\/div><div class=\"product_post   h_w\" ><a href=\"https:\/\/en.siasun.com\/de\/gcr12-1300-2.html\" class=\"product_pic postatty\" style=\"max-height:150px;\"\"><img loading=\"lazy\" decoding=\"async\" class=\"lazyload\" src=\"https:\/\/en.siasun.com\/wp-content\/themes\/smartenterprise\/images\/loadings.png\" data-src=\"https:\/\/en.siasun.com\/wp-content\/uploads\/2026\/03\/GCR10.3-\u8f74\u4fa72.2022-04-29.96.jpg\" width=\"300\" height=\"150\" alt=\"GCR12-1300\" title=\"GCR12-1300\"\/><\/a><div class=\"product_info\"><h3 class=\"pro_title\"><a href=\"https:\/\/en.siasun.com\/de\/gcr12-1300-2.html\">GCR12-1300<\/a><\/h3><ul class=\"param\"><li><span>Maximale Nutzlast\uff1a<\/span><span>12kg<\/span><\/li><li><span>Erreichen\uff1a<\/span><span>1300mm<\/span><\/li><\/ul><\/div><\/div><div class=\"product_post   h_w\" ><a href=\"https:\/\/en.siasun.com\/de\/gcr16-960-2.html\" class=\"product_pic postatty\" style=\"max-height:150px;\"\"><img loading=\"lazy\" decoding=\"async\" class=\"lazyload\" src=\"https:\/\/en.siasun.com\/wp-content\/themes\/smartenterprise\/images\/loadings.png\" data-src=\"https:\/\/en.siasun.com\/wp-content\/uploads\/2026\/03\/GCR16.\u76f8\u673a.16-3.-\u6e32\u67d3\u7f16\u53f7.9.jpg\" width=\"300\" height=\"150\" alt=\"GCR16-960\" title=\"GCR16-960\"\/><\/a><div class=\"product_info\"><h3 class=\"pro_title\"><a href=\"https:\/\/en.siasun.com\/de\/gcr16-960-2.html\">GCR16-960<\/a><\/h3><ul class=\"param\"><li><span>Maximale Nutzlast\uff1a<\/span><span>16kg<\/span><\/li><li><span>Erreichen\uff1a<\/span><span>960mm<\/span><\/li><\/ul><\/div><\/div><div class=\"product_post   h_w\" ><a href=\"https:\/\/en.siasun.com\/de\/gcr16-2000-2.html\" class=\"product_pic postatty\" style=\"max-height:150px;\"\"><img loading=\"lazy\" decoding=\"async\" class=\"lazyload\" src=\"https:\/\/en.siasun.com\/wp-content\/themes\/smartenterprise\/images\/loadings.png\" data-src=\"https:\/\/en.siasun.com\/wp-content\/uploads\/2026\/03\/GCR10-2000-\u767d.\u76f8\u673a.10-20-3.-\u6e32\u67d3\u7f16\u53f7.52.jpg\" width=\"300\" height=\"150\" alt=\"GCR16-2000\" title=\"GCR16-2000\"\/><\/a><div class=\"product_info\"><h3 class=\"pro_title\"><a href=\"https:\/\/en.siasun.com\/de\/gcr16-2000-2.html\">GCR16-2000<\/a><\/h3><ul class=\"param\"><li><span>Maximale Nutzlast\uff1a<\/span><span>16kg<\/span><\/li><li><span>Erreichen\uff1a<\/span><span>2000mm<\/span><\/li><\/ul><\/div><\/div><div class=\"product_post   h_w\" ><a href=\"https:\/\/en.siasun.com\/de\/gcr20-1400-2.html\" class=\"product_pic postatty\" style=\"max-height:150px;\"\"><img loading=\"lazy\" decoding=\"async\" class=\"lazyload\" src=\"https:\/\/en.siasun.com\/wp-content\/themes\/smartenterprise\/images\/loadings.png\" data-src=\"https:\/\/en.siasun.com\/wp-content\/uploads\/2026\/03\/20260331-101721.jpg\" width=\"300\" height=\"150\" alt=\"GCR20-1400\" title=\"GCR20-1400\"\/><\/a><div class=\"product_info\"><h3 class=\"pro_title\"><a href=\"https:\/\/en.siasun.com\/de\/gcr20-1400-2.html\">GCR20-1400<\/a><\/h3><ul class=\"param\"><li><span>Maximale Nutzlast\uff1a<\/span><span>20kg<\/span><\/li><li><span>Erreichen\uff1a<\/span><span>1400mm<\/span><\/li><\/ul><\/div><\/div><div class=\"product_post   h_w\" ><a href=\"https:\/\/en.siasun.com\/de\/gcr25-1800-2.html\" class=\"product_pic postatty\" style=\"max-height:150px;\"\"><img loading=\"lazy\" decoding=\"async\" class=\"lazyload\" src=\"https:\/\/en.siasun.com\/wp-content\/themes\/smartenterprise\/images\/loadings.png\" data-src=\"https:\/\/en.siasun.com\/wp-content\/uploads\/2026\/03\/GCR25.\u76f8\u673a.10-20-3.-\u6e32\u67d3\u7f16\u53f7.3.jpg\" width=\"300\" height=\"150\" alt=\"GCR25-1800\" title=\"GCR25-1800\"\/><\/a><div class=\"product_info\"><h3 class=\"pro_title\"><a href=\"https:\/\/en.siasun.com\/de\/gcr25-1800-2.html\">GCR25-1800<\/a><\/h3><ul class=\"param\"><li><span>Maximale Nutzlast\uff1a<\/span><span>25kg<\/span><\/li><li><span>Erreichen\uff1a<\/span><span>1800mm<\/span><\/li><\/ul><\/div><\/div><div class=\"product_post   h_w\" ><a href=\"https:\/\/en.siasun.com\/de\/gcr30-1100-2.html\" class=\"product_pic postatty\" style=\"max-height:150px;\"\"><img loading=\"lazy\" decoding=\"async\" class=\"lazyload\" src=\"https:\/\/en.siasun.com\/wp-content\/themes\/smartenterprise\/images\/loadings.png\" data-src=\"https:\/\/en.siasun.com\/wp-content\/uploads\/2026\/03\/GCR35.\u76f8\u673a.16-3.\u6e32\u67d3\u7f16\u53f7.51.jpg\" width=\"300\" height=\"150\" alt=\"GCR30-1100\" title=\"GCR30-1100\"\/><\/a><div class=\"product_info\"><h3 class=\"pro_title\"><a href=\"https:\/\/en.siasun.com\/de\/gcr30-1100-2.html\">GCR30-1100<\/a><\/h3><ul class=\"param\"><li><span>Maximale Nutzlast\uff1a<\/span><span>30kg<\/span><\/li><li><span>Erreichen\uff1a<\/span><span>1100mm<\/span><\/li><\/ul><\/div><\/div><\/div>\n\n\n<p class=\"has-large-font-size\"><\/p>\n\n\n\n<p class=\"has-large-font-size\"><\/p>\n<\/div>\n<\/div>\n<\/div>\n<\/div><div class=\"layout_badh\"><\/div><\/section>","protected":false},"excerpt":{"rendered":"","protected":false},"author":1,"featured_media":0,"parent":0,"menu_order":0,"comment_status":"open","ping_status":"closed","template":"","meta":{"_seopress_robots_primary_cat":"","_seopress_titles_title":"","_seopress_titles_desc":"","_seopress_robots_index":"","themepark_post_bcolor":"#f5f5f5","themepark_post_width":"100% dong","themepark_post_img":"","themepark_post_img_po":"left","themepark_post_img_re":false,"themepark_post_img_cover":false,"themepark_post_img_fixed":false,"themepark_post_hide_title":true,"themepark_post_main_b":"","themepark_post_main_p":100,"themepark_paddingblock":true,"footnotes":""},"class_list":["post-3440","page","type-page","status-publish","hentry"],"_links":{"self":[{"href":"https:\/\/en.siasun.com\/de\/wp-json\/wp\/v2\/pages\/3440"}],"collection":[{"href":"https:\/\/en.siasun.com\/de\/wp-json\/wp\/v2\/pages"}],"about":[{"href":"https:\/\/en.siasun.com\/de\/wp-json\/wp\/v2\/types\/page"}],"author":[{"embeddable":true,"href":"https:\/\/en.siasun.com\/de\/wp-json\/wp\/v2\/users\/1"}],"replies":[{"embeddable":true,"href":"https:\/\/en.siasun.com\/de\/wp-json\/wp\/v2\/comments?post=3440"}],"version-history":[{"count":11,"href":"https:\/\/en.siasun.com\/de\/wp-json\/wp\/v2\/pages\/3440\/revisions"}],"predecessor-version":[{"id":6769,"href":"https:\/\/en.siasun.com\/de\/wp-json\/wp\/v2\/pages\/3440\/revisions\/6769"}],"wp:attachment":[{"href":"https:\/\/en.siasun.com\/de\/wp-json\/wp\/v2\/media?parent=3440"}],"curies":[{"name":"wp","href":"https:\/\/api.w.org\/{rel}","templated":true}]}}